{"id":112398,"date":"2022-05-24T00:00:00","date_gmt":"2022-05-24T05:00:00","guid":{"rendered":"http:\/\/gpl-love.com\/es\/producto\/medicare-doctor-medical-y-healthcare\/"},"modified":"2026-03-13T17:24:20","modified_gmt":"2026-03-13T22:24:20","slug":"medicare-doctor-medical-y-healthcare","status":"publish","type":"product","link":"https:\/\/gpl-love.com\/es\/producto\/medicare-doctor-medical-y-healthcare\/","title":{"rendered":"Medicare Doctor Medical y Healthcare 1.9.5"},"content":{"rendered":"<h3>Medicare Doctor Medical y Healthcare Caracteristicas<\/h3>\n<p>El software m\u00e9dico y de atenci\u00f3n m\u00e9dica de Medicare Doctor, con su amplia gama de caracter\u00edsticas y funcionalidades, sirve como una soluci\u00f3n integral meticulosamente elaborada para optimizar y optimizar el intrincado reino de la gesti\u00f3n de la salud espec\u00edficamente para m\u00e9dicos y profesionales m\u00e9dicos. Este innovador software faculta a los m\u00e9dicos al equiparlos con la capacidad de acceder y recuperar los registros de los pacientes, programar citas de manera eficiente y administrar efectivamente el reino complicado de la facturaci\u00f3n m\u00e9dica y las reclamaciones. El software m\u00e9dico y de atenci\u00f3n m\u00e9dica de Medicare Doctor cuenta con una interfaz de usuario dise\u00f1ada intuitivamente, construida meticulosamente para simplificar el proceso de gesti\u00f3n de salud inherentemente complejo, lo que permite a los m\u00e9dicos dedicar su tiempo y energ\u00eda al aspecto por excelencia de su noble profesi\u00f3n, que ofrece una calidad superior y sin igual de calidad sin igual de alta calidad. atenci\u00f3n m\u00e9dica a sus valiosos pacientes. En virtud de este software innovador y de vanguardia, los profesionales m\u00e9dicos est\u00e1n habilitados para administrar y supervisar todas las facetas de su pr\u00e1ctica, desde la provisi\u00f3n de atenci\u00f3n ejemplar del paciente hasta la gesti\u00f3n efectiva de las tareas administrativas, fomentando as\u00ed el cultivo de mejorado mejorado Los resultados del paciente alivian simult\u00e1neamente la carga de carga impuesta por las responsabilidades administrativas.<\/p>\n<ul>\n<li>Cobertura integral de Medicare para visitas al m\u00e9dico y atenci\u00f3n m\u00e9dica<\/li>\n<li>Acceso a una amplia red de proveedores de atenci\u00f3n m\u00e9dica<\/li>\n<li>Sin deducibles o copagos para servicios preventivos<\/li>\n<li>Cobertura de medicamentos recetados incluida<\/li>\n<li>Opci\u00f3n para una cobertura suplementaria adicional<\/li>\n<li>Asistencia para navegar por el sistema de Medicare<\/li>\n<li>Cobertura de equipos y suministros m\u00e9dicos<\/li>\n<li>Soporte para la gesti\u00f3n de condiciones cr\u00f3nicas<\/li>\n<li>Opciones de telesalud y consulta virtual disponibles<\/li>\n<li>Tranquilidad y seguridad financiera para los beneficiarios de Medicare.<\/li>\n<\/ul>\n","protected":false},"excerpt":{"rendered":"<p>\u00bfEst\u00e1 en busca de servicios m\u00e9dicos y de salud premium que se adapten espec\u00edficamente para satisfacer las necesidades de los beneficiarios de Medicare? Su b\u00fasqueda termina con el m\u00e9dico de Medicare, donde encontrar\u00e1 un equipo altamente calificado de m\u00e9dicos experimentados y profesionales de la salud que est\u00e1n inquebrantablemente comprometidos a brindar atenci\u00f3n excepcional a las personas cubiertas por Medicare. Ya sea que necesite medidas preventivas proactivas, manejo integral de enfermedades cr\u00f3nicas o opciones de tratamiento especializadas, nuestro equipo dedicado est\u00e1 f\u00e1cilmente disponible para ofrecer su ayuda. Tenga la seguridad de que somos la opci\u00f3n confiable cuando se trata de proporcionar la atenci\u00f3n m\u00e9dica y el apoyo necesarios para mantener su salud y bienestar general.<\/p>\n","protected":false},"featured_media":166726,"comment_status":"open","ping_status":"open","template":"","meta":[],"product_brand":[2337],"product_cat":[1307,1237,1238],"product_tag":[1391],"class_list":{"0":"post-112398","1":"product","2":"type-product","3":"status-publish","4":"has-post-thumbnail","6":"product_brand-themeforest","7":"product_cat-negocio-wordpress-temas","8":"product_cat-temas","9":"product_cat-wordpress-temas","10":"product_tag-themeforest","11":"member-discount","12":"discount-restricted","14":"first","15":"instock","16":"sale","17":"downloadable","18":"virtual","19":"sold-individually","20":"purchasable","21":"product-type-simple"},"_links":{"self":[{"href":"https:\/\/gpl-love.com\/es\/wp-json\/wp\/v2\/product\/112398","targetHints":{"allow":["GET"]}}],"collection":[{"href":"https:\/\/gpl-love.com\/es\/wp-json\/wp\/v2\/product"}],"about":[{"href":"https:\/\/gpl-love.com\/es\/wp-json\/wp\/v2\/types\/product"}],"replies":[{"embeddable":true,"href":"https:\/\/gpl-love.com\/es\/wp-json\/wp\/v2\/comments?post=112398"}],"wp:featuredmedia":[{"embeddable":true,"href":"https:\/\/gpl-love.com\/es\/wp-json\/wp\/v2\/media\/166726"}],"wp:attachment":[{"href":"https:\/\/gpl-love.com\/es\/wp-json\/wp\/v2\/media?parent=112398"}],"wp:term":[{"taxonomy":"product_brand","embeddable":true,"href":"https:\/\/gpl-love.com\/es\/wp-json\/wp\/v2\/product_brand?post=112398"},{"taxonomy":"product_cat","embeddable":true,"href":"https:\/\/gpl-love.com\/es\/wp-json\/wp\/v2\/product_cat?post=112398"},{"taxonomy":"product_tag","embeddable":true,"href":"https:\/\/gpl-love.com\/es\/wp-json\/wp\/v2\/product_tag?post=112398"}],"curies":[{"name":"wp","href":"https:\/\/api.w.org\/{rel}","templated":true}]}}