{"id":112396,"date":"2021-12-03T00:00:00","date_gmt":"2021-12-03T05:00:00","guid":{"rendered":"http:\/\/gpl-love.com\/es\/producto\/digeco-startup-agency-wordpress-tema\/"},"modified":"2026-03-13T17:19:12","modified_gmt":"2026-03-13T22:19:12","slug":"digeco-startup-agency-wordpress-tema","status":"publish","type":"product","link":"https:\/\/gpl-love.com\/es\/producto\/digeco-startup-agency-wordpress-tema\/","title":{"rendered":"Digeco Startup Agency WordPress Theme 1.7.6"},"content":{"rendered":"<h3>Digeco Startup Agency WordPress Theme Caracteristicas<\/h3>\n<p>El tema de WordPress de la Agencia de Startups Digeco, con una variedad de opciones personalizables, representa la mejor soluci\u00f3n para empresas de inicio y agencias digitales por igual en su b\u00fasqueda para construir un sitio web profesional y contempor\u00e1neo. Su dise\u00f1o, caracterizado por su elegancia y limpieza, facilita la creaci\u00f3n de una presencia en l\u00ednea distinta y cautivadora. Equipado con p\u00e1ginas y plantillas preconstruidas, este tema simplifica las etapas iniciales del desarrollo del sitio web, mientras que su dise\u00f1o totalmente receptivo garantiza una experiencia visual excepcional en todos los dispositivos. Adem\u00e1s, Digeco incorpora una multitud de caracter\u00edsticas potentes, incluida la integraci\u00f3n perfecta con complementos prominentes como WooCommerce, Elementor y el Formulario de contacto 7. Con Digeco a su disposici\u00f3n, estableciendo y promocionando la identidad de su marca, atrayendo nuevos clientes y, finalmente, expandir su negocio se convierte en un negocio. esfuerzo sin esfuerzo y eficiente.<\/p>\n<ul>\n<li>Plantilla de sitio web f\u00e1cil de usar y f\u00e1cil de navegar<\/li>\n<li>Dise\u00f1o vers\u00e1til adecuado para cualquier agencia de inicio o peque\u00f1a empresa<\/li>\n<li>Dise\u00f1os y esquemas de color totalmente personalizables<\/li>\n<li>Compatible con m\u00faltiples navegadores y dispositivos web<\/li>\n<li>Optimizaci\u00f3n de SEO integrada para impulsar la visibilidad del sitio web<\/li>\n<li>P\u00e1ginas preconstruidas para servicios, cartera, sobre nosotros y contacto<\/li>\n<li>Instalaci\u00f3n de contenido de demostraci\u00f3n de un solo clic para una configuraci\u00f3n r\u00e1pida y f\u00e1cil<\/li>\n<li>Acceso a cientos de fuentes de Google y bibliotecas de iconos<\/li>\n<li>Complementos premium incluidos para una funcionalidad adicional<\/li>\n<li>Actualizaciones regulares y atenci\u00f3n al cliente proporcionadas por el equipo de Digeco.<\/li>\n<\/ul>\n","protected":false},"excerpt":{"rendered":"<p>Experimente una poderosa soluci\u00f3n todo en uno para su negocio con el tema de WordPress de la Agencia de Startups de Digeco. Este tema es un conjunto de herramientas vers\u00e1til para nuevas empresas y agencias digitales, dise\u00f1ado para optimizar el proceso de creaci\u00f3n de su sitio web. Ofreciendo una gama de opciones de personalizaci\u00f3n, Digeco garantiza que su marca se destaque en l\u00ednea.<\/p>\n<p>El tema est\u00e1 lleno de complementos premium como Slider Revolution y Elementor Page Builder, proporcionando una interfaz f\u00e1cil de usar para dise\u00f1ar sus p\u00e1ginas. Con su dise\u00f1o receptivo, su sitio se ver\u00e1 impresionante en todos los dispositivos. El tema tambi\u00e9n se beneficia de la integraci\u00f3n de WooCommerce, perfecto para las empresas que buscan incluir una tienda en l\u00ednea.<\/p>\n<p>El tema de Digeco ofrece varios dise\u00f1os y plantillas, incluidos dise\u00f1os de blog, dise\u00f1os de cartera y p\u00e1ginas de tiendas, lo que le permite mostrar su trabajo y productos con estilo. Tambi\u00e9n viene con una funci\u00f3n de importaci\u00f3n de demostraci\u00f3n con un solo clic para ayudarlo a comenzar.<\/p>\n<p>Invierta en el tema de WordPress de la agencia de inicio de Digeco y cree un sitio web que resuene con la misi\u00f3n y la visi\u00f3n de su startup.<\/p>\n","protected":false},"featured_media":165767,"comment_status":"open","ping_status":"open","template":"","meta":[],"product_brand":[2337],"product_cat":[1307,1237,1238],"product_tag":[1391],"class_list":{"0":"post-112396","1":"product","2":"type-product","3":"status-publish","4":"has-post-thumbnail","6":"product_brand-themeforest","7":"product_cat-negocio-wordpress-temas","8":"product_cat-temas","9":"product_cat-wordpress-temas","10":"product_tag-themeforest","11":"member-discount","12":"discount-restricted","14":"first","15":"instock","16":"sale","17":"downloadable","18":"virtual","19":"sold-individually","20":"purchasable","21":"product-type-simple"},"_links":{"self":[{"href":"https:\/\/gpl-love.com\/es\/wp-json\/wp\/v2\/product\/112396","targetHints":{"allow":["GET"]}}],"collection":[{"href":"https:\/\/gpl-love.com\/es\/wp-json\/wp\/v2\/product"}],"about":[{"href":"https:\/\/gpl-love.com\/es\/wp-json\/wp\/v2\/types\/product"}],"replies":[{"embeddable":true,"href":"https:\/\/gpl-love.com\/es\/wp-json\/wp\/v2\/comments?post=112396"}],"wp:featuredmedia":[{"embeddable":true,"href":"https:\/\/gpl-love.com\/es\/wp-json\/wp\/v2\/media\/165767"}],"wp:attachment":[{"href":"https:\/\/gpl-love.com\/es\/wp-json\/wp\/v2\/media?parent=112396"}],"wp:term":[{"taxonomy":"product_brand","embeddable":true,"href":"https:\/\/gpl-love.com\/es\/wp-json\/wp\/v2\/product_brand?post=112396"},{"taxonomy":"product_cat","embeddable":true,"href":"https:\/\/gpl-love.com\/es\/wp-json\/wp\/v2\/product_cat?post=112396"},{"taxonomy":"product_tag","embeddable":true,"href":"https:\/\/gpl-love.com\/es\/wp-json\/wp\/v2\/product_tag?post=112396"}],"curies":[{"name":"wp","href":"https:\/\/api.w.org\/{rel}","templated":true}]}}