{"id":112391,"date":"2021-05-20T00:00:00","date_gmt":"2021-05-20T05:00:00","guid":{"rendered":"http:\/\/gpl-love.com\/es\/producto\/atomlab-multi-purpose-startup-wordpress-tema\/"},"modified":"2026-03-13T17:16:01","modified_gmt":"2026-03-13T22:16:01","slug":"atomlab-multi-purpose-startup-wordpress-tema","status":"publish","type":"product","link":"https:\/\/gpl-love.com\/es\/producto\/atomlab-multi-purpose-startup-wordpress-tema\/","title":{"rendered":"Atomlab Multi-Purpose Startup WordPress Theme 1.9.1"},"content":{"rendered":"<h3>Atomlab Multi-Purpose Startup WordPress Theme Caracteristicas<\/h3>\n<p>El tema de WordPress de WordPress multiprop\u00f3sito AtomLab es una soluci\u00f3n extremadamente integral y vers\u00e1til que atiende a las personas que buscan fabricar un sitio web sofisticado y pulido para su floreciente empresa de inicio. Este notable tema ofrece una amplia variedad de caracter\u00edsticas y opciones de personalizaci\u00f3n, que abarca una variedad de plantillas predise\u00f1adas, widgets y una selecci\u00f3n infinita de esquemas de color. En particular, este tema cuenta con plena capacidad de respuesta, asegurando que su sitio web mantenga su esplendor en todos los dispositivos, al tiempo que optimiza simult\u00e1neamente su visibilidad en los motores de b\u00fasqueda, facilitando as\u00ed el descubrimiento de su negocio por posible clientela. Al emplear el tema de AtomLab, posee la capacidad de forjar un sitio web impresionante que muestra expertos en la amplia gama de servicios y productos ofrecidos por su empresa, cautivando a los clientes novedosos y, en \u00faltima instancia, impulsando su inicio hacia el triunfo y la prosperidad.<\/p>\n<ul>\n<li>Un tema de WordPress vers\u00e1til y flexible dise\u00f1ado espec\u00edficamente para startups<\/li>\n<li>Incluye m\u00faltiples dise\u00f1os predise\u00f1ados para p\u00e1ginas de inicio, carteras y p\u00e1ginas de blogs<\/li>\n<li>Soporte incorporado para varios complementos que incluyen WooCommerce para la funcionalidad de comercio electr\u00f3nico<\/li>\n<li>El dise\u00f1o totalmente receptivo garantiza que su sitio web se vea genial en todos los dispositivos<\/li>\n<li>F\u00e1cil de personalizar con el creador de p\u00e1ginas de arrastrar y soltar incluido y un poderoso panel de opciones de temas<\/li>\n<li>El c\u00f3digo amigable para SEO garantiza que su sitio web se ubique bien en los resultados del motor de b\u00fasqueda<\/li>\n<li>Incluye la instalaci\u00f3n de demostraci\u00f3n de un solo clic para configurar r\u00e1pidamente su sitio web<\/li>\n<li>Actualizaciones regulares y soporte continuo del equipo de AtomLab<\/li>\n<li>El soporte de varios idiomas le permite llegar a una audiencia global<\/li>\n<li>Se integra con varias plataformas de redes sociales para ayudarlo a promover su negocio y conectarse con su audiencia<\/li>\n<\/ul>\n","protected":false},"excerpt":{"rendered":"<p>Presentaci\u00f3n de AtomLab, un tema de WordPress de WordPress de m\u00faltiples usos dise\u00f1ado con sus necesidades comerciales en mente. Ya sea que est\u00e9 lanzando una startup tecnol\u00f3gica, una tienda de comercio electr\u00f3nico o una agencia creativa, AtomLab est\u00e1 totalmente equipado para satisfacer sus demandas \u00fanicas. Disfrute de la personalizaci\u00f3n perfecta con opciones de temas avanzados y una variedad de dise\u00f1os predise\u00f1ados. El dise\u00f1o receptivo de AtomLab garantiza que su sitio se vea genial en cualquier dispositivo, mientras que su estructura amigable con SEO ayuda a aumentar su presencia en l\u00ednea. Con AtomLab, tambi\u00e9n obtiene complementos premium y actualizaciones regulares para mantener su sitio en su mejor momento. Adem\u00e1s, nuestro equipo de apoyo dedicado siempre est\u00e1 listo para ayudarlo. AtomLab no es solo un tema, es la herramienta perfecta para que su inicio brille.<\/p>\n","protected":false},"featured_media":165406,"comment_status":"open","ping_status":"open","template":"","meta":[],"product_brand":[2337],"product_cat":[1239,1237,1238],"product_tag":[1391],"class_list":{"0":"post-112391","1":"product","2":"type-product","3":"status-publish","4":"has-post-thumbnail","6":"product_brand-themeforest","7":"product_cat-de-multiples-fines","8":"product_cat-temas","9":"product_cat-wordpress-temas","10":"product_tag-themeforest","11":"member-discount","12":"discount-restricted","14":"first","15":"instock","16":"sale","17":"downloadable","18":"virtual","19":"sold-individually","20":"purchasable","21":"product-type-simple"},"_links":{"self":[{"href":"https:\/\/gpl-love.com\/es\/wp-json\/wp\/v2\/product\/112391","targetHints":{"allow":["GET"]}}],"collection":[{"href":"https:\/\/gpl-love.com\/es\/wp-json\/wp\/v2\/product"}],"about":[{"href":"https:\/\/gpl-love.com\/es\/wp-json\/wp\/v2\/types\/product"}],"replies":[{"embeddable":true,"href":"https:\/\/gpl-love.com\/es\/wp-json\/wp\/v2\/comments?post=112391"}],"wp:featuredmedia":[{"embeddable":true,"href":"https:\/\/gpl-love.com\/es\/wp-json\/wp\/v2\/media\/165406"}],"wp:attachment":[{"href":"https:\/\/gpl-love.com\/es\/wp-json\/wp\/v2\/media?parent=112391"}],"wp:term":[{"taxonomy":"product_brand","embeddable":true,"href":"https:\/\/gpl-love.com\/es\/wp-json\/wp\/v2\/product_brand?post=112391"},{"taxonomy":"product_cat","embeddable":true,"href":"https:\/\/gpl-love.com\/es\/wp-json\/wp\/v2\/product_cat?post=112391"},{"taxonomy":"product_tag","embeddable":true,"href":"https:\/\/gpl-love.com\/es\/wp-json\/wp\/v2\/product_tag?post=112391"}],"curies":[{"name":"wp","href":"https:\/\/api.w.org\/{rel}","templated":true}]}}