{"id":112382,"date":"2022-01-20T00:00:00","date_gmt":"2022-01-20T05:00:00","guid":{"rendered":"http:\/\/gpl-love.com\/es\/producto\/wp-mega-menu-pro-responsive-mega-menu-plugin-para-wordpress\/"},"modified":"2026-03-09T08:28:57","modified_gmt":"2026-03-09T13:28:57","slug":"wp-mega-menu-pro-responsive-mega-menu-plugin-para-wordpress","status":"publish","type":"product","link":"https:\/\/gpl-love.com\/es\/producto\/wp-mega-menu-pro-responsive-mega-menu-plugin-para-wordpress\/","title":{"rendered":"WP Mega Menu Pro Responsive Mega Menu Plugin para WordPress 2.1.7"},"content":{"rendered":"<h3>WP Mega Menu Pro Responsive Mega Menu Plugin para WordPress Caracteristicas<\/h3>\n<p>El WP Mega Menu Pro, que es un complemento excepcional especialmente dise\u00f1ado para sitios web de WordPress, ofrece un men\u00fa Mega incre\u00edblemente receptivo y ampliamente personalizable. Su interfaz altamente intuitiva le permite crear sin esfuerzo un men\u00fa visualmente impresionante y notablemente funcional, mejorando significativamente la navegaci\u00f3n general de su estimado sitio web. Este complemento presenta una gran cantidad de opciones de personalizaci\u00f3n, que abarca una variedad de iconos, colores vibrantes, fuentes cautivadoras y animaciones cautivadoras. Adem\u00e1s, cuenta con caracter\u00edsticas de primer nivel, como la capacidad de crear men\u00fas de nivel m\u00faltiple, la capacidad de pegar men\u00fas en la parte superior de la p\u00e1gina y la opci\u00f3n de agrupar elementos de men\u00fa individuales. Al facilitar sin problemas el viaje de navegaci\u00f3n de sus visitantes, el WP Mega Menu Pro garantiza una facilidad y comodidad incomparables cuando se trata de navegar en su sitio web.<\/p>\n<ul>\n<li>Complemento de men\u00fa de mega totalmente receptivo para sitios web de WordPress<\/li>\n<li>Permite la creaci\u00f3n f\u00e1cil de men\u00fas personalizados con varios dise\u00f1os y estilos.<\/li>\n<li>Ofrece una amplia gama de opciones para configurar elementos de men\u00fa, incluidas im\u00e1genes, iconos y submenus<\/li>\n<li>Admite integraci\u00f3n con publicaciones de WordPress, p\u00e1ginas y tipos de publicaciones personalizadas<\/li>\n<li>Da el control de los usuarios sobre el comportamiento del men\u00fa con opciones de animaci\u00f3n, tiempo y efectos de desplazamiento<\/li>\n<li>Incluye soporte para men\u00fas multinivel con animaciones y estilos personalizados.<\/li>\n<li>Ofrece m\u00faltiples opciones de visualizaci\u00f3n, incluidos men\u00fas fijos y superpuestos<\/li>\n<li>Compatible con los populares constructores y temas de WordPress Page<\/li>\n<li>Proporciona funcionalidad de arrastre y ca\u00edda f\u00e1cil de usar para la creaci\u00f3n y edici\u00f3n del men\u00fa<\/li>\n<li>Ofrece soporte y actualizaciones personalizadas para los clientes.<\/li>\n<\/ul>\n","protected":false},"excerpt":{"rendered":"<p>WP Mega Menu Pro es un complemento de men\u00fa Mega excepcionalmente robusto y altamente receptivo que est\u00e1 espec\u00edficamente dise\u00f1ado para sitios web de WordPress. Este notable complemento le ofrece la capacidad de crear men\u00fas de navegaci\u00f3n inspiradores sin esfuerzo que cuenten con m\u00faltiples niveles, una multitud de opciones de color personalizadas, as\u00ed como una variedad de estilos diversos. Adem\u00e1s, WP Mega Menu Pro est\u00e1 equipado con una interfaz de arrastre y ca\u00edda excepcionalmente f\u00e1cil de usar, asegurando as\u00ed que construir sus men\u00fas sea una tarea sin esfuerzo. Este complemento extraordinario est\u00e1 lleno de una gran cantidad de caracter\u00edsticas avanzadas, incluida la incorporaci\u00f3n de iconos de men\u00fa, animaciones cautivadoras, animaciones desplegables y mucho m\u00e1s. En particular, WP Mega Menu Pro es totalmente personalizable, lo que le permite dise\u00f1ar men\u00fas \u00fanicos y llamativos que est\u00e1n hechos a medida para su sitio web.<\/p>\n","protected":false},"featured_media":168416,"comment_status":"open","ping_status":"open","template":"","meta":[],"product_brand":[2339],"product_cat":[1214,1206,1211],"product_tag":[1256],"class_list":{"0":"post-112382","1":"product","2":"type-product","3":"status-publish","4":"has-post-thumbnail","6":"product_brand-codecanyon","7":"product_cat-personalizacion","8":"product_cat-plugins","9":"product_cat-wordpress-plugins","10":"product_tag-codecanyon","11":"member-discount","12":"discount-restricted","14":"first","15":"instock","16":"sale","17":"downloadable","18":"virtual","19":"sold-individually","20":"purchasable","21":"product-type-simple"},"_links":{"self":[{"href":"https:\/\/gpl-love.com\/es\/wp-json\/wp\/v2\/product\/112382","targetHints":{"allow":["GET"]}}],"collection":[{"href":"https:\/\/gpl-love.com\/es\/wp-json\/wp\/v2\/product"}],"about":[{"href":"https:\/\/gpl-love.com\/es\/wp-json\/wp\/v2\/types\/product"}],"replies":[{"embeddable":true,"href":"https:\/\/gpl-love.com\/es\/wp-json\/wp\/v2\/comments?post=112382"}],"wp:featuredmedia":[{"embeddable":true,"href":"https:\/\/gpl-love.com\/es\/wp-json\/wp\/v2\/media\/168416"}],"wp:attachment":[{"href":"https:\/\/gpl-love.com\/es\/wp-json\/wp\/v2\/media?parent=112382"}],"wp:term":[{"taxonomy":"product_brand","embeddable":true,"href":"https:\/\/gpl-love.com\/es\/wp-json\/wp\/v2\/product_brand?post=112382"},{"taxonomy":"product_cat","embeddable":true,"href":"https:\/\/gpl-love.com\/es\/wp-json\/wp\/v2\/product_cat?post=112382"},{"taxonomy":"product_tag","embeddable":true,"href":"https:\/\/gpl-love.com\/es\/wp-json\/wp\/v2\/product_tag?post=112382"}],"curies":[{"name":"wp","href":"https:\/\/api.w.org\/{rel}","templated":true}]}}