{"id":112380,"date":"2022-02-20T00:00:00","date_gmt":"2022-02-20T05:00:00","guid":{"rendered":"http:\/\/gpl-love.com\/es\/producto\/cesis-responsive-multi-purpose-wordpress-tema\/"},"modified":"2026-03-13T17:17:39","modified_gmt":"2026-03-13T22:17:39","slug":"cesis-responsive-multi-purpose-wordpress-tema","status":"publish","type":"product","link":"https:\/\/gpl-love.com\/es\/producto\/cesis-responsive-multi-purpose-wordpress-tema\/","title":{"rendered":"Cesis Responsive Multi-Purpose WordPress Theme 1.8.7.60"},"content":{"rendered":"<h3>Cesis Responsive Multi-Purpose WordPress Theme Caracteristicas<\/h3>\n<p>El tema de WordPress multiprop\u00f3sito que responde con CISIS posee un notable nivel de flexibilidad y versatilidad, lo que lo hace adecuado para una gran cantidad de prop\u00f3sitos. Este tema est\u00e1 dotado de una extensa variedad de sitios de demostraci\u00f3n preconstruidos que atienden a diversas industrias y nichos, lo que facilita un proceso de inicio sin problemas. Adem\u00e1s, su total capacidad de respuesta asegura que parezca visualmente atractivo en cualquier dispositivo, mientras que las numerosas opciones de personalizaci\u00f3n brindan a los usuarios la oportunidad de personalizarlo a su gusto. Adem\u00e1s, este tema incorpora una selecci\u00f3n de complementos premium excepcionales, incluidos Slider Revolution y Wpbakery Page Builder, que racionalizan el proceso de dise\u00f1o de dise\u00f1os impresionantes. Con una amalgama de caracter\u00edsticas robustas y funcionalidad f\u00e1cil de usar, Cesis sirve como una excelente opci\u00f3n para las personas que buscan establecer una presencia en l\u00ednea profesional y contempor\u00e1nea.<\/p>\n<ul>\n<li>Dise\u00f1o receptivo con dise\u00f1os personalizables<\/li>\n<li>M\u00faltiples demostraciones incluidas para una f\u00e1cil configuraci\u00f3n y comienzo r\u00e1pido<\/li>\n<li>Arrastrar y soltar el constructor de p\u00e1ginas para la personalizaci\u00f3n intuitiva<\/li>\n<li>Optimizaci\u00f3n de SEO incorporada para una mejor clasificaci\u00f3n de motores de b\u00fasqueda<\/li>\n<li>Integraci\u00f3n de WooCommerce para una f\u00e1cil configuraci\u00f3n de la tienda en l\u00ednea<\/li>\n<li>Opciones personalizables de encabezado y pie de p\u00e1gina<\/li>\n<li>M\u00e1s de 100 c\u00f3digos cortos personalizables para funcionalidad avanzada<\/li>\n<li>Efectos de desplazamiento y animaci\u00f3n de paralaje suave para un atractivo visual adicional<\/li>\n<li>Traducci\u00f3n lista para apelaci\u00f3n global<\/li>\n<li>Actualizaciones regulares y excelente atenci\u00f3n al cliente<\/li>\n<\/ul>\n","protected":false},"excerpt":{"rendered":"<p>Experimente el poder y la flexibilidad de CISS, un tema de WordPress multiprop\u00f3sito receptivo dise\u00f1ado con sus necesidades en mente. Incre\u00edblemente vers\u00e1til, Cesis se adapta a la perfecci\u00f3n a cualquier tama\u00f1o de pantalla, asegurando que su sitio web se ve y funcione mejor en todos los dispositivos. Con su interfaz intuitiva y f\u00e1cil de usar, puede crear y personalizar sin esfuerzo su sitio web para reflejar la personalidad \u00fanica de su marca. Cesis ofrece una gran cantidad de caracter\u00edsticas para enriquecer su sitio web, como dise\u00f1os personalizables, opciones de tipograf\u00eda avanzada y una extensa biblioteca de plantillas predise\u00f1adas. Su marco robusto est\u00e1 creado para la velocidad y optimizado para SEO, ofreciendo un rendimiento superior y ayudando a aumentar la visibilidad de su sitio web en la clasificaci\u00f3n de motores de b\u00fasqueda. Ya sea que sea un dise\u00f1ador web novato o experimentado, Cesis facilita la creaci\u00f3n de un sitio web impresionante y funcional con un esfuerzo m\u00ednimo. Experimente la diferencia de cesis hoy.<\/p>\n","protected":false},"featured_media":165611,"comment_status":"open","ping_status":"open","template":"","meta":[],"product_brand":[2337],"product_cat":[1239,1237,1238],"product_tag":[1391],"class_list":{"0":"post-112380","1":"product","2":"type-product","3":"status-publish","4":"has-post-thumbnail","6":"product_brand-themeforest","7":"product_cat-de-multiples-fines","8":"product_cat-temas","9":"product_cat-wordpress-temas","10":"product_tag-themeforest","11":"member-discount","12":"discount-restricted","14":"first","15":"instock","16":"sale","17":"downloadable","18":"virtual","19":"sold-individually","20":"purchasable","21":"product-type-simple"},"_links":{"self":[{"href":"https:\/\/gpl-love.com\/es\/wp-json\/wp\/v2\/product\/112380","targetHints":{"allow":["GET"]}}],"collection":[{"href":"https:\/\/gpl-love.com\/es\/wp-json\/wp\/v2\/product"}],"about":[{"href":"https:\/\/gpl-love.com\/es\/wp-json\/wp\/v2\/types\/product"}],"replies":[{"embeddable":true,"href":"https:\/\/gpl-love.com\/es\/wp-json\/wp\/v2\/comments?post=112380"}],"wp:featuredmedia":[{"embeddable":true,"href":"https:\/\/gpl-love.com\/es\/wp-json\/wp\/v2\/media\/165611"}],"wp:attachment":[{"href":"https:\/\/gpl-love.com\/es\/wp-json\/wp\/v2\/media?parent=112380"}],"wp:term":[{"taxonomy":"product_brand","embeddable":true,"href":"https:\/\/gpl-love.com\/es\/wp-json\/wp\/v2\/product_brand?post=112380"},{"taxonomy":"product_cat","embeddable":true,"href":"https:\/\/gpl-love.com\/es\/wp-json\/wp\/v2\/product_cat?post=112380"},{"taxonomy":"product_tag","embeddable":true,"href":"https:\/\/gpl-love.com\/es\/wp-json\/wp\/v2\/product_tag?post=112380"}],"curies":[{"name":"wp","href":"https:\/\/api.w.org\/{rel}","templated":true}]}}