{"id":112378,"date":"2023-06-09T00:00:00","date_gmt":"2023-06-09T05:00:00","guid":{"rendered":"http:\/\/gpl-love.com\/es\/producto\/scisco-questions-y-answers-wordpress-tema\/"},"modified":"2026-04-10T11:23:50","modified_gmt":"2026-04-10T16:23:50","slug":"scisco-questions-y-answers-wordpress-tema","status":"publish","type":"product","link":"https:\/\/gpl-love.com\/es\/producto\/scisco-questions-y-answers-wordpress-tema\/","title":{"rendered":"Scisco Questions y Answers WordPress Theme 1.5.1"},"content":{"rendered":"<h3>Scisco Questions y Answers WordPress Theme Caracteristicas<\/h3>\n<p>Scisco Preguntas y respuestas El tema de WordPress es una herramienta incre\u00edblemente poderosa y vers\u00e1til que ha sido intrincadamente dise\u00f1ada para ayudar a los usuarios a construir un sitio web de preguntas y respuestas resistente y altamente interactiva. Este tema posee la notable capacidad de ser totalmente receptivo y completamente personalizable, lo que permite a los usuarios personalizar meticulosamente el dise\u00f1o de su sitio web para alinearse perfectamente con la identidad y la imagen \u00fanicas de su marca. El tema de Scisco que lo abarca todo se ha equipado cuidadosamente con una extensa colecci\u00f3n de caracter\u00edsticas indispensables, como una interfaz notablemente f\u00e1cil de usar, una gran cantidad de widgets personalizados y una gran cantidad de opciones de estilo para elegir. Adem\u00e1s, este tema cuenta con la inclusi\u00f3n de una funcionalidad de b\u00fasqueda excepcionalmente avanzada, as\u00ed como la opci\u00f3n de implementar un sistema de inicio de sesi\u00f3n est\u00e1ndar o social, alentando y provocando activamente la participaci\u00f3n del usuario. Con Scisco a su disposici\u00f3n, establecer un sitio web de preguntas y respuestas impulsadas por la comunidad, llena de conocimiento colectivo y facilitando conexiones significativas entre personas de ideas afines, nunca ha sido m\u00e1s f\u00e1cil y sencilla. En esencia, Scisco es el ep\u00edtome de la perfecci\u00f3n para las personas que buscan ansiosamente construir un sitio web de preguntas y respuestas din\u00e1micas y profundamente atractivas que sin duda cautivar\u00e1 y cautiven a sus usuarios.<\/p>\n<ul>\n<li>Un tema de WordPress receptivo dise\u00f1ado espec\u00edficamente para crear sitios de preguntas y respuestas basados \u200b\u200ben el modelo StackExchange.<\/li>\n<li>Viene con una interfaz moderna y f\u00e1cil de usar, navegaci\u00f3n f\u00e1cil y dise\u00f1os personalizables que ayudan a construir una imagen de marca cohesiva para su sitio.<\/li>\n<li>Ofrece varias caracter\u00edsticas, incluidos sistemas de votaci\u00f3n, secciones de comentarios, etiquetas, perfiles de usuario y an\u00e1lisis, lo que le permite interactuar con su audiencia y mejorar su experiencia.<\/li>\n<li>Proporciona funcionalidad de b\u00fasqueda avanzada, permitiendo que los usuarios encuentren las respuestas que necesitan de manera f\u00e1cil y r\u00e1pida.<\/li>\n<li>Integra un sistema de monetizaci\u00f3n flexible que le permite obtener ingresos a trav\u00e9s de ubicaciones de anuncios, suscripciones de usuarios y donaciones.<\/li>\n<li>Permite la integraci\u00f3n con plataformas de redes sociales populares, lo que le permite generar tr\u00e1fico y promover su sitio viralmente.<\/li>\n<li>Incluye documentaci\u00f3n y soporte integral para ayudarlo a configurar y configurar su sitio, asegurando una experiencia perfecta y sin problemas.<\/li>\n<li>Construido utilizando pr\u00e1cticas de codificaci\u00f3n modernas con un enfoque en la seguridad, el rendimiento y la escalabilidad, asegurando que su sitio funcione sin problemas y de manera confiable incluso con altas cargas de tr\u00e1fico.<\/li>\n<\/ul>\n","protected":false},"excerpt":{"rendered":"<p>El tema de WordPress de Scisco cuestiona y responde a WordPress, con un dise\u00f1o inmaculado y de vanguardia, se presenta como la soluci\u00f3n por excelencia para el establecimiento de un sitio web de preguntas y respuestas. Este notable tema sin esfuerzo permite a los usuarios participar en el intercambio perfecto de consultas y respuestas en una amplia gama de temas. Adem\u00e1s, este tema abarca una gran cantidad de caracter\u00edsticas intrigantes, incluido un sistema de calificaci\u00f3n incorporado, la opci\u00f3n de designar las respuestas como la mejor y una funci\u00f3n de b\u00fasqueda notablemente poderosa. Adem\u00e1s, la capacidad de respuesta completa del tema garantiza que sus estimados usuarios puedan acceder convenientemente a su sitio web desde cualquier rinc\u00f3n del mundo, utilizando cualquier dispositivo de su preferencia. Si su aspiraci\u00f3n radica en fomentar una comunidad vibrante que gira en torno a un tema espec\u00edfico de inter\u00e9s o simplemente para ayudar a las personas a adquirir soluciones a sus consultas m\u00e1s apremiantes, tenga la seguridad de que las preguntas y responden el tema de WordPress posee todos los componentes esenciales necesarios para embarcarse en este esfuerzo en este esfuerzo. con el mayor \u00e9xito.<\/p>\n","protected":false},"featured_media":167407,"comment_status":"open","ping_status":"open","template":"","meta":[],"product_brand":[2337],"product_cat":[1267,1237,1238],"product_tag":[1391],"class_list":{"0":"post-112378","1":"product","2":"type-product","3":"status-publish","4":"has-post-thumbnail","6":"product_brand-themeforest","7":"product_cat-creativo","8":"product_cat-temas","9":"product_cat-wordpress-temas","10":"product_tag-themeforest","11":"member-discount","12":"discount-restricted","14":"first","15":"instock","16":"sale","17":"downloadable","18":"virtual","19":"sold-individually","20":"purchasable","21":"product-type-simple"},"_links":{"self":[{"href":"https:\/\/gpl-love.com\/es\/wp-json\/wp\/v2\/product\/112378","targetHints":{"allow":["GET"]}}],"collection":[{"href":"https:\/\/gpl-love.com\/es\/wp-json\/wp\/v2\/product"}],"about":[{"href":"https:\/\/gpl-love.com\/es\/wp-json\/wp\/v2\/types\/product"}],"replies":[{"embeddable":true,"href":"https:\/\/gpl-love.com\/es\/wp-json\/wp\/v2\/comments?post=112378"}],"wp:featuredmedia":[{"embeddable":true,"href":"https:\/\/gpl-love.com\/es\/wp-json\/wp\/v2\/media\/167407"}],"wp:attachment":[{"href":"https:\/\/gpl-love.com\/es\/wp-json\/wp\/v2\/media?parent=112378"}],"wp:term":[{"taxonomy":"product_brand","embeddable":true,"href":"https:\/\/gpl-love.com\/es\/wp-json\/wp\/v2\/product_brand?post=112378"},{"taxonomy":"product_cat","embeddable":true,"href":"https:\/\/gpl-love.com\/es\/wp-json\/wp\/v2\/product_cat?post=112378"},{"taxonomy":"product_tag","embeddable":true,"href":"https:\/\/gpl-love.com\/es\/wp-json\/wp\/v2\/product_tag?post=112378"}],"curies":[{"name":"wp","href":"https:\/\/api.w.org\/{rel}","templated":true}]}}