{"id":112376,"date":"2023-10-31T00:00:00","date_gmt":"2023-10-31T05:00:00","guid":{"rendered":"http:\/\/gpl-love.com\/es\/producto\/fitness-trainer-training-membership-plugin\/"},"modified":"2026-03-09T07:35:09","modified_gmt":"2026-03-09T12:35:09","slug":"fitness-trainer-training-membership-plugin","status":"publish","type":"product","link":"https:\/\/gpl-love.com\/es\/producto\/fitness-trainer-training-membership-plugin\/","title":{"rendered":"Fitness Trainer Training Membership Plugin 1.6.7"},"content":{"rendered":"<h3>Fitness Trainer Training Membership Plugin Caracteristicas<\/h3>\n<p>El complemento de membres\u00eda de capacitaci\u00f3n del entrenador de fitness cuenta con inmensas capacidades para permitir a los usuarios establecer una plataforma de capacitaci\u00f3n virtual atendida a su clientela. Este complemento abarca una extensa variedad de funcionalidades, lo que permite a las personas construir y supervisar sus empresas de entrenamiento f\u00edsico. Las caracter\u00edsticas notables abarcan reg\u00edmenes de capacitaci\u00f3n personalizados, seguimiento del progreso en tiempo real y procesamiento de pagos sin problemas. Armando a los usuarios con una interfaz intuitiva, este complemento optimiza el proceso de construcci\u00f3n de un sitio de membres\u00eda, facilitando la difusi\u00f3n de los servicios de capacitaci\u00f3n a escala global. Espec\u00edficamente adaptado para los expertos en fitness que anhelan ampliar sus horizontes, este complemento sirve como una herramienta invaluable para facilitar una v\u00eda conveniente y de f\u00e1cil acceso para que los clientes sigan sus aspiraciones f\u00edsicas.<\/p>\n<ul>\n<li>Proporciona acceso a programas personalizados de capacitaci\u00f3n de acondicionamiento f\u00edsico creados por capacitadores certificados<\/li>\n<li>Planes de entrenamiento personalizables basados \u200b\u200ben objetivos de aptitud f\u00edsica y niveles de aptitud f\u00edsica<\/li>\n<li>Consejos nutricionales y planes de comidas para apoyar objetivos de acondicionamiento f\u00edsico<\/li>\n<li>Seguimiento del progreso con un tablero integral para monitorear los entrenamientos, la nutrici\u00f3n y el progreso<\/li>\n<li>Integraci\u00f3n con rastreadores de acondicionamiento f\u00edsico port\u00e1til y aplicaciones para un seguimiento sin problemas de actividades de acondicionamiento f\u00edsico<\/li>\n<li>Apoyo y motivaci\u00f3n de la comunidad a trav\u00e9s de caracter\u00edsticas sociales como salas de chat y foros<\/li>\n<li>Actualizaciones regulares y nuevos programas de capacitaci\u00f3n para mantener los entrenamientos desafiantes e interesantes<\/li>\n<li>An\u00e1lisis en profundidad para identificar \u00e1reas de mejora y ajustar los planes de capacitaci\u00f3n en consecuencia<\/li>\n<li>Compatible con complementos populares de comercio electr\u00f3nico y membres\u00eda para una f\u00e1cil configuraci\u00f3n y gesti\u00f3n de membres\u00edas<\/li>\n<li>Atenci\u00f3n al cliente confiable y asistencia para cualquier problema o pregunta.<\/li>\n<\/ul>\n","protected":false},"excerpt":{"rendered":"<p>El complemento de membres\u00eda de capacitaci\u00f3n del entrenador de fitness, una herramienta altamente potente y eficiente, facilita la creaci\u00f3n perfecta y la gesti\u00f3n eficiente de los programas de membres\u00eda por parte de los expertos en fitness para su estimada clientela. Con la ayuda de este complemento revolucionario, los entrenadores personales pueden proporcionar sin esfuerzo servicios de capacitaci\u00f3n y entrenamiento en l\u00ednea, al tiempo que supervisa y manejan las transacciones de pago y el progreso del cliente de manera libre de problemas. Lo que distingue a este complemento es su capacidad excepcional para capacitar a los entrenadores de acondicionamiento f\u00edsico para curar planes de entrenamiento a medida, monitorear meticulosamente el rendimiento del cliente y fomentar canales de comunicaci\u00f3n efectivos a trav\u00e9s de un sistema de mensajer\u00eda impecablemente integrado. Ya sea que aspira a amplificar sus perspectivas comerciales o mejorar los logros de acondicionamiento f\u00edsico de sus clientes, tenga la seguridad de que el complemento de membres\u00eda de capacitaci\u00f3n de entrenador de fitness es un activo verdaderamente indispensable para los entrenadores de acondicionamiento f\u00edsico y su clientela exigente.<\/p>\n","protected":false},"featured_media":166111,"comment_status":"open","ping_status":"open","template":"","meta":[],"product_brand":[2339],"product_cat":[1214,1206,1211],"product_tag":[1256],"class_list":{"0":"post-112376","1":"product","2":"type-product","3":"status-publish","4":"has-post-thumbnail","6":"product_brand-codecanyon","7":"product_cat-personalizacion","8":"product_cat-plugins","9":"product_cat-wordpress-plugins","10":"product_tag-codecanyon","11":"member-discount","12":"discount-restricted","14":"first","15":"instock","16":"sale","17":"downloadable","18":"virtual","19":"sold-individually","20":"purchasable","21":"product-type-simple"},"_links":{"self":[{"href":"https:\/\/gpl-love.com\/es\/wp-json\/wp\/v2\/product\/112376","targetHints":{"allow":["GET"]}}],"collection":[{"href":"https:\/\/gpl-love.com\/es\/wp-json\/wp\/v2\/product"}],"about":[{"href":"https:\/\/gpl-love.com\/es\/wp-json\/wp\/v2\/types\/product"}],"replies":[{"embeddable":true,"href":"https:\/\/gpl-love.com\/es\/wp-json\/wp\/v2\/comments?post=112376"}],"wp:featuredmedia":[{"embeddable":true,"href":"https:\/\/gpl-love.com\/es\/wp-json\/wp\/v2\/media\/166111"}],"wp:attachment":[{"href":"https:\/\/gpl-love.com\/es\/wp-json\/wp\/v2\/media?parent=112376"}],"wp:term":[{"taxonomy":"product_brand","embeddable":true,"href":"https:\/\/gpl-love.com\/es\/wp-json\/wp\/v2\/product_brand?post=112376"},{"taxonomy":"product_cat","embeddable":true,"href":"https:\/\/gpl-love.com\/es\/wp-json\/wp\/v2\/product_cat?post=112376"},{"taxonomy":"product_tag","embeddable":true,"href":"https:\/\/gpl-love.com\/es\/wp-json\/wp\/v2\/product_tag?post=112376"}],"curies":[{"name":"wp","href":"https:\/\/api.w.org\/{rel}","templated":true}]}}