{"id":112374,"date":"2025-06-13T00:00:00","date_gmt":"2025-06-13T05:00:00","guid":{"rendered":"http:\/\/gpl-love.com\/es\/producto\/sns-anton-furniture-woocommerce-wordpress-tema\/"},"modified":"2026-04-10T11:25:10","modified_gmt":"2026-04-10T16:25:10","slug":"sns-anton-furniture-woocommerce-wordpress-tema","status":"publish","type":"product","link":"https:\/\/gpl-love.com\/es\/producto\/sns-anton-furniture-woocommerce-wordpress-tema\/","title":{"rendered":"Anton Furniture WooCommerce WordPress Theme 4.2"},"content":{"rendered":"<h3>Anton Furniture WooCommerce WordPress Theme Caracteristicas<\/h3>\n<p>Anton Furniture es un extraordinario tema de WordPress de WooCommerce que ha sido dise\u00f1ado exclusivamente para tiendas de muebles y negocios de dise\u00f1o de interiores. El tema en s\u00ed cuenta con una est\u00e9tica de dise\u00f1o notablemente pr\u00edstina y contempor\u00e1nea, lo que pone el mayor \u00e9nfasis en la exposici\u00f3n de im\u00e1genes de productos cautivadoras y descripciones integrales. Adem\u00e1s, muestra una extensa gama de plantillas de p\u00e1gina preconstruidas que abarcan una selecci\u00f3n cuidadosamente curada, que comprende una p\u00e1gina de inicio cautivadora, una p\u00e1gina de taller convincente, una p\u00e1gina iluminadora y una p\u00e1gina de contacto de f\u00e1cil acceso, todo lo cual es sin esfuerzo para facilitar el facilitar el Creaci\u00f3n perfecta de una plataforma minorista en l\u00ednea excepcionalmente profesional. Adem\u00e1s de su impresionante variedad de caracter\u00edsticas, el tema ofrece con orgullo una naturaleza altamente personalizable, lo que permite a sus usuarios modificar y personalizar sin esfuerzo varios aspectos, como esquemas de color y estilos de fuentes. Adem\u00e1s, extiende el privilegio de incorporar el logotipo \u00fanico y la identidad de marca \u00fanicos, mejorando as\u00ed la versatilidad del tema y permitiendo que se adapte de acuerdo con las preferencias individuales. Es de suma importancia resaltar que Anton Furniture ha sido optimizado diligentemente para la compatibilidad universal, lo que lo hace totalmente receptivo y adaptable a los dispositivos diversos, al tiempo que garantiza una mayor visibilidad de los motores de b\u00fasqueda, asegurando as\u00ed una visibilidad y accesibilidad \u00f3ptimas en la amplia extensi\u00f3n del reino digital del reino digital. . En conclusi\u00f3n, se puede afirmar inequ\u00edvocamente que Anton Furniture se erige como una elecci\u00f3n excepcional, repleta de elegancia y profesionalismo, perfectamente adecuada para cualquier tienda de muebles o negocio de dise\u00f1o de interiores que aspira a asegurar una presencia en l\u00ednea influyente y refinada.<\/p>\n<ul>\n<li> -Sleek y dise\u00f1o moderno<\/li>\n<li> -El dise\u00f1o respondido para una visualizaci\u00f3n perfecta en todos los dispositivos<\/li>\n<li> -Page de inicio comprometible con widgets de arrastrar y soltar<\/li>\n<li> -Entegraci\u00f3n con wooCommerce para f\u00e1ciles de compras en l\u00ednea<\/li>\n<li> -Squemas de color multa\u00f1o para elegir<\/li>\n<li> -Portfolio y p\u00e1ginas de blog construidas<\/li>\n<li> -Google Fonts Integration para la personalizaci\u00f3n de la tipograf\u00eda<\/li>\n<li> -Pasel de opciones de tema potentes para una f\u00e1cil personalizaci\u00f3n<\/li>\n<li> -SeO optimizado para clasificaciones de motores de b\u00fasqueda m\u00e1s altos<\/li>\n<li> -Pases de carga r\u00e1pidos para un rendimiento \u00f3ptimo<\/li>\n<li> -Encontratado del equipo de soporte para asistencia con la configuraci\u00f3n y personalizaci\u00f3n<\/li>\n<\/ul>\n","protected":false},"excerpt":{"rendered":"<p>El tema de WordPress de Anton Furniture WooCommerce, reconocido por su interfaz f\u00e1cil de usar y su incre\u00edble versatilidad, ha sido ingeniosamente elaborado para satisfacer los requisitos espec\u00edficos de las tiendas de muebles y los negocios relacionados. Con un dise\u00f1o elegante y contempor\u00e1neo, este tema excepcional se dedica a acentuar sin problemas la magnificencia de sus productos, asegurando que surjan como obras maestras realmente cautivadoras. Con la integraci\u00f3n de WooCommerce, el popular complemento de comercio electr\u00f3nico, puede profundizar sin esfuerzo en el \u00e1mbito de las ventas de muebles en l\u00ednea, al tiempo que administra su tienda con la mayor comodidad y eficiencia. Adem\u00e1s, este tema notablemente receptivo garantiza un atractivo visual excepcional en todos los dispositivos, lo que lo convierte en una opci\u00f3n ideal para los usuarios contempor\u00e1neos que dependen de una amplia gama de dispositivos. Adem\u00e1s, sus impecables capacidades de optimizaci\u00f3n de motores de b\u00fasqueda mejoran significativamente sus posibilidades de obtener una clasificaci\u00f3n m\u00e1s alta en los resultados de b\u00fasqueda, ampliando as\u00ed su alcance y aumentando su base de clientes. Complementado por su repertorio integral de p\u00e1ginas predise\u00f1adas, que abarca cada aspecto vital, como la informaci\u00f3n de contacto, una p\u00e1gina atractiva sobre la p\u00e1gina, una p\u00e1gina de taller meticulosamente elaborada y m\u00e1s, el tema de WordPress de WooCommerce de Anton surge como la soluci\u00f3n de muebles para cualquier negocio de muebles que anhela el a\u00f1o que anhela el a\u00f1o. establecer una presencia en l\u00ednea robusta y dominante.<\/p>\n","protected":false},"featured_media":167518,"comment_status":"open","ping_status":"open","template":"","meta":[],"product_brand":[2337],"product_cat":[1263,1469,1237],"product_tag":[1391],"class_list":{"0":"post-112374","1":"product","2":"type-product","3":"status-publish","4":"has-post-thumbnail","6":"product_brand-themeforest","7":"product_cat-comercio-electronico-temas","8":"product_cat-creativo-comercio-electronico-temas","9":"product_cat-temas","10":"product_tag-themeforest","11":"member-discount","12":"discount-restricted","14":"first","15":"instock","16":"sale","17":"downloadable","18":"virtual","19":"sold-individually","20":"purchasable","21":"product-type-simple"},"_links":{"self":[{"href":"https:\/\/gpl-love.com\/es\/wp-json\/wp\/v2\/product\/112374","targetHints":{"allow":["GET"]}}],"collection":[{"href":"https:\/\/gpl-love.com\/es\/wp-json\/wp\/v2\/product"}],"about":[{"href":"https:\/\/gpl-love.com\/es\/wp-json\/wp\/v2\/types\/product"}],"replies":[{"embeddable":true,"href":"https:\/\/gpl-love.com\/es\/wp-json\/wp\/v2\/comments?post=112374"}],"wp:featuredmedia":[{"embeddable":true,"href":"https:\/\/gpl-love.com\/es\/wp-json\/wp\/v2\/media\/167518"}],"wp:attachment":[{"href":"https:\/\/gpl-love.com\/es\/wp-json\/wp\/v2\/media?parent=112374"}],"wp:term":[{"taxonomy":"product_brand","embeddable":true,"href":"https:\/\/gpl-love.com\/es\/wp-json\/wp\/v2\/product_brand?post=112374"},{"taxonomy":"product_cat","embeddable":true,"href":"https:\/\/gpl-love.com\/es\/wp-json\/wp\/v2\/product_cat?post=112374"},{"taxonomy":"product_tag","embeddable":true,"href":"https:\/\/gpl-love.com\/es\/wp-json\/wp\/v2\/product_tag?post=112374"}],"curies":[{"name":"wp","href":"https:\/\/api.w.org\/{rel}","templated":true}]}}