{"id":112372,"date":"2022-05-10T00:00:00","date_gmt":"2022-05-10T05:00:00","guid":{"rendered":"http:\/\/gpl-love.com\/es\/producto\/datebook-dating-wordpress-tema\/"},"modified":"2026-03-13T17:19:02","modified_gmt":"2026-03-13T22:19:02","slug":"datebook-dating-wordpress-tema","status":"publish","type":"product","link":"https:\/\/gpl-love.com\/es\/producto\/datebook-dating-wordpress-tema\/","title":{"rendered":"DateBook Dating WordPress Theme 4.6.4"},"content":{"rendered":"<h3>DateBook Dating WordPress Theme Caracteristicas<\/h3>\n<p>El tema de Dating Dating WordPress es un tema que lo abarca todo y f\u00e1cil de usar espec\u00edficamente para acomodar los requisitos de las personas o empresas que operan dentro de la industria de citas en l\u00ednea. Este tema abarca una gran cantidad de caracter\u00edsticas y alternativas de personalizaci\u00f3n que capacitan a los propietarios de sitios web para construir un sitio web de citas distintivo y profesional. Entre los atributos notables que ofrece el tema del tema de WordPress de Dating Dating, se encuentran opciones de b\u00fasqueda y filtrado navegables sin esfuerzo, p\u00e1ginas de perfil personalizadas para adaptarse a las preferencias individuales, la funcionalidad de mensajer\u00eda perfecta e integraci\u00f3n perfecta con los sistemas de pago. Adem\u00e1s, este tema es totalmente receptivo, asegurando as\u00ed un atractivo visual y una funcionalidad \u00f3ptimas en todos los dispositivos. Con su interfaz altamente intuitiva y capacidades avanzadas, DateBook es una opci\u00f3n excepcional para cualquier persona que busque establecer un sitio web de citas del m\u00e1s alto calibre.<\/p>\n<ul>\n<li>Tema de WordPress de citas personalizables<\/li>\n<li>Perfiles incorporados y sistema de mensajer\u00eda<\/li>\n<li>Capacidad para buscar y filtrar posibles coincidencias<\/li>\n<li>Integraci\u00f3n con pasarelas de pago populares para caracter\u00edsticas premium<\/li>\n<li>Algoritmo de coincidencia automatizado basado en las preferencias del usuario<\/li>\n<li>Dise\u00f1o que responde a dispositivos m\u00f3viles para usar f\u00e1cilmente en todos los dispositivos<\/li>\n<li>Soporte para complementos de terceros y complementos<\/li>\n<li>Soporte de idiomas m\u00faltiples para el uso global<\/li>\n<li>Panel de administraci\u00f3n integral y f\u00e1cil de usar para la gesti\u00f3n y personalizaci\u00f3n<\/li>\n<li>Actualizaciones regulares y atenci\u00f3n al cliente proporcionadas.<\/li>\n<\/ul>\n","protected":false},"excerpt":{"rendered":"<p>Presentando el tema de WordPress que data de Datitebook, una plantilla rica en funciones perfecta para crear sitios web de citas en l\u00ednea atractivos. Este tema funciona con WordPress, asegurando una f\u00e1cil configuraci\u00f3n, personalizaci\u00f3n y gesti\u00f3n. El punto de venta \u00fanico de DateBook es su modelo de pago basado en suscripci\u00f3n, que le permite monetizar su sitio de citas de manera efectiva. Viene con membres\u00eda incorporada y funciones de suscripci\u00f3n, proporcionando un flujo de ingresos confiable para los propietarios de sitios web. Adem\u00e1s, el tema admite m\u00faltiples idiomas, lo que lo convierte en una excelente opci\u00f3n para las plataformas de citas internacionales. Tambi\u00e9n es amigable para los dispositivos m\u00f3viles, asegurando una experiencia de navegaci\u00f3n perfecta en cualquier dispositivo. Con su dise\u00f1o receptivo y optimizaci\u00f3n de SEO, su sitio de citas se ver\u00e1 fant\u00e1stico y se clasificar\u00e1 bien en los motores de b\u00fasqueda. La interfaz f\u00e1cil de usar de DateBook y la herramienta de b\u00fasqueda avanzada facilitan que los usuarios encuentren su coincidencia perfecta. Adem\u00e1s de eso, es compatible con varios complementos para la funcionalidad extendida. Ya sea que sea un novato o un experto, el tema de las citas de Dating WordPress es una opci\u00f3n inteligente para lanzar un sitio web de citas exitoso.<\/p>\n","protected":false},"featured_media":165751,"comment_status":"open","ping_status":"open","template":"","meta":[],"product_brand":[2337],"product_cat":[1267,1237,1238],"product_tag":[1391],"class_list":{"0":"post-112372","1":"product","2":"type-product","3":"status-publish","4":"has-post-thumbnail","6":"product_brand-themeforest","7":"product_cat-creativo","8":"product_cat-temas","9":"product_cat-wordpress-temas","10":"product_tag-themeforest","11":"member-discount","12":"discount-restricted","14":"first","15":"instock","16":"sale","17":"downloadable","18":"virtual","19":"sold-individually","20":"purchasable","21":"product-type-simple"},"_links":{"self":[{"href":"https:\/\/gpl-love.com\/es\/wp-json\/wp\/v2\/product\/112372","targetHints":{"allow":["GET"]}}],"collection":[{"href":"https:\/\/gpl-love.com\/es\/wp-json\/wp\/v2\/product"}],"about":[{"href":"https:\/\/gpl-love.com\/es\/wp-json\/wp\/v2\/types\/product"}],"replies":[{"embeddable":true,"href":"https:\/\/gpl-love.com\/es\/wp-json\/wp\/v2\/comments?post=112372"}],"wp:featuredmedia":[{"embeddable":true,"href":"https:\/\/gpl-love.com\/es\/wp-json\/wp\/v2\/media\/165751"}],"wp:attachment":[{"href":"https:\/\/gpl-love.com\/es\/wp-json\/wp\/v2\/media?parent=112372"}],"wp:term":[{"taxonomy":"product_brand","embeddable":true,"href":"https:\/\/gpl-love.com\/es\/wp-json\/wp\/v2\/product_brand?post=112372"},{"taxonomy":"product_cat","embeddable":true,"href":"https:\/\/gpl-love.com\/es\/wp-json\/wp\/v2\/product_cat?post=112372"},{"taxonomy":"product_tag","embeddable":true,"href":"https:\/\/gpl-love.com\/es\/wp-json\/wp\/v2\/product_tag?post=112372"}],"curies":[{"name":"wp","href":"https:\/\/api.w.org\/{rel}","templated":true}]}}