{"id":112368,"date":"2023-10-17T00:00:00","date_gmt":"2023-10-17T05:00:00","guid":{"rendered":"http:\/\/gpl-love.com\/es\/producto\/eikra-education-wordpress-tema\/"},"modified":"2026-03-13T17:19:52","modified_gmt":"2026-03-13T22:19:52","slug":"eikra-education-wordpress-tema","status":"publish","type":"product","link":"https:\/\/gpl-love.com\/es\/producto\/eikra-education-wordpress-tema\/","title":{"rendered":"Eikra Education WordPress Theme 4.4.10"},"content":{"rendered":"<h3>Eikra Education WordPress Theme Caracteristicas<\/h3>\n<p>Eikra Education WordPress Temo, un tema premium dise\u00f1ado exclusivamente para instituciones educativas, como escuelas, colegios, universidades y proveedores de cursos en l\u00ednea, posee un dise\u00f1o de vanguardia y f\u00e1cil de usar que facilita el uso sin esfuerzo y la navegaci\u00f3n perfecta. Este tema ofrece una variedad de plantillas de p\u00e1gina preconstruidas que atienden a cursos, eventos y galer\u00edas, junto con caracter\u00edsticas notables como gesti\u00f3n de cursos en l\u00ednea, perfiles de maestros y registro de estudiantes. Adem\u00e1s, Eikra tambi\u00e9n abarca un extenso repertorio de opciones de personalizaci\u00f3n, lo que le permite personalizar su sitio web para alinearse con la marca distintiva de su instituci\u00f3n y los requisitos espec\u00edficos. Por lo tanto, si el objetivo es exhibir sus cursos, promover sus eventos o fomentar la interacci\u00f3n con sus alumnos, tenga la seguridad de que el tema de WordPress de Eikra Education est\u00e1 totalmente equipado para satisfacer sus diversas necesidades.<\/p>\n<ul>\n<li>Dise\u00f1o moderno y receptivo perfecto para instituciones educativas y proveedores de cursos en l\u00ednea.<\/li>\n<li>Dise\u00f1os y esquemas de color personalizables para que coincidan con la est\u00e9tica de su marca.<\/li>\n<li>Integraci\u00f3n incorporada con plataformas comunes de aprendizaje electr\u00f3nico como LearnDash y Sensei.<\/li>\n<li>Panel de control de usuarios para la creaci\u00f3n y gesti\u00f3n del curso.<\/li>\n<li>Opci\u00f3n para la inscripci\u00f3n de cursos individuales o paquetes de paquetes para m\u00faltiples cursos.<\/li>\n<li>Integraci\u00f3n perfecta con WooCommerce para un procesamiento de pago f\u00e1cil y seguro.<\/li>\n<li>Certificados de seguimiento y finalizaci\u00f3n del progreso interactivo del curso para estudiantes.<\/li>\n<li>Optimizado para la clasificaci\u00f3n de motores de b\u00fasqueda para aumentar el tr\u00e1fico del sitio web y la visibilidad.<\/li>\n<li>La documentaci\u00f3n y el soporte proporcionan una f\u00e1cil configuraci\u00f3n y soluci\u00f3n de problemas.<\/li>\n<li>Actualizaciones y mejoras continuas para garantizar la compatibilidad con la \u00faltima versi\u00f3n de WordPress y las medidas de seguridad.<\/li>\n<\/ul>\n","protected":false},"excerpt":{"rendered":"<p>Estamos encantados de presentar el tema de WordPress Education Eikra, una soluci\u00f3n impecable atendida espec\u00edficamente para las personas que operan dentro de la industria educativa. Este notable tema cuenta con un dise\u00f1o sin problemas junto con una variedad de caracter\u00edsticas avanzadas, permitiendo sin esfuerzo la creaci\u00f3n de un sitio web receptivo y altamente profesional. Eikra supera las expectativas al proporcionar una variedad de herramientas que simplifican el proceso de construcci\u00f3n de sitios web educativos en un grado sin precedentes. Con su variedad de plantillas de p\u00e1gina personalizables, un constructor de p\u00e1ginas intuitivo de arrastrar y soltar e integraci\u00f3n perfecta de un sistema de gesti\u00f3n de aprendizaje incorporado, Eikra surge como la opci\u00f3n definitiva para escuelas, colegios, cursos en l\u00ednea y diversos programas educativos. Emb\u00e1rcate en el viaje de transformar el sitio web de la educaci\u00f3n de tus sue\u00f1os en la realidad hoy aprovechando el poder y el potencial de Eikra.<\/p>\n","protected":false},"featured_media":165923,"comment_status":"open","ping_status":"open","template":"","meta":[],"product_brand":[2337],"product_cat":[1307,1237,1238],"product_tag":[1391],"class_list":{"0":"post-112368","1":"product","2":"type-product","3":"status-publish","4":"has-post-thumbnail","6":"product_brand-themeforest","7":"product_cat-negocio-wordpress-temas","8":"product_cat-temas","9":"product_cat-wordpress-temas","10":"product_tag-themeforest","11":"member-discount","12":"discount-restricted","14":"first","15":"instock","16":"sale","17":"downloadable","18":"virtual","19":"sold-individually","20":"purchasable","21":"product-type-simple"},"_links":{"self":[{"href":"https:\/\/gpl-love.com\/es\/wp-json\/wp\/v2\/product\/112368","targetHints":{"allow":["GET"]}}],"collection":[{"href":"https:\/\/gpl-love.com\/es\/wp-json\/wp\/v2\/product"}],"about":[{"href":"https:\/\/gpl-love.com\/es\/wp-json\/wp\/v2\/types\/product"}],"replies":[{"embeddable":true,"href":"https:\/\/gpl-love.com\/es\/wp-json\/wp\/v2\/comments?post=112368"}],"wp:featuredmedia":[{"embeddable":true,"href":"https:\/\/gpl-love.com\/es\/wp-json\/wp\/v2\/media\/165923"}],"wp:attachment":[{"href":"https:\/\/gpl-love.com\/es\/wp-json\/wp\/v2\/media?parent=112368"}],"wp:term":[{"taxonomy":"product_brand","embeddable":true,"href":"https:\/\/gpl-love.com\/es\/wp-json\/wp\/v2\/product_brand?post=112368"},{"taxonomy":"product_cat","embeddable":true,"href":"https:\/\/gpl-love.com\/es\/wp-json\/wp\/v2\/product_cat?post=112368"},{"taxonomy":"product_tag","embeddable":true,"href":"https:\/\/gpl-love.com\/es\/wp-json\/wp\/v2\/product_tag?post=112368"}],"curies":[{"name":"wp","href":"https:\/\/api.w.org\/{rel}","templated":true}]}}