{"id":112364,"date":"2021-11-19T00:00:00","date_gmt":"2021-11-19T05:00:00","guid":{"rendered":"http:\/\/gpl-love.com\/es\/producto\/picante-restaurant-wordpress-tema\/"},"modified":"2026-03-13T17:27:29","modified_gmt":"2026-03-13T22:27:29","slug":"picante-restaurant-wordpress-tema","status":"publish","type":"product","link":"https:\/\/gpl-love.com\/es\/producto\/picante-restaurant-wordpress-tema\/","title":{"rendered":"Picante Restaurant WordPress Theme 2.4.9"},"content":{"rendered":"<h3>Picante Restaurant WordPress Theme Caracteristicas<\/h3>\n<p>Presentando el notable tema de WordPress de WordPress del restaurante Picante, una soluci\u00f3n integral adaptada a los propietarios de restaurantes m\u00e1s exigentes que anhelan cultivar una presencia en l\u00ednea sofisticada y refinada. Este tema meticulosamente elaborado cuenta con la m\u00e1xima capacidad de respuesta, asegurando que su estimado establecimiento se exhibir\u00e1 sin problemas en todos los dispositivos concebibles. Sum\u00e9rgete en una gran cantidad de caracter\u00edsticas hechas a medida, meticulosamente dise\u00f1adas para satisfacer exclusivamente las necesidades y deseos de la industria culinaria. Del\u00e9itese en la comodidad de los men\u00fas en l\u00ednea, facilitando sin esfuerzo la navegaci\u00f3n y las experiencias de pedido para sus valiosos clientes. Abrace la facilidad de las reservas, permitiendo a sus estimados invitados asegurar sin esfuerzo sus espacios de tiempo deseados. Y para colmo, lujo en la capacidad de exhibir las revisiones de los clientes, permitiendo una mayor sensaci\u00f3n de transparencia y fomentando la confianza entre su clientela cada vez m\u00e1s pescadora. Nutrir su identidad en l\u00ednea \u00fanica mediante opciones de personalizaci\u00f3n extensas, seleccionando desde una amplia gama de esquemas de color cautivadores y fuentes encantadoras, asegurando que su presencia digital refleje sin esfuerzo el alma de su establecimiento. Con el incomparable tema de WordPress de Picante Restaurant, se le concede la capacidad incomparable de exhibir sin problemas sus ofertas gastron\u00f3micas y seleccionar una experiencia digital perfectamente inmersiva para sus estimados clientes.<\/p>\n<ul>\n<li>Dise\u00f1o totalmente receptivo que funciona en todos los dispositivos<\/li>\n<li>Potente constructor de p\u00e1ginas para dise\u00f1os y dise\u00f1os personalizados<\/li>\n<li>Sistema de gesti\u00f3n de men\u00fa incorporado para mostrar men\u00fas de restaurantes<\/li>\n<li>Integraci\u00f3n del sistema de reserva en l\u00ednea para reservas f\u00e1ciles<\/li>\n<li>Galer\u00edas de im\u00e1genes llamativas para exhibir ambiente de restaurante y platos<\/li>\n<li>M\u00faltiples opciones de dise\u00f1o de blog para compartir actualizaciones y noticias<\/li>\n<li>Iconos integrados de redes sociales para f\u00e1cil compartir y promoci\u00f3n<\/li>\n<li>Esquemas de color personalizables para combinar la marca de los restaurantes<\/li>\n<li>SEO optimizado para una mejor clasificaci\u00f3n de motores de b\u00fasqueda<\/li>\n<li>Atenci\u00f3n al cliente dedicada para cualquier pregunta o problema.<\/li>\n<\/ul>\n","protected":false},"excerpt":{"rendered":"<p>Si usted es propietario de un restaurante que busca establecer una presencia en l\u00ednea cautivadora, el tema de WordPress del restaurante Picante es la soluci\u00f3n definitiva para usted. Este notable tema cuenta con un dise\u00f1o elegante, una variedad de opciones personalizables y una interfaz f\u00e1cil de usar, lo que le permite mostrar elegantemente el men\u00fa, la ubicaci\u00f3n y las caracter\u00edsticas distintivas de su restaurante. Adem\u00e1s, su dise\u00f1o receptivo garantiza que su sitio web exude excelencia en todos los dispositivos, mientras que la inclusi\u00f3n de un constructor de p\u00e1ginas incorporado le faculta dise\u00f1ar dise\u00f1os \u00fanicos sin ninguna experiencia de codificaci\u00f3n. Independientemente de si su establecimiento es una cafeter\u00eda pintoresca o una cadena en expansi\u00f3n, el tema de WordPress del restaurante Picante es sin duda la v\u00eda perfecta para publicitar su negocio y atraer a una clientela m\u00e1s grande.<\/p>\n","protected":false},"featured_media":167214,"comment_status":"open","ping_status":"open","template":"","meta":[],"product_brand":[2337],"product_cat":[1646,1237,1238],"product_tag":[1391],"class_list":{"0":"post-112364","1":"product","2":"type-product","3":"status-publish","4":"has-post-thumbnail","6":"product_brand-themeforest","7":"product_cat-alimentacion-y-restaurante","8":"product_cat-temas","9":"product_cat-wordpress-temas","10":"product_tag-themeforest","11":"member-discount","12":"discount-restricted","14":"first","15":"instock","16":"sale","17":"downloadable","18":"virtual","19":"sold-individually","20":"purchasable","21":"product-type-simple"},"_links":{"self":[{"href":"https:\/\/gpl-love.com\/es\/wp-json\/wp\/v2\/product\/112364","targetHints":{"allow":["GET"]}}],"collection":[{"href":"https:\/\/gpl-love.com\/es\/wp-json\/wp\/v2\/product"}],"about":[{"href":"https:\/\/gpl-love.com\/es\/wp-json\/wp\/v2\/types\/product"}],"replies":[{"embeddable":true,"href":"https:\/\/gpl-love.com\/es\/wp-json\/wp\/v2\/comments?post=112364"}],"wp:featuredmedia":[{"embeddable":true,"href":"https:\/\/gpl-love.com\/es\/wp-json\/wp\/v2\/media\/167214"}],"wp:attachment":[{"href":"https:\/\/gpl-love.com\/es\/wp-json\/wp\/v2\/media?parent=112364"}],"wp:term":[{"taxonomy":"product_brand","embeddable":true,"href":"https:\/\/gpl-love.com\/es\/wp-json\/wp\/v2\/product_brand?post=112364"},{"taxonomy":"product_cat","embeddable":true,"href":"https:\/\/gpl-love.com\/es\/wp-json\/wp\/v2\/product_cat?post=112364"},{"taxonomy":"product_tag","embeddable":true,"href":"https:\/\/gpl-love.com\/es\/wp-json\/wp\/v2\/product_tag?post=112364"}],"curies":[{"name":"wp","href":"https:\/\/api.w.org\/{rel}","templated":true}]}}