{"id":112362,"date":"2023-11-23T00:00:00","date_gmt":"2023-11-23T05:00:00","guid":{"rendered":"http:\/\/gpl-love.com\/es\/producto\/thecraft-responsive-multipurpose-premium-wordpress-tema\/"},"modified":"2026-03-13T17:30:53","modified_gmt":"2026-03-13T22:30:53","slug":"thecraft-responsive-multipurpose-premium-wordpress-tema","status":"publish","type":"product","link":"https:\/\/gpl-love.com\/es\/producto\/thecraft-responsive-multipurpose-premium-wordpress-tema\/","title":{"rendered":"TheCraft Responsive Multipurpose Premium WordPress Theme 1.26"},"content":{"rendered":"<h3>TheCraft Responsive Multipurpose Premium WordPress Theme Caracteristicas<\/h3>\n<p>El tema de WordPress premium de MultipUrium que receptiva es una soluci\u00f3n incre\u00edblemente vers\u00e1til e integral. Proporciona a los usuarios la capacidad de crear sitios web profesionales y atractivos que seguramente impresionar\u00e1n. Este tema cuenta con un dise\u00f1o elegante y moderno, lo que lo convierte en la opci\u00f3n ideal para empresas, agencias creativas e individuos que desean mostrar su trabajo y sus servicios de manera efectiva.<\/p>\n<p>Una de las caracter\u00edsticas m\u00e1s destacadas de la artesan\u00eda es su dise\u00f1o receptivo. Esto significa que su sitio web se ver\u00e1 fant\u00e1stico en cualquier dispositivo, ya sea una computadora de escritorio, tableta o tel\u00e9fono m\u00f3vil. Con el creciente n\u00famero de personas que acceden a Internet desde sus dispositivos m\u00f3viles, es crucial tener un sitio web que se adapte a diferentes tama\u00f1os de pantalla. La artesan\u00eda asegura que su contenido siempre se mostrar\u00e1 de la mejor manera posible, independientemente del dispositivo en el que se vea.<\/p>\n<p>Otro gran aspecto de la artesan\u00eda es la amplia gama de opciones personalizables y plantillas predise\u00f1adas. Esto permite a los usuarios crear un sitio web \u00fanico y personalizado sin la necesidad de ning\u00fan conocimiento de codificaci\u00f3n. Ya sea que desee cambiar el esquema de color, la tipograf\u00eda o el dise\u00f1o de su sitio, la artesan\u00eda facilita que sea hacerlo. Con solo unos pocos clics, puede transformar su sitio web en algo que realmente represente su marca o negocio.<\/p>\n<p>Una de las caracter\u00edsticas m\u00e1s destacadas de la artesan\u00eda es su potente e intuitivo constructor de p\u00e1ginas de arrastrar y soltar. Esta herramienta permite a los usuarios crear p\u00e1ginas y dise\u00f1os impresionantes sin la necesidad de ning\u00fan conocimiento de codificaci\u00f3n. Simplemente arrastre y suelte elementos en su p\u00e1gina, reorgan\u00edcelos seg\u00fan lo desee y vea que su sitio web cobre vida. Esta caracter\u00edstica es perfecta para los usuarios que desean tener un control completo sobre el dise\u00f1o y el dise\u00f1o de su sitio.<\/p>\n<p>Adem\u00e1s de sus impresionantes opciones de dise\u00f1o y personalizaci\u00f3n, la artesan\u00eda tambi\u00e9n incluye una gama de complementos premium. Estos complementos, incluidos Slider Revolution y WPbakery Page Builder, brindan a los usuarios a\u00fan m\u00e1s opciones y flexibilidad cuando se trata de crear su sitio web. Ya sea que desee agregar controles deslizantes llamativos a su p\u00e1gina de inicio o crear dise\u00f1os de p\u00e1gina complejos, estos complementos lo tienen cubierto.<\/p>\n<p>En general, ya sea que sea un desarrollador web para principiantes o experimentados, el tema de WordPress de WordPress multiprop\u00f3sito que receptiva es la opci\u00f3n perfecta para crear un sitio web din\u00e1mico y profesional. Su dise\u00f1o elegante, dise\u00f1o receptivo, opciones personalizables y complementos potentes lo convierten en una soluci\u00f3n integral que seguramente satisfar\u00e1 todas las necesidades de su sitio web. No se conformes con un tema gen\u00e9rico cuando puedas tener algo realmente especial con la artesan\u00eda.<\/p>\n<ul>\n<li>THECAFT es un tema de WordPress altamente vers\u00e1til y multiprop\u00f3sito dise\u00f1ado para una amplia gama de sitios web, desde blogs y carteras en l\u00ednea hasta sitios comerciales y de comercio electr\u00f3nico.<\/li>\n<li>Con su dise\u00f1o moderno y profesional, THECAFT es totalmente receptiva y amigable con los dispositivos m\u00f3viles, lo que garantiza que su sitio web se vea muy bien en cualquier dispositivo.<\/li>\n<li>El tema viene con una amplia gama de plantillas y opciones predise\u00f1adas, lo que le permite personalizar su sitio de manera r\u00e1pida y f\u00e1cil sin necesidad de habilidades de codificaci\u00f3n.<\/li>\n<li>La artesan\u00eda est\u00e1 optimizada para la velocidad y el rendimiento, asegurando tiempos de carga r\u00e1pidos y una experiencia de usuario suave para los visitantes.<\/li>\n<li>El tema es totalmente compatible con las populares plataformas de comercio electr\u00f3nico como WooCommerce, lo que le permite crear una poderosa tienda en l\u00ednea con facilidad.<\/li>\n<li>La artesan\u00eda tambi\u00e9n incluye una gama de poderosos complementos y herramientas, incluidas opciones de optimizaci\u00f3n de SEO, integraci\u00f3n de redes sociales y widgets personalizables.<\/li>\n<li>Con actualizaciones peri\u00f3dicas y soporte dedicado de los desarrolladores de temas, THECAFT proporciona una soluci\u00f3n confiable y efectiva para las necesidades de su sitio web de WordPress.<\/li>\n<\/ul>\n","protected":false},"excerpt":{"rendered":"<p>La artesan\u00eda es un tema extraordinario de WordPress de WordPress de MultipUrium extraordinario que es excepcionalmente ideal para la creaci\u00f3n de sitios web visualmente llamativos para cualquier prop\u00f3sito concebible. Poseer un dise\u00f1o inmaculado y de vanguardia, presenta una extensa gama de opciones de personalizaci\u00f3n que abarca numerosos dise\u00f1os, esquemas de color y opciones de tipograf\u00eda. Adem\u00e1s, el tema est\u00e1 equipado con un constructor de p\u00e1ginas de arrastrar y soltar notablemente f\u00e1cil de usar y proporciona una extensa colecci\u00f3n de plantillas predise\u00f1adas, lo que hace que el proceso de construcci\u00f3n de su sitio web sea un esfuerzo sin esfuerzo. Adem\u00e1s, est\u00e1 meticulosamente optimizado para la optimizaci\u00f3n de motores de b\u00fasqueda y garantiza la mayor amigable m\u00f3vil, lo que garantiza que su sitio web exhibir\u00e1 una est\u00e9tica visual notable independientemente del dispositivo de elecci\u00f3n. Independientemente de si tiene como objetivo establecer un blog sorprendente, una cartera visualmente cautivadora o una tienda en l\u00ednea atractiva, la artesan\u00eda es un tema incre\u00edblemente vers\u00e1til que sin duda dejar\u00e1 una impresi\u00f3n indeleble.<\/p>\n","protected":false},"featured_media":167721,"comment_status":"open","ping_status":"open","template":"","meta":[],"product_brand":[2337],"product_cat":[1239,1237,1238],"product_tag":[1391],"class_list":{"0":"post-112362","1":"product","2":"type-product","3":"status-publish","4":"has-post-thumbnail","6":"product_brand-themeforest","7":"product_cat-de-multiples-fines","8":"product_cat-temas","9":"product_cat-wordpress-temas","10":"product_tag-themeforest","11":"member-discount","12":"discount-restricted","14":"first","15":"instock","16":"sale","17":"downloadable","18":"virtual","19":"sold-individually","20":"purchasable","21":"product-type-simple"},"_links":{"self":[{"href":"https:\/\/gpl-love.com\/es\/wp-json\/wp\/v2\/product\/112362","targetHints":{"allow":["GET"]}}],"collection":[{"href":"https:\/\/gpl-love.com\/es\/wp-json\/wp\/v2\/product"}],"about":[{"href":"https:\/\/gpl-love.com\/es\/wp-json\/wp\/v2\/types\/product"}],"replies":[{"embeddable":true,"href":"https:\/\/gpl-love.com\/es\/wp-json\/wp\/v2\/comments?post=112362"}],"wp:featuredmedia":[{"embeddable":true,"href":"https:\/\/gpl-love.com\/es\/wp-json\/wp\/v2\/media\/167721"}],"wp:attachment":[{"href":"https:\/\/gpl-love.com\/es\/wp-json\/wp\/v2\/media?parent=112362"}],"wp:term":[{"taxonomy":"product_brand","embeddable":true,"href":"https:\/\/gpl-love.com\/es\/wp-json\/wp\/v2\/product_brand?post=112362"},{"taxonomy":"product_cat","embeddable":true,"href":"https:\/\/gpl-love.com\/es\/wp-json\/wp\/v2\/product_cat?post=112362"},{"taxonomy":"product_tag","embeddable":true,"href":"https:\/\/gpl-love.com\/es\/wp-json\/wp\/v2\/product_tag?post=112362"}],"curies":[{"name":"wp","href":"https:\/\/api.w.org\/{rel}","templated":true}]}}