{"id":112360,"date":"2025-03-25T00:00:00","date_gmt":"2025-03-25T05:00:00","guid":{"rendered":"http:\/\/gpl-love.com\/es\/producto\/medical-clinic-health-y-doctor-medical-wordpress-tema\/"},"modified":"2026-03-13T17:24:17","modified_gmt":"2026-03-13T22:24:17","slug":"medical-clinic-health-y-doctor-medical-wordpress-tema","status":"publish","type":"product","link":"https:\/\/gpl-love.com\/es\/producto\/medical-clinic-health-y-doctor-medical-wordpress-tema\/","title":{"rendered":"Medical Clinic Health y Doctor Medical WordPress Theme 1.4.0"},"content":{"rendered":"<h3>Medical Clinic Health y Doctor Medical WordPress Theme Caracteristicas<\/h3>\n<p>El tema de WordPress Medical Health and Medical WordPress de la Cl\u00ednica M\u00e9dica es un tema de WordPress que lo abarca todo y se ha usado el uso del uso de cl\u00ednicas m\u00e9dicas, hospitales y profesionales de la salud. Este notable tema cuenta con una extensa variedad de caracter\u00edsticas, que van desde una multitud de plantillas de p\u00e1gina hasta widgets personalizados, todo el tiempo garantizando una capacidad de respuesta perfecta y una compatibilidad completa con complementos populares de WordPress. Gracias a su dise\u00f1o elegante y contempor\u00e1neo, este tema sirve como la plataforma perfecta para exhibir servicios m\u00e9dicos, miembros del personal y testimonios, facilitando enormemente la b\u00fasqueda de los pacientes de la informaci\u00f3n que requieren. Adem\u00e1s, este tema ofrece un notable nivel de flexibilidad, lo que permite la personalizaci\u00f3n sin esfuerzo tanto del dise\u00f1o como del dise\u00f1o para adaptarse perfectamente a sus requisitos \u00fanicos. Teniendo en cuenta todos estos factores, queda muy claro que el tema de la WordPress Medical Health and Medical WordPress de la Cl\u00ednica M\u00e9dica es una opci\u00f3n sobresaliente para cualquier pr\u00e1ctica m\u00e9dica con el objetivo de establecer una presencia en l\u00ednea pulida y profesional.<\/p>\n<ul>\n<li>Un tema de WordPress totalmente receptivo y personalizable dise\u00f1ado espec\u00edficamente para cl\u00ednicas m\u00e9dicas y m\u00e9dicos.<\/li>\n<li>Viene con un sistema de reserva de citas incorporada para administrar todas las citas de los pacientes.<\/li>\n<li>El constructor de p\u00e1ginas intuitivo de arrastrar y soltar facilita la creaci\u00f3n de p\u00e1ginas \u00fanicas para su cl\u00ednica.<\/li>\n<li>Incluye varias plantillas predise\u00f1adas para servicios, testimonios, miembros del equipo y m\u00e1s.<\/li>\n<li>Optimizado para los motores de b\u00fasqueda para ayudar a su cl\u00ednica a clasificar m\u00e1s alto en los resultados de b\u00fasqueda.<\/li>\n<li>Compatible con complementos populares como WooCommerce, el Formulario de contacto 7 y WPForms.<\/li>\n<li>Construido con un c\u00f3digo limpio y liviano para garantizar tiempos de carga r\u00e1pidas para su sitio web.<\/li>\n<li>Proporciona un panel de opciones de temas f\u00e1ciles de usar para personalizar colores, fuentes y otros elementos de dise\u00f1o.<\/li>\n<li>Incluye documentaci\u00f3n detallada y soporte gratuito para ayudarlo a comenzar con su sitio web.<\/li>\n<li>Actualizado regularmente para garantizar la compatibilidad con la \u00faltima versi\u00f3n de WordPress y los est\u00e1ndares de seguridad.<\/li>\n<\/ul>\n","protected":false},"excerpt":{"rendered":"<p>El tema m\u00e9dico de WordPress Medical Health and Medical, un tema altamente sofisticado y f\u00e1cil de usar, ha sido dise\u00f1ado espec\u00edficamente para cl\u00ednicas m\u00e9dicas, hospitales y profesionales de la salud. Con un dise\u00f1o inmaculado y contempor\u00e1neo, este tema ofrece una gran cantidad de funcionalidades avanzadas, incluida la capacidad de programar citas, personalizar dise\u00f1os de p\u00e1gina y adaptarse a varios dispositivos con su dise\u00f1o receptivo. Ya sea que est\u00e9 buscando establecer una presencia en l\u00ednea para su pr\u00e1ctica m\u00e9dica o elevar su sitio web actual, este tema sirve como la elecci\u00f3n por excelencia. Abarca una amplia gama de caracter\u00edsticas que resaltan sin esfuerzo sus servicios, miembros del equipo y testimonios de pacientes, al tiempo que le permite adaptar el tema para alinearse con su marca y requisitos espec\u00edficos. Al utilizar el tema m\u00e9dico de la cl\u00ednica m\u00e9dica y el tema m\u00e9dico de WordPress, puede crear sin esfuerzo un sitio web profesional, conocedor y compasivo que se comunique de manera efectiva con sus pacientes.<\/p>\n","protected":false},"featured_media":166723,"comment_status":"open","ping_status":"open","template":"","meta":[],"product_brand":[2337],"product_cat":[1307,1237,1238],"product_tag":[1391],"class_list":{"0":"post-112360","1":"product","2":"type-product","3":"status-publish","4":"has-post-thumbnail","6":"product_brand-themeforest","7":"product_cat-negocio-wordpress-temas","8":"product_cat-temas","9":"product_cat-wordpress-temas","10":"product_tag-themeforest","11":"member-discount","12":"discount-restricted","14":"first","15":"instock","16":"sale","17":"downloadable","18":"virtual","19":"sold-individually","20":"purchasable","21":"product-type-simple"},"_links":{"self":[{"href":"https:\/\/gpl-love.com\/es\/wp-json\/wp\/v2\/product\/112360","targetHints":{"allow":["GET"]}}],"collection":[{"href":"https:\/\/gpl-love.com\/es\/wp-json\/wp\/v2\/product"}],"about":[{"href":"https:\/\/gpl-love.com\/es\/wp-json\/wp\/v2\/types\/product"}],"replies":[{"embeddable":true,"href":"https:\/\/gpl-love.com\/es\/wp-json\/wp\/v2\/comments?post=112360"}],"wp:featuredmedia":[{"embeddable":true,"href":"https:\/\/gpl-love.com\/es\/wp-json\/wp\/v2\/media\/166723"}],"wp:attachment":[{"href":"https:\/\/gpl-love.com\/es\/wp-json\/wp\/v2\/media?parent=112360"}],"wp:term":[{"taxonomy":"product_brand","embeddable":true,"href":"https:\/\/gpl-love.com\/es\/wp-json\/wp\/v2\/product_brand?post=112360"},{"taxonomy":"product_cat","embeddable":true,"href":"https:\/\/gpl-love.com\/es\/wp-json\/wp\/v2\/product_cat?post=112360"},{"taxonomy":"product_tag","embeddable":true,"href":"https:\/\/gpl-love.com\/es\/wp-json\/wp\/v2\/product_tag?post=112360"}],"curies":[{"name":"wp","href":"https:\/\/api.w.org\/{rel}","templated":true}]}}