{"id":112358,"date":"2025-07-23T00:00:00","date_gmt":"2025-07-23T05:00:00","guid":{"rendered":"http:\/\/gpl-love.com\/es\/producto\/mitup-event-y-conference-wordpress-tema\/"},"modified":"2026-04-10T11:16:46","modified_gmt":"2026-04-10T16:16:46","slug":"mitup-event-y-conference-wordpress-tema","status":"publish","type":"product","link":"https:\/\/gpl-love.com\/es\/producto\/mitup-event-y-conference-wordpress-tema\/","title":{"rendered":"MitUp Event y Conference WordPress Theme 1.3.5"},"content":{"rendered":"<h3>MitUp Event y Conference WordPress Theme Caracteristicas<\/h3>\n<p>Mitup Event and Conference WordPress Theme es un tema meticulosamente elaborado y tecnol\u00f3gicamente avanzado que se ha adaptado espec\u00edficamente para satisfacer las necesidades y requisitos de los organizadores de eventos y los planificadores de conferencias. Su amplia gama de caracter\u00edsticas innovadoras y funcionalidades de vanguardia lo convierten en una herramienta indispensable para la gesti\u00f3n de eventos sin problemas. Al ofrecer una interfaz perfecta y f\u00e1cil de usar, este notable tema garantiza una experiencia de usuario incomparable tanto para los organizadores de eventos como para los asistentes. Con una gran cantidad de caracter\u00edsticas s\u00f3lidas como la programaci\u00f3n de eventos, la gesti\u00f3n de los altavoces, el registro en l\u00ednea, la integraci\u00f3n de la pasarela de pago y mucho m\u00e1s, Mitup equipa a los usuarios con todas las herramientas necesarias para organizar y ejecutar eventos y conferencias exitosas sin esfuerzo. Adem\u00e1s, este tema altamente personalizable permite a los usuarios personalizar todos los aspectos de su sitio web, transform\u00e1ndolo sin esfuerzo para adaptarse a sus preferencias \u00fanicas y requisitos espec\u00edficos. Con su dise\u00f1o visualmente impresionante y su funcionalidad impecable, Mitup es una elecci\u00f3n convincente para las personas que buscan crear sitios web de eventos y conferencias profesionales y est\u00e9ticamente agradables que combinen el estilo y la sustancia sin esfuerzo. Ya sea que est\u00e9 organizando una reuni\u00f3n a peque\u00f1a escala o una conferencia en expansi\u00f3n, Mitup ofrece una plataforma excepcional para atender eventos de cualquier magnitud o complejidad. En conclusi\u00f3n, el tema de WordPress de WordPress de MITUP y conferencia se considera una elecci\u00f3n excepcional para aquellos que buscan orquestar eventos o conferencias memorables y sin problemas ejecutados.<\/p>\n<ul>\n<li>Tema de WordPress altamente personalizable dise\u00f1ado para organizar y promover eventos y conferencias<\/li>\n<li>Soporte creado para la programaci\u00f3n de eventos, boletos, gesti\u00f3n de oradores y promoci\u00f3n del patrocinador<\/li>\n<li>Viene con plantillas listas para usar para el hogar, el altavoz, el horario, la galer\u00eda, las p\u00e1ginas de blog y contacto<\/li>\n<li>Cuenta con un constructor de p\u00e1ginas de arrastrar y soltar intuitivo para ayudarlo a crear y editar p\u00e1ginas sin esfuerzo<\/li>\n<li>Dise\u00f1o totalmente receptivo y amigable para los dispositivos m\u00f3viles para garantizar una gran experiencia de usuario en cada dispositivo<\/li>\n<li>Estructura lista para SEO para una mejor visibilidad en los motores de b\u00fasqueda<\/li>\n<li>Optimizado para la velocidad y el rendimiento para mejorar los tiempos de carga del sitio web<\/li>\n<li>Integraci\u00f3n con complementos populares de WordPress como WooCommerce, Contact Form 7, JetPack y m\u00e1s<\/li>\n<li>Documentaci\u00f3n integral y soporte 24\/7 para la gesti\u00f3n de sitios web sin problemas.<\/li>\n<\/ul>\n","protected":false},"excerpt":{"rendered":"<p>El evento de WordPress del evento y conferencia de Mitup, un tema espec\u00edficamente dise\u00f1ado para la gesti\u00f3n de eventos y los sitios web de la conferencia, cuenta con una apariencia contempor\u00e1nea y sofisticada. Este tema ofrece una gran cantidad de caracter\u00edsticas que incluyen una p\u00e1gina de inicio que se puede adaptar a sus requisitos espec\u00edficos, p\u00e1ginas de eventos que se pueden personalizar a su gusto, perfiles de altavoces que pueden ser personalizados y formularios de registro que facilitan la gesti\u00f3n perfecta de sus pr\u00f3ximos eventos. Con su dise\u00f1o elegante y f\u00e1cil de usar, dise\u00f1o adaptable y una amplia gama de opciones de personalizaci\u00f3n, el tema de WordPress de MITUP y Conference se garantiza que establecer\u00e1 una huella digital notable para cualquier empresa orientada al evento.<\/p>\n","protected":false},"featured_media":166790,"comment_status":"open","ping_status":"open","template":"","meta":[],"product_brand":[2337],"product_cat":[1307,1237,1238],"product_tag":[1391],"class_list":{"0":"post-112358","1":"product","2":"type-product","3":"status-publish","4":"has-post-thumbnail","6":"product_brand-themeforest","7":"product_cat-negocio-wordpress-temas","8":"product_cat-temas","9":"product_cat-wordpress-temas","10":"product_tag-themeforest","11":"member-discount","12":"discount-restricted","14":"first","15":"instock","16":"sale","17":"downloadable","18":"virtual","19":"sold-individually","20":"purchasable","21":"product-type-simple"},"_links":{"self":[{"href":"https:\/\/gpl-love.com\/es\/wp-json\/wp\/v2\/product\/112358","targetHints":{"allow":["GET"]}}],"collection":[{"href":"https:\/\/gpl-love.com\/es\/wp-json\/wp\/v2\/product"}],"about":[{"href":"https:\/\/gpl-love.com\/es\/wp-json\/wp\/v2\/types\/product"}],"replies":[{"embeddable":true,"href":"https:\/\/gpl-love.com\/es\/wp-json\/wp\/v2\/comments?post=112358"}],"wp:featuredmedia":[{"embeddable":true,"href":"https:\/\/gpl-love.com\/es\/wp-json\/wp\/v2\/media\/166790"}],"wp:attachment":[{"href":"https:\/\/gpl-love.com\/es\/wp-json\/wp\/v2\/media?parent=112358"}],"wp:term":[{"taxonomy":"product_brand","embeddable":true,"href":"https:\/\/gpl-love.com\/es\/wp-json\/wp\/v2\/product_brand?post=112358"},{"taxonomy":"product_cat","embeddable":true,"href":"https:\/\/gpl-love.com\/es\/wp-json\/wp\/v2\/product_cat?post=112358"},{"taxonomy":"product_tag","embeddable":true,"href":"https:\/\/gpl-love.com\/es\/wp-json\/wp\/v2\/product_tag?post=112358"}],"curies":[{"name":"wp","href":"https:\/\/api.w.org\/{rel}","templated":true}]}}