{"id":112356,"date":"2025-06-12T00:00:00","date_gmt":"2025-06-12T05:00:00","guid":{"rendered":"http:\/\/gpl-love.com\/es\/producto\/avaz-fashion-responsive-woocommerce-wordpress-tema\/"},"modified":"2026-03-13T17:16:14","modified_gmt":"2026-03-13T22:16:14","slug":"avaz-fashion-responsive-woocommerce-wordpress-tema","status":"publish","type":"product","link":"https:\/\/gpl-love.com\/es\/producto\/avaz-fashion-responsive-woocommerce-wordpress-tema\/","title":{"rendered":"Avaz Fashion Responsive WooCommerce WordPress Theme 2.9"},"content":{"rendered":"<h3>Avaz Fashion Responsive WooCommerce WordPress Theme Caracteristicas<\/h3>\n<p>El tema de WordPress de WooCommerce de la moda de Avaz se presenta como una soluci\u00f3n exquisita y contempor\u00e1nea dise\u00f1ada espec\u00edficamente para cualquier emporio de moda en l\u00ednea. Hecho a mano con el m\u00e1ximo cuidado y precisi\u00f3n, su dise\u00f1o totalmente receptivo garantiza una visualizaci\u00f3n \u00f3ptima y perfecta a trav\u00e9s de una variedad de dispositivos, desde el escritorio convencional hasta el panorama m\u00f3vil en constante expansi\u00f3n. Descansando sobre la s\u00f3lida base de la plataforma WooCommerce, este tema facilita sin problemas la gesti\u00f3n de su amplia gama de productos, pedidos y clientes valorados. Con una est\u00e9tica con buen gusto y redactada, sirve sin esfuerzo como el lienzo perfecto para exhibir sus productos de moda, elevando as\u00ed la experiencia general de compra a alturas et\u00e9reas para su estimada clientela. Adem\u00e1s, esta obra maestra multifac\u00e9tica le brinda la libertad de personalizar una amplia gama de opciones, que van desde esquemas de color hasta el dise\u00f1o, lo que hace que el tema de WordPress de WooCommerce de la moda de Avaz sea una opci\u00f3n inequ\u00edvocamente vers\u00e1til y sin esfuerzo navegable para los aficionados de moda que buscan hacer una resoluci\u00f3n en l\u00ednea en l\u00ednea en l\u00ednea resuelto en l\u00ednea Presencia que llama la atenci\u00f3n e infunde confianza.<\/p>\n<ul>\n<li>Avaz Fashion es un tema de WordPress de WooCommerce dise\u00f1ado para sitios web de comercio electr\u00f3nico de moda y belleza.<\/li>\n<li>Viene con un dise\u00f1o receptivo que se adapta a todos los tama\u00f1os de pantalla, haci\u00e9ndolo compatible con escritorio, tableta y dispositivos m\u00f3viles.<\/li>\n<li>El tema est\u00e1 optimizado para velocidades de carga r\u00e1pidas y un excelente rendimiento, lo que garantiza una experiencia de usuario fluida para sus clientes.<\/li>\n<li>Avaz Fashion tiene un dise\u00f1o flexible, con la capacidad de personalizar los colores, las fuentes, los widgets y otros elementos para que coincidan con el estilo y la personalidad de su marca.<\/li>\n<li>El tema tiene m\u00faltiples plantillas preconstruidas para diferentes tipos de p\u00e1ginas, incluyendo hogar, tienda, producto, carrito, pago, blog y contacto.<\/li>\n<li>Tambi\u00e9n tiene soporte para m\u00faltiples idiomas y monedas, lo que lo hace ideal para tiendas en l\u00ednea globales.<\/li>\n<li>La moda de Avaz es amigable con SEO, con un c\u00f3digo limpio y optimizado que ayuda a mejorar la clasificaci\u00f3n de su sitio web en los motores de b\u00fasqueda.<\/li>\n<li>El tema es compatible con complementos e integraciones populares como MailChimp, Instagram Feed, WPML, Contact Form 7 y mucho m\u00e1s.<\/li>\n<li>Con Avaz Fashion, obtienes una gu\u00eda de documentaci\u00f3n completa y un apoyo dedicado de los desarrolladores del tema en caso de que encuentre cualquier problema o tenga preguntas sobre su sitio web.<\/li>\n<\/ul>\n","protected":false},"excerpt":{"rendered":"<p>Desatara todo el potencial de su negocio de moda con el tema de WordPress de WooCommerce de moda de Avaz. Este poderoso tema de WordPress est\u00e1 dise\u00f1ado espec\u00edficamente para minoristas de moda y boutiques, que ofrece un dise\u00f1o visualmente impresionante y altamente receptivo que se ve muy bien en cualquier dispositivo. Con la integraci\u00f3n de WooCommerce, la administraci\u00f3n de su tienda en l\u00ednea se convierte en muy f\u00e1cil, proporcionando una experiencia de compra perfecta para sus clientes. El tema tambi\u00e9n incluye una variedad de opciones de personalizaci\u00f3n, lo que le permite adaptar el aspecto de su sitio para que coincida con su marca. Adem\u00e1s, con WordPress, tendr\u00e1 acceso a innumerables complementos y caracter\u00edsticas para mejorar a\u00fan m\u00e1s la funcionalidad de su sitio. Elija el tema de WordPress de WooCommerce de Avaz Fashion para no solo atraer a m\u00e1s clientes, sino tambi\u00e9n para que regresen por m\u00e1s.<\/p>\n","protected":false},"featured_media":165446,"comment_status":"open","ping_status":"open","template":"","meta":[],"product_brand":[2337],"product_cat":[1263,1469,1237],"product_tag":[1391],"class_list":{"0":"post-112356","1":"product","2":"type-product","3":"status-publish","4":"has-post-thumbnail","6":"product_brand-themeforest","7":"product_cat-comercio-electronico-temas","8":"product_cat-creativo-comercio-electronico-temas","9":"product_cat-temas","10":"product_tag-themeforest","11":"member-discount","12":"discount-restricted","14":"first","15":"instock","16":"sale","17":"downloadable","18":"virtual","19":"sold-individually","20":"purchasable","21":"product-type-simple"},"_links":{"self":[{"href":"https:\/\/gpl-love.com\/es\/wp-json\/wp\/v2\/product\/112356","targetHints":{"allow":["GET"]}}],"collection":[{"href":"https:\/\/gpl-love.com\/es\/wp-json\/wp\/v2\/product"}],"about":[{"href":"https:\/\/gpl-love.com\/es\/wp-json\/wp\/v2\/types\/product"}],"replies":[{"embeddable":true,"href":"https:\/\/gpl-love.com\/es\/wp-json\/wp\/v2\/comments?post=112356"}],"wp:featuredmedia":[{"embeddable":true,"href":"https:\/\/gpl-love.com\/es\/wp-json\/wp\/v2\/media\/165446"}],"wp:attachment":[{"href":"https:\/\/gpl-love.com\/es\/wp-json\/wp\/v2\/media?parent=112356"}],"wp:term":[{"taxonomy":"product_brand","embeddable":true,"href":"https:\/\/gpl-love.com\/es\/wp-json\/wp\/v2\/product_brand?post=112356"},{"taxonomy":"product_cat","embeddable":true,"href":"https:\/\/gpl-love.com\/es\/wp-json\/wp\/v2\/product_cat?post=112356"},{"taxonomy":"product_tag","embeddable":true,"href":"https:\/\/gpl-love.com\/es\/wp-json\/wp\/v2\/product_tag?post=112356"}],"curies":[{"name":"wp","href":"https:\/\/api.w.org\/{rel}","templated":true}]}}