{"id":112354,"date":"2022-12-05T00:00:00","date_gmt":"2022-12-05T05:00:00","guid":{"rendered":"http:\/\/gpl-love.com\/es\/producto\/mgana-clean-minimal-woocommerce-tema\/"},"modified":"2026-04-10T11:16:35","modified_gmt":"2026-04-10T16:16:35","slug":"mgana-clean-minimal-woocommerce-tema","status":"publish","type":"product","link":"https:\/\/gpl-love.com\/es\/producto\/mgana-clean-minimal-woocommerce-tema\/","title":{"rendered":"Mgana Clean Minimal WooCommerce Theme 1.2.1"},"content":{"rendered":"<h3>Mgana Clean Minimal WooCommerce Theme Caracteristicas<\/h3>\n<p>El tema de WooCommerce m\u00ednimo de Mgana Clean, con su dise\u00f1o elegante y contempor\u00e1neo, proporciona una soluci\u00f3n ideal de comercio electr\u00f3nico para cualquier tienda en l\u00ednea que busque una est\u00e9tica limpia y m\u00ednima. Este tema est\u00e1 espec\u00edficamente optimizado para WooCommerce, que abarca todas las caracter\u00edsticas y funcionalidades esenciales necesarias para facilitar el desarrollo de una tienda en l\u00ednea profesional y f\u00e1cil de usar. Al adoptar un enfoque limpio y minimalista, el dise\u00f1o de este tema dirige la atenci\u00f3n hacia sus productos, resalt\u00e1ndolos efectivamente como el principal punto focal de su sitio web. Adem\u00e1s, el tema de WooCommerce m\u00ednimo de MGANA Clean cuenta con un panel de administraci\u00f3n robusto y personalizable, lo que permite que la gesti\u00f3n y la personalizaci\u00f3n de las tiendas sin esfuerzo se alineen con su estilo y marca \u00fanicos. Al utilizar el tema de WooCommerce m\u00ednimo de Mgana Clean, establecer\u00e1 una tienda en l\u00ednea moderna y de moda que seguramente cautivar\u00e1 a sus clientes y facilitar\u00e1 el crecimiento de su negocio.<\/p>\n<ul>\n<li>Un tema de WooCommerce limpio y minimalista perfecto para sitios web de comercio electr\u00f3nico<\/li>\n<li>Viene con m\u00faltiples dise\u00f1os de p\u00e1gina de inicio predise\u00f1ados para elegir<\/li>\n<li>Totalmente personalizable con un panel de opciones de temas f\u00e1ciles de usar<\/li>\n<li>Dise\u00f1o receptivo m\u00f3vil para navegaci\u00f3n perfecta en todos los dispositivos<\/li>\n<li>Admite complementos populares de WooCommerce para una funcionalidad adicional<\/li>\n<li>Optimizado para velocidades de carga r\u00e1pidas y SEO<\/li>\n<li>Integraci\u00f3n f\u00e1cil con pasarelas de pago populares para transacciones sin problemas<\/li>\n<li>Dise\u00f1o profesional y moderno con atenci\u00f3n al detalle<\/li>\n<li>Documentaci\u00f3n extensa y atenci\u00f3n al cliente para una experiencia sin problemas<\/li>\n<li>Actualizaciones y mejoras regulares para la optimizaci\u00f3n y el rendimiento continuos.<\/li>\n<\/ul>\n","protected":false},"excerpt":{"rendered":"<p>El tema de WooCommerce m\u00ednimo de Mgana Clean, con su est\u00e9tica elegante y moderna, sirve como un notable tema de comercio electr\u00f3nico destinado a elevar el atractivo visual de su tienda en l\u00ednea. Su dise\u00f1o minimalista es experto en garantizar que sus productos disfruten del centro de atenci\u00f3n, sin distracciones. Este tema cuenta con una gran cantidad de caracter\u00edsticas que facilitan la personalizaci\u00f3n y la gesti\u00f3n sin esfuerzo de su tienda, incluido un constructor de p\u00e1ginas de arrastrar y soltar f\u00e1cilmente con usuarios, una multitud de opciones de dise\u00f1o e integraci\u00f3n perfecta con la amplia plataforma WooCommerce. Ya sea que se est\u00e9 embarcando en el viaje de establecer su tienda en l\u00ednea o esforzarse por impulsar a su existente a alturas sin precedentes, el tema de WooCommerce m\u00ednimo de Mgana Clean es una selecci\u00f3n excepcional.<\/p>\n","protected":false},"featured_media":166778,"comment_status":"open","ping_status":"open","template":"","meta":[],"product_brand":[2337],"product_cat":[1263,1469,1237],"product_tag":[1391],"class_list":{"0":"post-112354","1":"product","2":"type-product","3":"status-publish","4":"has-post-thumbnail","6":"product_brand-themeforest","7":"product_cat-comercio-electronico-temas","8":"product_cat-creativo-comercio-electronico-temas","9":"product_cat-temas","10":"product_tag-themeforest","11":"member-discount","12":"discount-restricted","14":"first","15":"instock","16":"sale","17":"downloadable","18":"virtual","19":"sold-individually","20":"purchasable","21":"product-type-simple"},"_links":{"self":[{"href":"https:\/\/gpl-love.com\/es\/wp-json\/wp\/v2\/product\/112354","targetHints":{"allow":["GET"]}}],"collection":[{"href":"https:\/\/gpl-love.com\/es\/wp-json\/wp\/v2\/product"}],"about":[{"href":"https:\/\/gpl-love.com\/es\/wp-json\/wp\/v2\/types\/product"}],"replies":[{"embeddable":true,"href":"https:\/\/gpl-love.com\/es\/wp-json\/wp\/v2\/comments?post=112354"}],"wp:featuredmedia":[{"embeddable":true,"href":"https:\/\/gpl-love.com\/es\/wp-json\/wp\/v2\/media\/166778"}],"wp:attachment":[{"href":"https:\/\/gpl-love.com\/es\/wp-json\/wp\/v2\/media?parent=112354"}],"wp:term":[{"taxonomy":"product_brand","embeddable":true,"href":"https:\/\/gpl-love.com\/es\/wp-json\/wp\/v2\/product_brand?post=112354"},{"taxonomy":"product_cat","embeddable":true,"href":"https:\/\/gpl-love.com\/es\/wp-json\/wp\/v2\/product_cat?post=112354"},{"taxonomy":"product_tag","embeddable":true,"href":"https:\/\/gpl-love.com\/es\/wp-json\/wp\/v2\/product_tag?post=112354"}],"curies":[{"name":"wp","href":"https:\/\/api.w.org\/{rel}","templated":true}]}}