{"id":112352,"date":"2024-02-12T00:00:00","date_gmt":"2024-02-12T05:00:00","guid":{"rendered":"http:\/\/gpl-love.com\/es\/producto\/remake-minimalist-portfolio-tema\/"},"modified":"2026-04-10T11:23:03","modified_gmt":"2026-04-10T16:23:03","slug":"remake-minimalist-portfolio-tema","status":"publish","type":"product","link":"https:\/\/gpl-love.com\/es\/producto\/remake-minimalist-portfolio-tema\/","title":{"rendered":"Remake Minimalist Portfolio Theme 1.1.7"},"content":{"rendered":"<h3>Remake Minimalist Portfolio Theme Caracteristicas<\/h3>\n<p>El tema de cartera minimalista de remake sirve como una soluci\u00f3n impecable para las personas en el campo creativo que desean exhibir su trabajo de una manera sofisticada y contempor\u00e1nea. Este tema se enorgullece de su dise\u00f1o pr\u00edstino, adornado con componentes minimalistas que cambian efectivamente el enfoque a sus obras maestras. Adem\u00e1s, ofrece una flexibilidad completa, lo que le permite adaptarlo con precisi\u00f3n alinearse con su marca y preferencias personales. Este tema abarca una variedad de dise\u00f1os de cartera, asegurando la diversidad y la variedad, mientras que su dise\u00f1o receptivo garantiza una apariencia est\u00e9ticamente agradable en todos los dispositivos. Adem\u00e1s, incluye una multitud de opciones de personalizaci\u00f3n que facilitan la creaci\u00f3n de una cartera distintiva y profesional. Al utilizar el tema de la cartera minimalista de remake, su cartera est\u00e1 obligada a cautivar y dejar una impresi\u00f3n duradera tanto para clientes potenciales como para empleadores.<\/p>\n<ul>\n<li>Dise\u00f1o limpio y moderno<\/li>\n<li>Totalmente receptivo para todos los dispositivos<\/li>\n<li>Construido con HTML, CSS y jQuery<\/li>\n<li>Paleta de colores personalizable para que coincida con su marca<\/li>\n<li>P\u00e1ginas de cartera ilimitadas para mostrar su trabajo<\/li>\n<li>Integraci\u00f3n perfecta con WordPress<\/li>\n<li>Optimizado para la carga de p\u00e1gina SEO y r\u00e1pida<\/li>\n<li>Formulario de contacto e integraci\u00f3n de redes sociales incluidos<\/li>\n<li>F\u00e1cil de usar y personalizar con el constructor de p\u00e1ginas de arrastrar y soltar<\/li>\n<li>Actualizaciones regulares y excelente atenci\u00f3n al cliente<\/li>\n<\/ul>\n","protected":false},"excerpt":{"rendered":"<p>El tema de cartera minimalista de remake, caracterizado por su dise\u00f1o elegante y moderno, coloca efectivamente su cartera a la vanguardia. A trav\u00e9s de su falta deliberada de distracciones, este tema elegante sirve como un lienzo pr\u00edstino, lo que permite que su trabajo irradie y cautive. Adem\u00e1s, su personalizaci\u00f3n completa y su interfaz f\u00e1cil de usar lo convierten en la plataforma definitiva para exhibir su destreza creativa. Independientemente de si se identifica como artista, fot\u00f3grafo o dise\u00f1ador, el tema de cartera minimalista de remake se erige como la opci\u00f3n por excelencia para presentar su trabajo excepcional dentro del \u00e1mbito digital.<\/p>\n","protected":false},"featured_media":167339,"comment_status":"open","ping_status":"open","template":"","meta":[],"product_brand":[2337],"product_cat":[1267,1237,1238],"product_tag":[1391],"class_list":{"0":"post-112352","1":"product","2":"type-product","3":"status-publish","4":"has-post-thumbnail","6":"product_brand-themeforest","7":"product_cat-creativo","8":"product_cat-temas","9":"product_cat-wordpress-temas","10":"product_tag-themeforest","11":"member-discount","12":"discount-restricted","14":"first","15":"instock","16":"sale","17":"downloadable","18":"virtual","19":"sold-individually","20":"purchasable","21":"product-type-simple"},"_links":{"self":[{"href":"https:\/\/gpl-love.com\/es\/wp-json\/wp\/v2\/product\/112352","targetHints":{"allow":["GET"]}}],"collection":[{"href":"https:\/\/gpl-love.com\/es\/wp-json\/wp\/v2\/product"}],"about":[{"href":"https:\/\/gpl-love.com\/es\/wp-json\/wp\/v2\/types\/product"}],"replies":[{"embeddable":true,"href":"https:\/\/gpl-love.com\/es\/wp-json\/wp\/v2\/comments?post=112352"}],"wp:featuredmedia":[{"embeddable":true,"href":"https:\/\/gpl-love.com\/es\/wp-json\/wp\/v2\/media\/167339"}],"wp:attachment":[{"href":"https:\/\/gpl-love.com\/es\/wp-json\/wp\/v2\/media?parent=112352"}],"wp:term":[{"taxonomy":"product_brand","embeddable":true,"href":"https:\/\/gpl-love.com\/es\/wp-json\/wp\/v2\/product_brand?post=112352"},{"taxonomy":"product_cat","embeddable":true,"href":"https:\/\/gpl-love.com\/es\/wp-json\/wp\/v2\/product_cat?post=112352"},{"taxonomy":"product_tag","embeddable":true,"href":"https:\/\/gpl-love.com\/es\/wp-json\/wp\/v2\/product_tag?post=112352"}],"curies":[{"name":"wp","href":"https:\/\/api.w.org\/{rel}","templated":true}]}}