{"id":112348,"date":"2026-02-05T00:00:00","date_gmt":"2026-02-05T05:00:00","guid":{"rendered":"http:\/\/gpl-love.com\/es\/producto\/muzze-museum-art-gallery-exhibition-wordpress-tema\/"},"modified":"2026-04-10T11:17:23","modified_gmt":"2026-04-10T16:17:23","slug":"muzze-museum-art-gallery-exhibition-wordpress-tema","status":"publish","type":"product","link":"https:\/\/gpl-love.com\/es\/producto\/muzze-museum-art-gallery-exhibition-wordpress-tema\/","title":{"rendered":"Muzze Museum Art Gallery Exhibition WordPress Theme 1.7.2"},"content":{"rendered":"<h3>Muzze Museum Art Gallery Exhibition WordPress Theme Caracteristicas<\/h3>\n<p>La exposici\u00f3n de la galer\u00eda de arte de Muzze Museum WordPress presenta una soluci\u00f3n definitiva para museos o galer\u00edas de arte que aspiran a establecer una presencia en l\u00ednea cautivadora y notable. Con un dise\u00f1o contempor\u00e1neo y elegante, este tema abarca una variedad de opciones de personalizaci\u00f3n que atienden a diversos estilos o marcas. Adem\u00e1s, este tema garantiza la capacidad de respuesta y la optimizaci\u00f3n para la optimizaci\u00f3n de motores de b\u00fasqueda (SEO), al tiempo que incorpora el soporte incorporado para complementos prominentes como WooCommerce y el Formulario de contacto 7. En virtud de su gran parte de plantillas de p\u00e1gina, widgets y c\u00f3digos cortos, elaborando un El sitio web distintivo y cautivador nunca ha sido m\u00e1s f\u00e1cil. En consecuencia, el tema de WordPress de WordPress de la Exposici\u00f3n de Arte del Museo Muzze presenta una v\u00eda incomparable para exhibir obras de arte y exposiciones de una manera visualmente impresionante y perfecta.<\/p>\n<ul>\n<li>Tema de WordPress profesional de alta calidad dise\u00f1ado espec\u00edficamente para su uso en galer\u00edas y museos de arte<\/li>\n<li>Dise\u00f1o limpio y moderno con opciones de color personalizables para que coincida con su marca o obra de arte<\/li>\n<li>Totalmente receptivo en todos los dispositivos, asegurando que su sitio web se vea muy bien en escritorio, tableta y m\u00f3vil<\/li>\n<li>Galer\u00eda incorporada y funcionalidad de cartera con m\u00faltiples opciones de dise\u00f1o para exhibir sus exhibiciones y obras de arte<\/li>\n<li>Incluy\u00f3 calendario de eventos y sistema de gesti\u00f3n para promocionar las pr\u00f3ximas exhibiciones, eventos y programas<\/li>\n<li>Constructor de p\u00e1gina simple e intuitivo con funcionalidad de arrastrar y soltar para una f\u00e1cil personalizaci\u00f3n y creaci\u00f3n de contenido<\/li>\n<li>Estructura amigable para SEO para ayudar a aumentar las clasificaciones de b\u00fasqueda org\u00e1nica de su sitio web y atraer m\u00e1s visitantes<\/li>\n<li>Apoyo dedicado de desarrolladores experimentados para ayudar con cualquier pregunta o problema que surja.<\/li>\n<li>Instalaci\u00f3n de demostraci\u00f3n de un solo clic para que su sitio funcione de manera r\u00e1pida y f\u00e1cil.<\/li>\n<li>Integraci\u00f3n con complementos populares como WooCommerce y el Formulario de contacto 7 para facilitar opciones de comercio electr\u00f3nico y generaci\u00f3n de leads.<\/li>\n<\/ul>\n","protected":false},"excerpt":{"rendered":"<p>La exposici\u00f3n de la galer\u00eda de arte del Museo Muzze WordPress, se presenta como una opci\u00f3n ideal para museos o galer\u00edas de arte que buscan exhibir efectivamente sus exposiciones en la plataforma virtual. Con un dise\u00f1o elegante y contempor\u00e1neo, este tema permite a los usuarios crear y mantener sin esfuerzo su sitio web, incluso en ausencia de experiencia en codificaci\u00f3n. Ofrece una variedad de caracter\u00edsticas, que incluye una p\u00e1gina de inicio personalizable, horario de exhibici\u00f3n y calendario, dise\u00f1o receptivo, integraci\u00f3n de redes sociales y m\u00e1s. Adem\u00e1s, este tema se integra perfectamente con WooCommerce, lo que permite a los usuarios vender directamente boletos o mercanc\u00edas a trav\u00e9s de su sitio web. Con el tema de WordPress de WordPress de la Exposici\u00f3n de Arte del Museo Muzze, puede dar vida a su museo o galer\u00eda en el espectro digital.<\/p>\n","protected":false},"featured_media":166843,"comment_status":"open","ping_status":"open","template":"","meta":[],"product_brand":[2337],"product_cat":[1267,1237,1238],"product_tag":[1391],"class_list":{"0":"post-112348","1":"product","2":"type-product","3":"status-publish","4":"has-post-thumbnail","6":"product_brand-themeforest","7":"product_cat-creativo","8":"product_cat-temas","9":"product_cat-wordpress-temas","10":"product_tag-themeforest","11":"member-discount","12":"discount-restricted","14":"first","15":"instock","16":"sale","17":"downloadable","18":"virtual","19":"sold-individually","20":"purchasable","21":"product-type-simple"},"_links":{"self":[{"href":"https:\/\/gpl-love.com\/es\/wp-json\/wp\/v2\/product\/112348","targetHints":{"allow":["GET"]}}],"collection":[{"href":"https:\/\/gpl-love.com\/es\/wp-json\/wp\/v2\/product"}],"about":[{"href":"https:\/\/gpl-love.com\/es\/wp-json\/wp\/v2\/types\/product"}],"replies":[{"embeddable":true,"href":"https:\/\/gpl-love.com\/es\/wp-json\/wp\/v2\/comments?post=112348"}],"wp:featuredmedia":[{"embeddable":true,"href":"https:\/\/gpl-love.com\/es\/wp-json\/wp\/v2\/media\/166843"}],"wp:attachment":[{"href":"https:\/\/gpl-love.com\/es\/wp-json\/wp\/v2\/media?parent=112348"}],"wp:term":[{"taxonomy":"product_brand","embeddable":true,"href":"https:\/\/gpl-love.com\/es\/wp-json\/wp\/v2\/product_brand?post=112348"},{"taxonomy":"product_cat","embeddable":true,"href":"https:\/\/gpl-love.com\/es\/wp-json\/wp\/v2\/product_cat?post=112348"},{"taxonomy":"product_tag","embeddable":true,"href":"https:\/\/gpl-love.com\/es\/wp-json\/wp\/v2\/product_tag?post=112348"}],"curies":[{"name":"wp","href":"https:\/\/api.w.org\/{rel}","templated":true}]}}