{"id":112346,"date":"2025-08-25T00:00:00","date_gmt":"2025-08-25T05:00:00","guid":{"rendered":"http:\/\/gpl-love.com\/es\/producto\/lifevent-event-wordpress-tema\/"},"modified":"2026-03-13T17:23:35","modified_gmt":"2026-03-13T22:23:35","slug":"lifevent-event-wordpress-tema","status":"publish","type":"product","link":"https:\/\/gpl-love.com\/es\/producto\/lifevent-event-wordpress-tema\/","title":{"rendered":"Lifevent Event WordPress Theme 1.2.1"},"content":{"rendered":"<h3>Lifevent Event WordPress Theme Caracteristicas<\/h3>\n<p>El tema de WordPress de LifeVent Event proporciona una soluci\u00f3n que abarca todo para las empresas que buscan establecer una presencia en l\u00ednea notable y profesional para sus eventos. Este tema cuenta con una variedad de caracter\u00edsticas y funcionalidades impresionantes, lo que le permite presentar sus eventos de manera atractiva y llamativa. Su dise\u00f1o totalmente receptivo garantiza que su sitio web mantenga su excelencia visual en varios dispositivos. Ya sea que se trate de listados de eventos o detalles del evento, posee la capacidad de personalizar cada faceta de su sitio web para satisfacer sus requisitos espec\u00edficos. Al implementar el tema de WordPress del evento LifeVent, tiene la capacidad de dise\u00f1ar un sitio web que no solo exhiba una est\u00e9tica excepcional, sino que tambi\u00e9n facilita la promoci\u00f3n de eventos y las asistencias para atacar a la audiencia deseada.<\/p>\n<ul>\n<li>Tema de WordPress de evento altamente personalizable<\/li>\n<li>Perfecto para conferencias, festivales y otros sitios web de eventos<\/li>\n<li>Viene con m\u00faltiples variaciones de la p\u00e1gina de inicio<\/li>\n<li>Incluye 8 estilos de encabezado \u00fanicos y 3 pies de pie<\/li>\n<li>Funci\u00f3n de programaci\u00f3n de eventos incorporado para crear y mostrar los horarios de los eventos<\/li>\n<li>Opci\u00f3n de vender entradas para eventos directamente a trav\u00e9s del sitio web<\/li>\n<li>Compatible con complementos de registro de eventos de terceros y boletos<\/li>\n<li>Incluye una gama de p\u00e1ginas predise\u00f1adas para altavoces, patrocinadores y m\u00e1s<\/li>\n<li>Dise\u00f1o totalmente receptivo optimizado para todos los dispositivos y tama\u00f1os de pantalla<\/li>\n<li>Velocidad de carga r\u00e1pida para mejorar la experiencia del usuario<\/li>\n<li>C\u00f3digo amigable con SEO para mejorar las clasificaciones de los motores de b\u00fasqueda<\/li>\n<li>Importaci\u00f3n de demostraci\u00f3n de un solo clic para una f\u00e1cil configuraci\u00f3n<\/li>\n<li>Documentaci\u00f3n integral y apoyo continuo.<\/li>\n<\/ul>\n","protected":false},"excerpt":{"rendered":"<p>El tema de WordPress del evento LifeVent, con su est\u00e9tica elegante y sofisticada, ofrece una plataforma notable para exhibir y resaltar sus pr\u00f3ximos eventos. Con un dise\u00f1o cautivador que se puede adaptar a sus preferencias, este tema es una opci\u00f3n impecable para los planificadores de eventos, promotores de conciertos o personas que aspiran a establecer una presencia en l\u00ednea memorable. Ya sea que su objetivo sea facilitar la venta de entradas, publicar horarios de eventos o exhibir oradores y artistas de renombre, el tema de WordPress del evento LifeVent proporciona una soluci\u00f3n con todo incluido para garantizar el triunfo de su evento. Con opciones de personalizaci\u00f3n sin esfuerzo, un dise\u00f1o receptivo y una funcionalidad robusta, este tema es el ep\u00edtome de la perfecci\u00f3n para las personas que buscan dise\u00f1ar un sitio web de eventos indeleble.<\/p>\n","protected":false},"featured_media":166613,"comment_status":"open","ping_status":"open","template":"","meta":[],"product_brand":[2337],"product_cat":[1307,1237,1238],"product_tag":[1391],"class_list":{"0":"post-112346","1":"product","2":"type-product","3":"status-publish","4":"has-post-thumbnail","6":"product_brand-themeforest","7":"product_cat-negocio-wordpress-temas","8":"product_cat-temas","9":"product_cat-wordpress-temas","10":"product_tag-themeforest","11":"member-discount","12":"discount-restricted","14":"first","15":"instock","16":"sale","17":"downloadable","18":"virtual","19":"sold-individually","20":"purchasable","21":"product-type-simple"},"_links":{"self":[{"href":"https:\/\/gpl-love.com\/es\/wp-json\/wp\/v2\/product\/112346","targetHints":{"allow":["GET"]}}],"collection":[{"href":"https:\/\/gpl-love.com\/es\/wp-json\/wp\/v2\/product"}],"about":[{"href":"https:\/\/gpl-love.com\/es\/wp-json\/wp\/v2\/types\/product"}],"replies":[{"embeddable":true,"href":"https:\/\/gpl-love.com\/es\/wp-json\/wp\/v2\/comments?post=112346"}],"wp:featuredmedia":[{"embeddable":true,"href":"https:\/\/gpl-love.com\/es\/wp-json\/wp\/v2\/media\/166613"}],"wp:attachment":[{"href":"https:\/\/gpl-love.com\/es\/wp-json\/wp\/v2\/media?parent=112346"}],"wp:term":[{"taxonomy":"product_brand","embeddable":true,"href":"https:\/\/gpl-love.com\/es\/wp-json\/wp\/v2\/product_brand?post=112346"},{"taxonomy":"product_cat","embeddable":true,"href":"https:\/\/gpl-love.com\/es\/wp-json\/wp\/v2\/product_cat?post=112346"},{"taxonomy":"product_tag","embeddable":true,"href":"https:\/\/gpl-love.com\/es\/wp-json\/wp\/v2\/product_tag?post=112346"}],"curies":[{"name":"wp","href":"https:\/\/api.w.org\/{rel}","templated":true}]}}