{"id":112344,"date":"2021-05-05T00:00:00","date_gmt":"2021-05-05T05:00:00","guid":{"rendered":"http:\/\/gpl-love.com\/es\/producto\/lauriel-multipurpose-woocommerce-tema\/"},"modified":"2026-03-13T17:23:26","modified_gmt":"2026-03-13T22:23:26","slug":"lauriel-multipurpose-woocommerce-tema","status":"publish","type":"product","link":"https:\/\/gpl-love.com\/es\/producto\/lauriel-multipurpose-woocommerce-tema\/","title":{"rendered":"Lauriel Multipurpose WooCommerce Theme 1.1.1"},"content":{"rendered":"<h3>Lauriel Multipurpose WooCommerce Theme Caracteristicas<\/h3>\n<p>El tema de WooCommerce de Lauriel Multipurpose se presenta como una herramienta excepcional y altamente efectiva con el fin de construir un sitio web de comercio electr\u00f3nico. Con un dise\u00f1o que no solo est\u00e1 limpio, sino que tambi\u00e9n posee un sentido del estilo, este tema cuenta con una interfaz notablemente f\u00e1cil de usar, lo que hace que el proceso de crear una tienda en l\u00ednea de aspecto profesional sea un esfuerzo sin costuras y sin esfuerzo. En virtud de su amplia gama de opciones de personalizaci\u00f3n, Lauriel permite a los usuarios dise\u00f1ar un sitio web que sea verdaderamente \u00fanico y que refleje la identidad de su marca. Adem\u00e1s, este tema est\u00e1 dotado de plena capacidad de respuesta, asegurando as\u00ed que se presente maravillosamente en cualquier dispositivo. Adem\u00e1s, la funci\u00f3n de importaci\u00f3n de demostraci\u00f3n de un solo clic que ofrece este tema facilita una iniciaci\u00f3n f\u00e1cil y sin problemas en el \u00e1mbito del comercio electr\u00f3nico. Ya sea que su intenci\u00f3n sea vender productos f\u00edsicos, descargas digitales o servicios, tenga la seguridad de que Lauriel abarca todos los componentes y caracter\u00edsticas necesarios esenciales para su triunfo dentro del \u00e1mbito del comercio electr\u00f3nico.<\/p>\n<ul>\n<li>Un tema vers\u00e1til de WooCommerce dise\u00f1ado para m\u00faltiples prop\u00f3sitos<\/li>\n<li>Dise\u00f1o limpio, moderno y totalmente receptivo<\/li>\n<li>Compatible con la \u00faltima versi\u00f3n de WordPress y WooCommerce<\/li>\n<li>Opciones de constructor de p\u00e1ginas y personalizaci\u00f3n f\u00e1cil de usar<\/li>\n<li>Incluye una variedad de plantillas predise\u00f1adas para p\u00e1ginas de destino, p\u00e1ginas de tiendas, p\u00e1ginas de blogs y m\u00e1s<\/li>\n<li>Admite m\u00faltiples idiomas e incluye archivos listos para la traducci\u00f3n<\/li>\n<li>Integraci\u00f3n con complementos populares como Slider Revolution, Contact Form 7 y WPML<\/li>\n<li>SEO optimizado para una mejor clasificaci\u00f3n del motor de b\u00fasqueda<\/li>\n<li>Compatible con navegador y carga r\u00e1pida<\/li>\n<li>Soporte t\u00e9cnico confiable y actualizaciones regulares para garantizar la compatibilidad con las \u00faltimas versiones de WordPress y WooCommerce.<\/li>\n<\/ul>\n","protected":false},"excerpt":{"rendered":"<p>Estamos orgullosos de presentar el tema de WooCommerce de Lauriel Multipurpose, una soluci\u00f3n de dise\u00f1o extraordinaria meticulosamente elaborada para elevar su tienda en l\u00ednea. Imbustado de elegancia y sofisticaci\u00f3n, este notable tema cuenta con un repertorio expansivo de caracter\u00edsticas, garantizando una experiencia de usuario incomparable. Ofreciendo posibilidades ilimitadas para el dise\u00f1o de su p\u00e1gina de inicio, un dise\u00f1o receptivo que se adapta perfectamente a cualquier dispositivo, una tipograf\u00eda personalizable para adaptarse a su identidad de marca y una gran cantidad de opciones de tema potentes, este paquete todo incluido le potencia para crear un precio econ\u00f3mico visualmente visualmente impresionante y din\u00e1mico y din\u00e1mico. sitio web. Al confiar su negocio al tema de WooCommerce multiprop\u00f3sito Lauriel, se est\u00e1 embarcando en un viaje transformador que impulsar\u00e1 su empresa a alturas sin precedentes, impuls\u00e1ndolo sin esfuerzo hacia la realizaci\u00f3n de sus aspiraciones en l\u00ednea. \u00a1No pierda el tiempo, aproveche esta oportunidad hoy y presencie sus ventas a los asombrosos niveles asombrosos!<\/p>\n","protected":false},"featured_media":166571,"comment_status":"open","ping_status":"open","template":"","meta":[],"product_brand":[2337],"product_cat":[1239,1237,1238],"product_tag":[1391],"class_list":{"0":"post-112344","1":"product","2":"type-product","3":"status-publish","4":"has-post-thumbnail","6":"product_brand-themeforest","7":"product_cat-de-multiples-fines","8":"product_cat-temas","9":"product_cat-wordpress-temas","10":"product_tag-themeforest","11":"member-discount","12":"discount-restricted","14":"first","15":"instock","16":"sale","17":"downloadable","18":"virtual","19":"sold-individually","20":"purchasable","21":"product-type-simple"},"_links":{"self":[{"href":"https:\/\/gpl-love.com\/es\/wp-json\/wp\/v2\/product\/112344","targetHints":{"allow":["GET"]}}],"collection":[{"href":"https:\/\/gpl-love.com\/es\/wp-json\/wp\/v2\/product"}],"about":[{"href":"https:\/\/gpl-love.com\/es\/wp-json\/wp\/v2\/types\/product"}],"replies":[{"embeddable":true,"href":"https:\/\/gpl-love.com\/es\/wp-json\/wp\/v2\/comments?post=112344"}],"wp:featuredmedia":[{"embeddable":true,"href":"https:\/\/gpl-love.com\/es\/wp-json\/wp\/v2\/media\/166571"}],"wp:attachment":[{"href":"https:\/\/gpl-love.com\/es\/wp-json\/wp\/v2\/media?parent=112344"}],"wp:term":[{"taxonomy":"product_brand","embeddable":true,"href":"https:\/\/gpl-love.com\/es\/wp-json\/wp\/v2\/product_brand?post=112344"},{"taxonomy":"product_cat","embeddable":true,"href":"https:\/\/gpl-love.com\/es\/wp-json\/wp\/v2\/product_cat?post=112344"},{"taxonomy":"product_tag","embeddable":true,"href":"https:\/\/gpl-love.com\/es\/wp-json\/wp\/v2\/product_tag?post=112344"}],"curies":[{"name":"wp","href":"https:\/\/api.w.org\/{rel}","templated":true}]}}