{"id":112342,"date":"2021-04-09T00:00:00","date_gmt":"2021-04-09T05:00:00","guid":{"rendered":"http:\/\/gpl-love.com\/es\/producto\/mecare-hospital-y-health-wordpress-tema\/"},"modified":"2026-03-13T17:24:15","modified_gmt":"2026-03-13T22:24:15","slug":"mecare-hospital-y-health-wordpress-tema","status":"publish","type":"product","link":"https:\/\/gpl-love.com\/es\/producto\/mecare-hospital-y-health-wordpress-tema\/","title":{"rendered":"Mecare Hospital y Health WordPress Theme 1.0"},"content":{"rendered":"<h3>Mecare Hospital y Health WordPress Theme Caracteristicas<\/h3>\n<p>El tema de Mecare Hospital and Health WordPress ofrece una soluci\u00f3n integral y abarcadora para el desarrollo y la creaci\u00f3n de sitios web m\u00e9dicos altamente profesionales y de primer nivel. Este tema excepcionalmente dise\u00f1ado se adapta espec\u00edficamente y se elabora para el uso exclusivo de hospitales, cl\u00ednicas y m\u00e9dicos, lo que les permite mostrar y exhibir efectivamente su amplia gama de servicios y experiencia en la vasta y expansiva plataforma en l\u00ednea. El tema cuenta con una interfaz incre\u00edblemente f\u00e1cil de usar, que se mejora y aumenta a\u00fan m\u00e1s por sus caracter\u00edsticas altamente personalizables, proporcionando as\u00ed a los usuarios la capacidad de personalizar y adaptar sin esfuerzo sus sitios web, asegurando una apariencia distintiva y \u00fanica que se alinea perfectamente con sus requisitos espec\u00edficos y sus requisitos espec\u00edficos y preferencias.<\/p>\n<p>Adem\u00e1s, este tema est\u00e1 equipado con una gran cantidad de p\u00e1ginas preconstruidas que atienden y abarcan todos los elementos esenciales y fundamentales que son vitales e indispensables para el funcionamiento suave y sin problemas de un sitio web m\u00e9dico, incluidos, entre los departamentos, m\u00e9dicos, servicios y testimonios. Adem\u00e1s, el tema se ha desarrollado meticulosamente y dise\u00f1ado para ser completamente receptivo y compatible con una amplia gama de dispositivos, garantizando y facilitando el f\u00e1cil acceso de los usuarios a sus sitios web desde cualquier dispositivo de su elecci\u00f3n y conveniencia.<\/p>\n<p>Adem\u00e1s, es imperativo tener en cuenta y reconocer que el tema de Mecare Hospital and Health WordPress es profundamente amigable con SEO, asegurando as\u00ed y garantizar la clasificaci\u00f3n \u00f3ptima y la visibilidad de su sitio web en plataformas de motores de b\u00fasqueda prominentes y ampliamente utilizadas, lo que permite a los usuarios que los usuarios no tengan un esfuerzo eficiente y eficiente. Localice y acceda a su sitio web simplemente realizando una b\u00fasqueda r\u00e1pida y conveniente. Con todas estas caracter\u00edsticas y capacidades excepcionales y notables, este tema extraordinario faculta a los usuarios para crear un sitio web m\u00e9dico moderno y altamente funcional, que finalmente proporciona una experiencia de usuario incomparable y notable.<\/p>\n<ul>\n<li>Dise\u00f1o profesional y moderno espec\u00edficamente para hospitales y sitios web relacionados con la salud<\/li>\n<li>Dise\u00f1o totalmente receptivo que se ve muy bien en todos los dispositivos<\/li>\n<li>Panel de opciones de temas f\u00e1ciles de usar y personalizables<\/li>\n<li>P\u00e1ginas predise\u00f1adas para m\u00e9dicos, servicios, citas y m\u00e1s<\/li>\n<li>Integraci\u00f3n con complementos de atenci\u00f3n m\u00e9dica populares como Bookly y Timetable<\/li>\n<li>Integraci\u00f3n perfecta con WooCommerce para la reserva de citas en l\u00ednea y procesamiento de pagos<\/li>\n<li>Funcionalidad de b\u00fasqueda avanzada para ayudar a los pacientes a encontrar el m\u00e9dico y los servicios adecuados<\/li>\n<li>Secci\u00f3n de testimonios y revisiones para mostrar pacientes felices y generar confianza<\/li>\n<li>Funcionalidad de blog incorporada para mantener a los pacientes informados y comprometidos<\/li>\n<li>Documentaci\u00f3n detallada y equipo de soporte dedicado para cualquier pregunta o problema t\u00e9cnico<\/li>\n<\/ul>\n","protected":false},"excerpt":{"rendered":"<p>El tema de Mecare Hospital and Health WordPress, meticulosamente elaborado por profesionales, es una opci\u00f3n impecable para hospitales, centros m\u00e9dicos y empresas de salud por igual. Con un dise\u00f1o contempor\u00e1neo y desenfrenado, Mecare presenta a los usuarios una interfaz navegable sin esfuerzo y una variedad de opciones a medida. Adem\u00e1s, este tema es totalmente receptivo, asegurando su compatibilidad en todos los dispositivos, y viene equipado con una gran cantidad de caracter\u00edsticas solicitadas como la reserva de citas, la gesti\u00f3n de pacientes y la exhibici\u00f3n de servicios m\u00e9dicos. Sin embargo, lo que realmente distingue a Mecare son sus elementos f\u00e1cilmente personalizables, lo que es una selecci\u00f3n principal para aquellos que buscan establecer una presencia en l\u00ednea inigualable para sus esfuerzos m\u00e9dicos.<\/p>\n","protected":false},"featured_media":166714,"comment_status":"open","ping_status":"open","template":"","meta":[],"product_brand":[2337],"product_cat":[1307,1237,1238],"product_tag":[1391],"class_list":{"0":"post-112342","1":"product","2":"type-product","3":"status-publish","4":"has-post-thumbnail","6":"product_brand-themeforest","7":"product_cat-negocio-wordpress-temas","8":"product_cat-temas","9":"product_cat-wordpress-temas","10":"product_tag-themeforest","11":"member-discount","12":"discount-restricted","14":"first","15":"instock","16":"sale","17":"downloadable","18":"virtual","19":"sold-individually","20":"purchasable","21":"product-type-simple"},"_links":{"self":[{"href":"https:\/\/gpl-love.com\/es\/wp-json\/wp\/v2\/product\/112342","targetHints":{"allow":["GET"]}}],"collection":[{"href":"https:\/\/gpl-love.com\/es\/wp-json\/wp\/v2\/product"}],"about":[{"href":"https:\/\/gpl-love.com\/es\/wp-json\/wp\/v2\/types\/product"}],"replies":[{"embeddable":true,"href":"https:\/\/gpl-love.com\/es\/wp-json\/wp\/v2\/comments?post=112342"}],"wp:featuredmedia":[{"embeddable":true,"href":"https:\/\/gpl-love.com\/es\/wp-json\/wp\/v2\/media\/166714"}],"wp:attachment":[{"href":"https:\/\/gpl-love.com\/es\/wp-json\/wp\/v2\/media?parent=112342"}],"wp:term":[{"taxonomy":"product_brand","embeddable":true,"href":"https:\/\/gpl-love.com\/es\/wp-json\/wp\/v2\/product_brand?post=112342"},{"taxonomy":"product_cat","embeddable":true,"href":"https:\/\/gpl-love.com\/es\/wp-json\/wp\/v2\/product_cat?post=112342"},{"taxonomy":"product_tag","embeddable":true,"href":"https:\/\/gpl-love.com\/es\/wp-json\/wp\/v2\/product_tag?post=112342"}],"curies":[{"name":"wp","href":"https:\/\/api.w.org\/{rel}","templated":true}]}}