{"id":112338,"date":"2023-11-21T00:00:00","date_gmt":"2023-11-21T05:00:00","guid":{"rendered":"http:\/\/gpl-love.com\/es\/producto\/read-wp-minimalist-wordpress-blog-tema\/"},"modified":"2026-03-13T17:28:01","modified_gmt":"2026-03-13T22:28:01","slug":"read-wp-minimalist-wordpress-blog-tema","status":"publish","type":"product","link":"https:\/\/gpl-love.com\/es\/producto\/read-wp-minimalist-wordpress-blog-tema\/","title":{"rendered":"Read WP Minimalist WordPress Blog Theme 4.6.3"},"content":{"rendered":"<h3>Read WP Minimalist WordPress Blog Theme Caracteristicas<\/h3>\n<p>El tema del blog Minimalist WordPress de WP WP es una plantilla exquisita y contempor\u00e1nea meticulosamente dise\u00f1ada para los bloggers que le dan gran importancia a las virtudes de la simplicidad y la legibilidad. Con su marco virgen y sin adornos, este tema asegura que el centro de atenci\u00f3n est\u00e9 directamente en su contenido, mientras que sus caracter\u00edsticas adaptables le ofrecen la oportunidad de personalizar su sitio web de acuerdo con sus preferencias. Adem\u00e1s, gracias a su dise\u00f1o receptivo, su blog exudar\u00e1 a Splendor en todos los dispositivos, y su interfaz f\u00e1cil de usar hace que la administraci\u00f3n de su sitio sea muy f\u00e1cil. Independientemente de si posee una vasta experiencia en el \u00e1mbito de los blogs o si se est\u00e1 embarcando en este emocionante viaje, el tema del blog Minimalista de WordPress WP WP es una opci\u00f3n impecable para engendrar un blog que es pulido y cautivador.<\/p>\n<ul>\n<li>Dise\u00f1o simplista y elegante, perfecto para bloggers que desean un aspecto minimalista de su sitio web<\/li>\n<li>Totalmente receptivo y amigable para los dispositivos m\u00f3viles, asegurando una experiencia de visualizaci\u00f3n \u00f3ptima en todos los dispositivos<\/li>\n<li>Opciones de color personalizables, dando la flexibilidad para que coincida con su marca o estilo personal<\/li>\n<li>Interfaz f\u00e1cil de usar y dise\u00f1o personalizable, lo que permite una f\u00e1cil navegaci\u00f3n y organizaci\u00f3n posterior<\/li>\n<li>Optimizaci\u00f3n de SEO, asegurando una mayor visibilidad y una mejor clasificaci\u00f3n del motor de b\u00fasqueda<\/li>\n<li>Compatible con complementos populares de WordPress para una funcionalidad adicional<\/li>\n<li>Actualizaciones y mantenimiento regulares, asegurando un sitio web de carrera sin problemas<\/li>\n<li>Atenci\u00f3n al cliente 24\/7, con un equipo de profesionales listo para ayudar con cualquier pregunta o inquietud.<\/li>\n<\/ul>\n","protected":false},"excerpt":{"rendered":"<p>El tema de blog Minimalist WordPress de WP WP presenta una soluci\u00f3n ideal para los bloggers que desean una apariencia sencilla e inmaculada para su sitio web. Su dise\u00f1o minimalista acent\u00faa efectivamente el contenido, facilitando la navegaci\u00f3n sin problemas para los lectores. Adem\u00e1s, su dise\u00f1o receptivo se adapta a la perfecci\u00f3n a diversos tama\u00f1os y dispositivos de pantalla, lo que garantiza una experiencia visual excepcional en cualquier plataforma. Mejore el atractivo visual de su blog personaliz\u00e1ndolo con una variedad de opciones de fuentes y color, mientras que la galer\u00eda incorporada presenta sin esfuerzo sus im\u00e1genes. Adem\u00e1s, este tema est\u00e1 meticulosamente optimizado para SEO, asegurando que los motores de b\u00fasqueda descubran y clasifiquen sin esfuerzo su blog. Comience su viaje de blogs en la trayectoria correcta con el tema de blog Minimalist WordPress de WP WP.<\/p>\n","protected":false},"featured_media":167319,"comment_status":"open","ping_status":"open","template":"","meta":[],"product_brand":[2337],"product_cat":[1245,1237,1238],"product_tag":[1391],"class_list":{"0":"post-112338","1":"product","2":"type-product","3":"status-publish","4":"has-post-thumbnail","6":"product_brand-themeforest","7":"product_cat-blog-revista","8":"product_cat-temas","9":"product_cat-wordpress-temas","10":"product_tag-themeforest","11":"member-discount","12":"discount-restricted","14":"first","15":"instock","16":"sale","17":"downloadable","18":"virtual","19":"sold-individually","20":"purchasable","21":"product-type-simple"},"_links":{"self":[{"href":"https:\/\/gpl-love.com\/es\/wp-json\/wp\/v2\/product\/112338","targetHints":{"allow":["GET"]}}],"collection":[{"href":"https:\/\/gpl-love.com\/es\/wp-json\/wp\/v2\/product"}],"about":[{"href":"https:\/\/gpl-love.com\/es\/wp-json\/wp\/v2\/types\/product"}],"replies":[{"embeddable":true,"href":"https:\/\/gpl-love.com\/es\/wp-json\/wp\/v2\/comments?post=112338"}],"wp:featuredmedia":[{"embeddable":true,"href":"https:\/\/gpl-love.com\/es\/wp-json\/wp\/v2\/media\/167319"}],"wp:attachment":[{"href":"https:\/\/gpl-love.com\/es\/wp-json\/wp\/v2\/media?parent=112338"}],"wp:term":[{"taxonomy":"product_brand","embeddable":true,"href":"https:\/\/gpl-love.com\/es\/wp-json\/wp\/v2\/product_brand?post=112338"},{"taxonomy":"product_cat","embeddable":true,"href":"https:\/\/gpl-love.com\/es\/wp-json\/wp\/v2\/product_cat?post=112338"},{"taxonomy":"product_tag","embeddable":true,"href":"https:\/\/gpl-love.com\/es\/wp-json\/wp\/v2\/product_tag?post=112338"}],"curies":[{"name":"wp","href":"https:\/\/api.w.org\/{rel}","templated":true}]}}