{"id":112336,"date":"2021-04-09T00:00:00","date_gmt":"2021-04-09T05:00:00","guid":{"rendered":"http:\/\/gpl-love.com\/es\/producto\/milton-multipurpose-creative-wordpress-tema\/"},"modified":"2026-04-10T11:16:38","modified_gmt":"2026-04-10T16:16:38","slug":"milton-multipurpose-creative-wordpress-tema","status":"publish","type":"product","link":"https:\/\/gpl-love.com\/es\/producto\/milton-multipurpose-creative-wordpress-tema\/","title":{"rendered":"Milton Multipurpose Creative WordPress Theme 1.2.3"},"content":{"rendered":"<h3>Milton Multipurpose Creative WordPress Theme Caracteristicas<\/h3>\n<p>El tema de WordPress creativo de Milton Multipurpose, con su naturaleza altamente vers\u00e1til y flexible, ofrece a los usuarios la capacidad incomparable de crear sitios web visualmente llamativos que dejan una impresi\u00f3n duradera. Este tema excepcional cuenta con una extensa variedad de demostraciones y dise\u00f1os preconstruidos, cada uno adaptado para adaptarse a diferentes nichos y prop\u00f3sitos, ya sea una cartera, agencia, blog, plataforma de comercio electr\u00f3nico o m\u00e1s all\u00e1. Lo que realmente distingue a este tema es su inclusi\u00f3n de un constructor de p\u00e1ginas de arrastrar y soltar potente e intuitivo, capacitando a los usuarios para personalizar sin esfuerzo cada elemento de su sitio web sin requerir ninguna experiencia de codificaci\u00f3n. Adem\u00e1s, el tema proporciona a los usuarios opciones avanzadas de tipograf\u00eda, colores, animaciones y widgets, asegurando un toque verdaderamente personalizado. Sin mencionar que el dise\u00f1o totalmente receptivo del tema garantiza una experiencia de usuario \u00f3ptima en todos los dispositivos, mientras que su optimizaci\u00f3n integral de SEO garantiza la m\u00e1xima visibilidad en l\u00ednea. En pocas palabras, el tema creativo de WordPress creativo de Milton MultipurSose es, sin duda, la mejor opci\u00f3n para aquellos que buscan elaborar un sitio web profesional que se destaca sin esfuerzo en medio del mar de los competidores.<\/p>\n<ul>\n<li>Tema altamente personalizable para sitios web de WordPress<\/li>\n<li>Adecuado para una variedad de nichos creativos y de negocios<\/li>\n<li>Viene con 12 dise\u00f1os de p\u00e1gina de inicio \u00fanicos para una f\u00e1cil configuraci\u00f3n<\/li>\n<li>Constructor de p\u00e1gina de arrastrar y soltar incorporado para personalizaci\u00f3n sin esfuerzo<\/li>\n<li>Incluye una gama de plantillas predise\u00f1adas para varias p\u00e1ginas.<\/li>\n<li>SEO optimizado para una mejor clasificaci\u00f3n de motores de b\u00fasqueda<\/li>\n<li>Dise\u00f1o de respuesta m\u00f3vil para una visualizaci\u00f3n \u00f3ptima en todos los dispositivos<\/li>\n<li>Navegador cruzado compatible para una funcionalidad perfecta<\/li>\n<li>Se integra a la perfecci\u00f3n con complementos populares que incluyen WooCommerce y el Formulario de contacto 7<\/li>\n<li>Actualizado regularmente con nuevas caracter\u00edsticas y mejoras.<\/li>\n<\/ul>\n","protected":false},"excerpt":{"rendered":"<p>El tema creativo de WordPress creativo de Milton MultipurSose, con su naturaleza multifac\u00e9tica y su dise\u00f1o sofisticado, se presenta como una opci\u00f3n ideal para una variedad diversa de sitios web, desde carteras hasta sitios comerciales. Con una gran cantidad de opciones de personalizaci\u00f3n y plantillas predise\u00f1adas, los individuos pueden moda sin esfuerzo p\u00e1ginas distintivas y visualmente cautivadoras, todas sin necesitar ninguna experiencia en la codificaci\u00f3n. Adem\u00e1s, este tema ha sido meticulosamente optimizado para la rapidez \u00f3ptima y la adaptabilidad m\u00f3vil, asegurando que su sitio no solo exude el brillantez est\u00e9tico sino que tambi\u00e9n cargue r\u00e1pidamente en todos los dispositivos. Adem\u00e1s, el tema de Milton incluye un repositorio integral de documentaci\u00f3n y soporte, lo que lo convierte en una opci\u00f3n excepcionalmente formidable para los usuarios de WordPress en cualquier nivel de competencia.<\/p>\n","protected":false},"featured_media":166781,"comment_status":"open","ping_status":"open","template":"","meta":[],"product_brand":[2337],"product_cat":[1239,1237,1238],"product_tag":[1391],"class_list":{"0":"post-112336","1":"product","2":"type-product","3":"status-publish","4":"has-post-thumbnail","6":"product_brand-themeforest","7":"product_cat-de-multiples-fines","8":"product_cat-temas","9":"product_cat-wordpress-temas","10":"product_tag-themeforest","11":"member-discount","12":"discount-restricted","14":"first","15":"instock","16":"sale","17":"downloadable","18":"virtual","19":"sold-individually","20":"purchasable","21":"product-type-simple"},"_links":{"self":[{"href":"https:\/\/gpl-love.com\/es\/wp-json\/wp\/v2\/product\/112336","targetHints":{"allow":["GET"]}}],"collection":[{"href":"https:\/\/gpl-love.com\/es\/wp-json\/wp\/v2\/product"}],"about":[{"href":"https:\/\/gpl-love.com\/es\/wp-json\/wp\/v2\/types\/product"}],"replies":[{"embeddable":true,"href":"https:\/\/gpl-love.com\/es\/wp-json\/wp\/v2\/comments?post=112336"}],"wp:featuredmedia":[{"embeddable":true,"href":"https:\/\/gpl-love.com\/es\/wp-json\/wp\/v2\/media\/166781"}],"wp:attachment":[{"href":"https:\/\/gpl-love.com\/es\/wp-json\/wp\/v2\/media?parent=112336"}],"wp:term":[{"taxonomy":"product_brand","embeddable":true,"href":"https:\/\/gpl-love.com\/es\/wp-json\/wp\/v2\/product_brand?post=112336"},{"taxonomy":"product_cat","embeddable":true,"href":"https:\/\/gpl-love.com\/es\/wp-json\/wp\/v2\/product_cat?post=112336"},{"taxonomy":"product_tag","embeddable":true,"href":"https:\/\/gpl-love.com\/es\/wp-json\/wp\/v2\/product_tag?post=112336"}],"curies":[{"name":"wp","href":"https:\/\/api.w.org\/{rel}","templated":true}]}}