{"id":112334,"date":"2025-10-23T00:00:00","date_gmt":"2025-10-23T05:00:00","guid":{"rendered":"http:\/\/gpl-love.com\/es\/producto\/hozing-hotel-booking-wordpress-tema\/"},"modified":"2026-03-13T17:22:22","modified_gmt":"2026-03-13T22:22:22","slug":"hozing-hotel-booking-wordpress-tema","status":"publish","type":"product","link":"https:\/\/gpl-love.com\/es\/producto\/hozing-hotel-booking-wordpress-tema\/","title":{"rendered":"Hozing Hotel Booking WordPress Theme 1.3.2"},"content":{"rendered":"<h3>Hozing Hotel Booking WordPress Theme Caracteristicas<\/h3>\n<p>El tema de WordPress de Hozing Hotel ofrece una soluci\u00f3n intrincada e intrincada para hoteles y propiedades de alquiler que buscan manejar sus reservas de manera efectiva. Este tema cuenta con una variedad de caracter\u00edsticas altamente personalizables, que van desde funcionalidades de reserva en l\u00ednea hasta calendarios de disponibilidad, herramientas de gesti\u00f3n de habitaciones e integraciones con pasarelas de pago conocidas. Su objetivo principal es ofrecer una experiencia de reserva perfecta para los clientes al tiempo que proporciona simult\u00e1neamente a los propietarios una experiencia de gesti\u00f3n sin esfuerzo. Con su interfaz que es intuitiva para los usuarios y un dise\u00f1o contempor\u00e1neo y atractivo, el tema de WordPress de reserva de hotel Hozing se presenta como la soluci\u00f3n ideal para cualquier hotel o propiedad de alquiler con el objetivo de elevar su presencia en l\u00ednea y optimizar su proceso de reserva.<\/p>\n<ul>\n<li>Tema de WordPress receptivo y atractivo dise\u00f1ado espec\u00edficamente para sitios web de reservas de hoteles<\/li>\n<li>Incluye plantillas predise\u00f1adas para listados de habitaciones, informaci\u00f3n del hotel, formularios de reserva y m\u00e1s<\/li>\n<li>Opciones personalizables para esquemas de color, dise\u00f1os y tipograf\u00eda para adaptarse a cualquier marca o estilo de dise\u00f1o<\/li>\n<li>Integraci\u00f3n con motores de reserva populares como Booking.com, Expedia y Airbnb para una f\u00e1cil gesti\u00f3n de reservas<\/li>\n<li>Calendarios de disponibilidad precisos que muestran disponibilidad de habitaciones en tiempo real y se pueden sincronizar f\u00e1cilmente con plataformas de reserva externas<\/li>\n<li>Filtros de b\u00fasqueda avanzados para ayudar a los usuarios a encontrar el espacio adecuado para sus necesidades en funci\u00f3n del precio, el tipo de habitaci\u00f3n, la ubicaci\u00f3n y las comodidades<\/li>\n<li>Soporte incorporado para m\u00faltiples monedas e idiomas para acomodar a los viajeros internacionales<\/li>\n<li>F\u00e1cil integraci\u00f3n con canales de redes sociales y sitios de revisi\u00f3n populares como TripAdvisor para una mayor visibilidad y participaci\u00f3n del cliente<\/li>\n<li>Documentaci\u00f3n integral y atenci\u00f3n al cliente para ayudar a los usuarios a configurar y personalizar su sitio web con facilidad<\/li>\n<\/ul>\n","protected":false},"excerpt":{"rendered":"<p>\u00bfEst\u00e1 buscando un tema de WordPress que no solo sea elegante sino tambi\u00e9n f\u00e1cil de usar para el sitio web de su hotel? Si es as\u00ed, \u00a1entonces no necesita buscar m\u00e1s all\u00e1 del magn\u00edfico Hozing Hotel Booking WordPress Teme! Este extraordinario tema premium cuenta con un dise\u00f1o exquisitamente elegante y moderno, junto con una amplia gama de caracter\u00edsticas incre\u00edblemente \u00fatiles que seguramente har\u00e1 que todo el proceso de reserva sea muy f\u00e1cil para sus estimados clientes. Con su dise\u00f1o altamente receptivo y una multitud de opciones f\u00e1cilmente personalizables, el tema de WordPress de reserva de hotel Hozing es realmente una combinaci\u00f3n hecha en el cielo para hoteles, moteles y todos los dem\u00e1s negocios de hospitalidad que est\u00e1n ansiosos por mejorar su presencia en l\u00ednea y racionalizar sus procedimientos de reserva sin esfuerzo sus procedimientos de reserva . \u00a1No dude m\u00e1s y pru\u00e9belo hoy para presenciar de primera mano la notable transformaci\u00f3n que puede traer a su sitio web!<\/p>\n","protected":false},"featured_media":166437,"comment_status":"open","ping_status":"open","template":"","meta":[],"product_brand":[2337],"product_cat":[1548,1237,1238],"product_tag":[1391],"class_list":{"0":"post-112334","1":"product","2":"type-product","3":"status-publish","4":"has-post-thumbnail","6":"product_brand-themeforest","7":"product_cat-resort-hotel","8":"product_cat-temas","9":"product_cat-wordpress-temas","10":"product_tag-themeforest","11":"member-discount","12":"discount-restricted","14":"first","15":"instock","16":"sale","17":"downloadable","18":"virtual","19":"sold-individually","20":"purchasable","21":"product-type-simple"},"_links":{"self":[{"href":"https:\/\/gpl-love.com\/es\/wp-json\/wp\/v2\/product\/112334","targetHints":{"allow":["GET"]}}],"collection":[{"href":"https:\/\/gpl-love.com\/es\/wp-json\/wp\/v2\/product"}],"about":[{"href":"https:\/\/gpl-love.com\/es\/wp-json\/wp\/v2\/types\/product"}],"replies":[{"embeddable":true,"href":"https:\/\/gpl-love.com\/es\/wp-json\/wp\/v2\/comments?post=112334"}],"wp:featuredmedia":[{"embeddable":true,"href":"https:\/\/gpl-love.com\/es\/wp-json\/wp\/v2\/media\/166437"}],"wp:attachment":[{"href":"https:\/\/gpl-love.com\/es\/wp-json\/wp\/v2\/media?parent=112334"}],"wp:term":[{"taxonomy":"product_brand","embeddable":true,"href":"https:\/\/gpl-love.com\/es\/wp-json\/wp\/v2\/product_brand?post=112334"},{"taxonomy":"product_cat","embeddable":true,"href":"https:\/\/gpl-love.com\/es\/wp-json\/wp\/v2\/product_cat?post=112334"},{"taxonomy":"product_tag","embeddable":true,"href":"https:\/\/gpl-love.com\/es\/wp-json\/wp\/v2\/product_tag?post=112334"}],"curies":[{"name":"wp","href":"https:\/\/api.w.org\/{rel}","templated":true}]}}