{"id":112332,"date":"2025-10-23T00:00:00","date_gmt":"2025-10-23T05:00:00","guid":{"rendered":"http:\/\/gpl-love.com\/es\/producto\/charihope-charity-y-donation-wordpress-tema\/"},"modified":"2026-03-13T17:17:40","modified_gmt":"2026-03-13T22:17:40","slug":"charihope-charity-y-donation-wordpress-tema","status":"publish","type":"product","link":"https:\/\/gpl-love.com\/es\/producto\/charihope-charity-y-donation-wordpress-tema\/","title":{"rendered":"Charihope Charity y Donation WordPress Theme 1.2.4"},"content":{"rendered":"<h3>Charihope Charity y Donation WordPress Theme Caracteristicas<\/h3>\n<p>El tema de WordPress de la caridad y donaci\u00f3n de Charihope, una herramienta robusta y potente, ha sido meticulosamente elaborado para satisfacer las necesidades de organizaciones sin fines de lucro y servicios de caridad. Con su interfaz notablemente instintiva y f\u00e1cil de usar, este tema le permite dise\u00f1ar un sitio web impresionante que exhiba impecablemente la misi\u00f3n, los objetivos y los logros triunfantes de su organizaci\u00f3n. Adem\u00e1s, el tema est\u00e1 dotado de una personalizaci\u00f3n completa, brind\u00e1ndole la oportunidad de personalizar cada faceta de su sitio al deseo de su coraz\u00f3n. Adem\u00e1s, el sistema de donaci\u00f3n del tema se une a la perfecci\u00f3n con pasarelas de pago populares y ampliamente confiables, como PayPal, Stripe y Authorize.net, lo que representa el proceso de recibir donaciones de seguidores firmes en todo el mundo una brisa absoluta. Como si eso no fuera suficiente, el tema de WordPress de la caridad y donaci\u00f3n de Charihope se complementa a\u00fan m\u00e1s por una gran cantidad de caracter\u00edsticas invaluables, que abarca la gesti\u00f3n de eventos, la gesti\u00f3n de voluntarios e incluso la funcionalidad de una tienda en l\u00ednea. A fin de cuentas, este tema excepcional sirve como una opci\u00f3n extraordinaria y \u00f3ptima para cualquier organizaci\u00f3n sin fines de lucro que anhele establecer una presencia en l\u00ednea profesional e impactante.<\/p>\n<ul>\n<li>-El dise\u00f1o de la p\u00e1gina de inicio de Customizable con m\u00faltiples \u00e1reas de widgets<\/li>\n<li>-Opciones de color sin permiso<\/li>\n<li>-Integraci\u00f3n con plataformas de donaci\u00f3n populares como PayPal y Stripe<\/li>\n<li>-Enspersivo de dise\u00f1o y amigable para dispositivos m\u00f3viles<\/li>\n<li>-La de progreso de recaudaci\u00f3n de fondos construida<\/li>\n<li>-S -Sistema de gesti\u00f3n de eventos con venta de entradas<\/li>\n<li>-Engrograma Blog para compartir actualizaciones e historias de \u00e9xito<\/li>\n<li>-Timador de cuenta regresiva de campa\u00f1a<\/li>\n<li>-Cumo de donaci\u00f3n de usuarios y f\u00e1ciles de usar<\/li>\n<li>-Exty para usar el sistema de gesti\u00f3n de back -end<\/li>\n<li>-Conocimiento decisivo y atenci\u00f3n al cliente.<\/li>\n<\/ul>\n","protected":false},"excerpt":{"rendered":"<p>Experimente el verdadero poder de dar con nuestro tema de WordPress de Charity Charity and Donation. Construido con un coraz\u00f3n para organizaciones sin fines de lucro, este tema es perfecto para organizaciones ben\u00e9ficas, donaciones y plataformas de recaudaci\u00f3n de fondos. Est\u00e1 dise\u00f1ado con una interfaz intuitiva, que proporciona una experiencia de usuario perfecta para su audiencia. Sus caracter\u00edsticas avanzadas incluyen elementos web personalizables, tablero de control de usuario y formularios de donaci\u00f3n f\u00e1ciles de usar. Con Charihope, puede configurar y administrar f\u00e1cilmente su plataforma de caridad en l\u00ednea, lo que le permite concentrarse m\u00e1s en su causa. Este tema de WordPress tambi\u00e9n es receptivo y compatible en todos los dispositivos. Abrazar el esp\u00edritu de generosidad y marcar la diferencia con Charihope.<\/p>\n","protected":false},"featured_media":165613,"comment_status":"open","ping_status":"open","template":"","meta":[],"product_brand":[2337],"product_cat":[1267,1237,1238],"product_tag":[1391],"class_list":{"0":"post-112332","1":"product","2":"type-product","3":"status-publish","4":"has-post-thumbnail","6":"product_brand-themeforest","7":"product_cat-creativo","8":"product_cat-temas","9":"product_cat-wordpress-temas","10":"product_tag-themeforest","11":"member-discount","12":"discount-restricted","14":"first","15":"instock","16":"sale","17":"downloadable","18":"virtual","19":"sold-individually","20":"purchasable","21":"product-type-simple"},"_links":{"self":[{"href":"https:\/\/gpl-love.com\/es\/wp-json\/wp\/v2\/product\/112332","targetHints":{"allow":["GET"]}}],"collection":[{"href":"https:\/\/gpl-love.com\/es\/wp-json\/wp\/v2\/product"}],"about":[{"href":"https:\/\/gpl-love.com\/es\/wp-json\/wp\/v2\/types\/product"}],"replies":[{"embeddable":true,"href":"https:\/\/gpl-love.com\/es\/wp-json\/wp\/v2\/comments?post=112332"}],"wp:featuredmedia":[{"embeddable":true,"href":"https:\/\/gpl-love.com\/es\/wp-json\/wp\/v2\/media\/165613"}],"wp:attachment":[{"href":"https:\/\/gpl-love.com\/es\/wp-json\/wp\/v2\/media?parent=112332"}],"wp:term":[{"taxonomy":"product_brand","embeddable":true,"href":"https:\/\/gpl-love.com\/es\/wp-json\/wp\/v2\/product_brand?post=112332"},{"taxonomy":"product_cat","embeddable":true,"href":"https:\/\/gpl-love.com\/es\/wp-json\/wp\/v2\/product_cat?post=112332"},{"taxonomy":"product_tag","embeddable":true,"href":"https:\/\/gpl-love.com\/es\/wp-json\/wp\/v2\/product_tag?post=112332"}],"curies":[{"name":"wp","href":"https:\/\/api.w.org\/{rel}","templated":true}]}}