{"id":112330,"date":"2021-04-09T00:00:00","date_gmt":"2021-04-09T05:00:00","guid":{"rendered":"http:\/\/gpl-love.com\/es\/producto\/humanum-human-rights-wordpress-tema\/"},"modified":"2026-03-13T17:22:25","modified_gmt":"2026-03-13T22:22:25","slug":"humanum-human-rights-wordpress-tema","status":"publish","type":"product","link":"https:\/\/gpl-love.com\/es\/producto\/humanum-human-rights-wordpress-tema\/","title":{"rendered":"Humanum Human Rights WordPress Theme 1.0.2"},"content":{"rendered":"<h3>Humanum Human Rights WordPress Theme Caracteristicas<\/h3>\n<p>El tema de WordPress Humanum Human Rights es un tema incre\u00edblemente potente y flexible que ha sido meticulosamente elaborado para cumplir con los requisitos \u00fanicos de las organizaciones y activistas de derechos humanos. Con un dise\u00f1o visualmente impresionante y sofisticado, junto con una interfaz intuitiva y f\u00e1cil de usar, este tema notable le otorga la notable capacidad de crear un sitio web profesional y pulido que transmite sin esfuerzo sus valores centrales y noble misi\u00f3n. Con una variedad de dise\u00f1os personalizables, una amplia selecci\u00f3n de esquemas de color cautivadores, as\u00ed como una serie de caracter\u00edsticas pr\u00e1cticas e innovadoras que mejoran en gran medida la navegaci\u00f3n e interacci\u00f3n de los usuarios, este tema sirve como una herramienta invaluable para impulsarlo para mostrar efectivamente sus innumerables programas, eventos y campa\u00f1as. Adem\u00e1s, la integraci\u00f3n perfecta con una variedad de plataformas de redes sociales populares refuerza a\u00fan m\u00e1s su presencia en l\u00ednea y facilita un mejor compromiso con su p\u00fablico objetivo. Adem\u00e1s, la capacidad de respuesta incorporada del tema garantiza una accesibilidad y visibilidad \u00f3ptimas para su sitio web en una amplia gama de dispositivos, mientras que su optimizaci\u00f3n meticulosa para los motores de b\u00fasqueda garantiza que su plataforma digital alcance una mayor visibilidad y atraiga una audiencia m\u00e1s amplia y amplia. En esencia, con el notable tema de WordPress de los derechos humanos de Humanum a su disposici\u00f3n, posee los medios para forjar una presencia en l\u00ednea inmensamente convincente e influyente, impulsando as\u00ed la causa de los derechos humanos.<\/p>\n<ul>\n<li>Un tema de WordPress dise\u00f1ado espec\u00edficamente para sitios web centrados en temas de derechos humanos<\/li>\n<li>P\u00e1gina de inicio personalizable con contenido destacado y widgets para mostrar informaci\u00f3n importante<\/li>\n<li>Dise\u00f1ado de forma responsable para garantizar una visualizaci\u00f3n \u00f3ptima en cualquier dispositivo<\/li>\n<li>Funcionalidad de donaci\u00f3n incorporada para aceptar y procesar f\u00e1cilmente las donaciones de los visitantes<\/li>\n<li>Incluye p\u00e1ginas predise\u00f1adas para tipos de contenido de uso com\u00fan (aproximadamente, contacto, eventos, etc.)<\/li>\n<li>Integraci\u00f3n de las redes sociales para ayudar a construir una presencia en l\u00ednea m\u00e1s grande para el sitio web y su causa<\/li>\n<li>SEO amigable para mejorar la clasificaci\u00f3n y la visibilidad del motor de b\u00fasqueda<\/li>\n<li>Opciones de color m\u00faltiples para personalizar el aspecto del sitio web<\/li>\n<li>F\u00e1cil de usar y personalizar sin requerir ning\u00fan conocimiento o experiencia de codificaci\u00f3n.<\/li>\n<\/ul>\n","protected":false},"excerpt":{"rendered":"<p>El tema de WordPress de derechos humanos humanos, dise\u00f1ado espec\u00edficamente para activistas, organizaciones sin fines de lucro y organizaciones dedicadas a avanzar en los derechos humanos, es una herramienta incre\u00edblemente potente. Su dise\u00f1o sofisticado y su interfaz f\u00e1cil de usar le permiten construir un sitio web visualmente llamativo que no solo resalte su causa sino que tambi\u00e9n fomente la participaci\u00f3n activa. Este tema viene equipado con una variedad de caracter\u00edsticas notables, que incluyen widgets personalizables, integraci\u00f3n perfecta con plataformas de redes sociales para compartir contenido sin esfuerzo y capacidades de optimizaci\u00f3n de motores de b\u00fasqueda, asegurando que posea todas las herramientas necesarias para crear una presencia en l\u00ednea excepcionalmente profesional y representativa. Ya sea que su objetivo sea asegurar el respaldo financiero, crear conciencia o movilizar el apoyo, el tema de WordPress de los derechos humanos humanum acertadamente se considera como la elecci\u00f3n definitiva para su estimada organizaci\u00f3n.<\/p>\n","protected":false},"featured_media":166446,"comment_status":"open","ping_status":"open","template":"","meta":[],"product_brand":[2337],"product_cat":[1267,1237,1238],"product_tag":[1391],"class_list":{"0":"post-112330","1":"product","2":"type-product","3":"status-publish","4":"has-post-thumbnail","6":"product_brand-themeforest","7":"product_cat-creativo","8":"product_cat-temas","9":"product_cat-wordpress-temas","10":"product_tag-themeforest","11":"member-discount","12":"discount-restricted","14":"first","15":"instock","16":"sale","17":"downloadable","18":"virtual","19":"sold-individually","20":"purchasable","21":"product-type-simple"},"_links":{"self":[{"href":"https:\/\/gpl-love.com\/es\/wp-json\/wp\/v2\/product\/112330","targetHints":{"allow":["GET"]}}],"collection":[{"href":"https:\/\/gpl-love.com\/es\/wp-json\/wp\/v2\/product"}],"about":[{"href":"https:\/\/gpl-love.com\/es\/wp-json\/wp\/v2\/types\/product"}],"replies":[{"embeddable":true,"href":"https:\/\/gpl-love.com\/es\/wp-json\/wp\/v2\/comments?post=112330"}],"wp:featuredmedia":[{"embeddable":true,"href":"https:\/\/gpl-love.com\/es\/wp-json\/wp\/v2\/media\/166446"}],"wp:attachment":[{"href":"https:\/\/gpl-love.com\/es\/wp-json\/wp\/v2\/media?parent=112330"}],"wp:term":[{"taxonomy":"product_brand","embeddable":true,"href":"https:\/\/gpl-love.com\/es\/wp-json\/wp\/v2\/product_brand?post=112330"},{"taxonomy":"product_cat","embeddable":true,"href":"https:\/\/gpl-love.com\/es\/wp-json\/wp\/v2\/product_cat?post=112330"},{"taxonomy":"product_tag","embeddable":true,"href":"https:\/\/gpl-love.com\/es\/wp-json\/wp\/v2\/product_tag?post=112330"}],"curies":[{"name":"wp","href":"https:\/\/api.w.org\/{rel}","templated":true}]}}