{"id":112328,"date":"2025-07-25T00:00:00","date_gmt":"2025-07-25T05:00:00","guid":{"rendered":"http:\/\/gpl-love.com\/es\/producto\/aleb-event-wordpress-tema-para-conference-marketing\/"},"modified":"2026-03-13T17:15:35","modified_gmt":"2026-03-13T22:15:35","slug":"aleb-event-wordpress-tema-para-conference-marketing","status":"publish","type":"product","link":"https:\/\/gpl-love.com\/es\/producto\/aleb-event-wordpress-tema-para-conference-marketing\/","title":{"rendered":"Aleb Event WordPress Tema para Conference Marketing 1.4.9"},"content":{"rendered":"<h3>Aleb Event WordPress Tema para Conference Marketing Caracteristicas<\/h3>\n<p>El tema de WordPress de Evento ALEB es una soluci\u00f3n de marketing altamente vers\u00e1til y personalizable, dise\u00f1ada meticulosamente para satisfacer las necesidades de conferencias y eventos. Con una est\u00e9tica elegante y contempor\u00e1nea, este tema surge como la elecci\u00f3n por excelencia para promover efectivamente su evento y cautivar a los posibles asistentes. Con una capacidad de respuesta completa, el tema tambi\u00e9n ofrece una gran cantidad de caracter\u00edsticas impresionantes, incluida la capacidad de personalizar los formularios de registro, incorporar temporizadores de cuenta regresiva, exhibir perfiles de altavoces y horarios de eventos interactivos actuales. Adem\u00e1s, con sus opciones de personalizaci\u00f3n f\u00e1cil de usar, tiene la libertad de adaptar meticulosamente el tema para alinearse sin problemas con los requisitos de identidad y evento de su marca. En esencia, el tema de WordPress del evento ALEB surge como un activo incre\u00edblemente poderoso en los esfuerzos de marketing de conferencias, facilitando sin esfuerzo la creaci\u00f3n de un sitio web de eventos atractivo y muy impactante.<\/p>\n<ul>\n<li>Dise\u00f1o moderno y visualmente impresionante<\/li>\n<li>Personalizaci\u00f3n f\u00e1cil e interfaz f\u00e1cil de usar<\/li>\n<li>Registro de eventos incorporado y sistema de boletos<\/li>\n<li>Horario de la sesi\u00f3n y caracter\u00edsticas de gesti\u00f3n de oradores<\/li>\n<li>Integrado con herramientas populares de terceros como MailChimp y Google Maps<\/li>\n<li>Receptivo y amigable para m\u00f3viles<\/li>\n<li>SEO optimizado para ayudar a aumentar la visibilidad del motor de b\u00fasqueda<\/li>\n<li>Soporte dedicado y documentaci\u00f3n integral<\/li>\n<li>Ideal para varios tipos de conferencias, seminarios y talleres<\/li>\n<\/ul>\n","protected":false},"excerpt":{"rendered":"<p>Sum\u00e9rgete en el evento din\u00e1mico e interactivo de ALEB WordPress, un imprescindible para todas tus necesidades de marketing de conferencias. Con su interfaz f\u00e1cil de usar y sus caracter\u00edsticas personalizables, le permite crear p\u00e1ginas de eventos llamativas que cautivar\u00e1n a su audiencia. Es perfecto para todo tipo de eventos, desde conferencias corporativas hasta festivales de m\u00fasica. Su rendimiento de alta velocidad dejar\u00e1 a sus visitantes impresionados, mientras que su dise\u00f1o amigable con SEO garantiza la m\u00e1xima visibilidad para sus eventos. El tema ALEB tambi\u00e9n incluye una variedad de complementos premium para mejorar la funcionalidad de su sitio web. Adem\u00e1s, con un dise\u00f1o receptivo, sus p\u00e1ginas de eventos se ver\u00e1n impresionantes en cualquier dispositivo. Ya sea que sea un planificador experimentado o un principiante, el tema de WordPress del evento ALEB hace que el marketing de la conferencia sea muy f\u00e1cil.<\/p>\n","protected":false},"featured_media":165344,"comment_status":"open","ping_status":"open","template":"","meta":[],"product_brand":[2337],"product_cat":[1307,1237,1238],"product_tag":[1391],"class_list":{"0":"post-112328","1":"product","2":"type-product","3":"status-publish","4":"has-post-thumbnail","6":"product_brand-themeforest","7":"product_cat-negocio-wordpress-temas","8":"product_cat-temas","9":"product_cat-wordpress-temas","10":"product_tag-themeforest","11":"member-discount","12":"discount-restricted","14":"first","15":"instock","16":"sale","17":"downloadable","18":"virtual","19":"sold-individually","20":"purchasable","21":"product-type-simple"},"_links":{"self":[{"href":"https:\/\/gpl-love.com\/es\/wp-json\/wp\/v2\/product\/112328","targetHints":{"allow":["GET"]}}],"collection":[{"href":"https:\/\/gpl-love.com\/es\/wp-json\/wp\/v2\/product"}],"about":[{"href":"https:\/\/gpl-love.com\/es\/wp-json\/wp\/v2\/types\/product"}],"replies":[{"embeddable":true,"href":"https:\/\/gpl-love.com\/es\/wp-json\/wp\/v2\/comments?post=112328"}],"wp:featuredmedia":[{"embeddable":true,"href":"https:\/\/gpl-love.com\/es\/wp-json\/wp\/v2\/media\/165344"}],"wp:attachment":[{"href":"https:\/\/gpl-love.com\/es\/wp-json\/wp\/v2\/media?parent=112328"}],"wp:term":[{"taxonomy":"product_brand","embeddable":true,"href":"https:\/\/gpl-love.com\/es\/wp-json\/wp\/v2\/product_brand?post=112328"},{"taxonomy":"product_cat","embeddable":true,"href":"https:\/\/gpl-love.com\/es\/wp-json\/wp\/v2\/product_cat?post=112328"},{"taxonomy":"product_tag","embeddable":true,"href":"https:\/\/gpl-love.com\/es\/wp-json\/wp\/v2\/product_tag?post=112328"}],"curies":[{"name":"wp","href":"https:\/\/api.w.org\/{rel}","templated":true}]}}