{"id":112324,"date":"2024-10-15T00:00:00","date_gmt":"2024-10-15T05:00:00","guid":{"rendered":"http:\/\/gpl-love.com\/es\/producto\/aldo-black-y-white-gutenberg-blog-wordpress-tema\/"},"modified":"2026-03-13T17:15:34","modified_gmt":"2026-03-13T22:15:34","slug":"aldo-black-y-white-gutenberg-blog-wordpress-tema","status":"publish","type":"product","link":"https:\/\/gpl-love.com\/es\/producto\/aldo-black-y-white-gutenberg-blog-wordpress-tema\/","title":{"rendered":"Aldo Black y White Gutenberg Blog WordPress Theme 1.0.9"},"content":{"rendered":"<h3>Aldo Black y White Gutenberg Blog WordPress Theme Caracteristicas<\/h3>\n<p>El blog de WordPress de Gutenberg en blanco y negro de Aldo cuenta con una est\u00e9tica elegante y elegante, lo que lo convierte en una opci\u00f3n ideal para los bloggers que buscan una apariencia contempor\u00e1nea y pr\u00edstina. Este tema se ha optimizado espec\u00edficamente para el editor de Gutenberg, lo que permite la personalizaci\u00f3n sin esfuerzo de publicaciones y p\u00e1ginas. Adem\u00e1s, su esquema de color en blanco y negro refinado da un toque de sofisticaci\u00f3n y profesionalismo a cualquier blog, mientras que su dise\u00f1o receptivo garantiza una experiencia de visualizaci\u00f3n \u00f3ptima en todos los dispositivos. Con su interfaz de usuario intuitiva y su extensa variedad de opciones de personalizaci\u00f3n, el tema de WordPress de Gutenberg en blanco y negro Aldo demuestra ser una selecci\u00f3n excepcional para los bloggers que desean un tema que combina perfectamente la funcionalidad con el encanto visual.<\/p>\n<ul>\n<li>Dise\u00f1o elegante y elegante, perfecto para bloggers que desean hacer una declaraci\u00f3n con su sitio web<\/li>\n<li>Opciones de encabezado y fondo personalizables para que coincidan con su marca<\/li>\n<li>El dise\u00f1o receptivo m\u00f3vil asegura que su sitio web se vea muy bien en todos los dispositivos<\/li>\n<li>Incluye m\u00faltiples formatos de publicaci\u00f3n como video, galer\u00eda y audio para la creaci\u00f3n de contenido diverso<\/li>\n<li>Viene con un panel de opciones de tema f\u00e1cil de usar para una f\u00e1cil personalizaci\u00f3n y control<\/li>\n<li>Integraci\u00f3n f\u00e1cil con complementos populares de WordPress para una funcionalidad adicional<\/li>\n<li>Opciones de intercambio de redes sociales incorporadas para aumentar el alcance de su sitio web<\/li>\n<li>Compatibilidad del navegador cruzado para una visualizaci\u00f3n sin interrupciones del sitio web independientemente de la elecci\u00f3n del navegador<\/li>\n<li>Las actualizaciones de temas regulares y la atenci\u00f3n al cliente dedicada garantiza que su sitio web se mantenga actualizado y eficiente.<\/li>\n<\/ul>\n","protected":false},"excerpt":{"rendered":"<p>Abrace una experiencia de blogsing de blogsing con nuestro Blog de Gutenberg en blanco y negro de Aldo WordPress Temo. Este tema \u00fanico est\u00e1 dise\u00f1ado exclusivamente para Gutenberg, el nuevo editor de WordPress, que ofrece una est\u00e9tica visual impresionante que combina perfectamente tonos en blanco y negro. El dise\u00f1o de Aldo no solo es elegante y moderno, sino que tambi\u00e9n es muy personalizable, lo que le permite crear un blog que realmente refleje su personalidad y estilo. Su interfaz intuitiva y caracter\u00edsticas poderosas facilitan que cualquier persona cree un blog atractivo y de aspecto profesional. Adem\u00e1s, es receptivo, asegurando que su blog se vea fant\u00e1stico en todos los dispositivos. El tema del blog de Aldo Gutenberg, WordPress, es una opci\u00f3n inteligente para los bloggers que desean destacarse entre la multitud y cautivar a su audiencia con contenido convincente y un dise\u00f1o impresionante.<\/p>\n","protected":false},"featured_media":165343,"comment_status":"open","ping_status":"open","template":"","meta":[],"product_brand":[2337],"product_cat":[1267,1237,1238],"product_tag":[1391],"class_list":{"0":"post-112324","1":"product","2":"type-product","3":"status-publish","4":"has-post-thumbnail","6":"product_brand-themeforest","7":"product_cat-creativo","8":"product_cat-temas","9":"product_cat-wordpress-temas","10":"product_tag-themeforest","11":"member-discount","12":"discount-restricted","14":"first","15":"instock","16":"sale","17":"downloadable","18":"virtual","19":"sold-individually","20":"purchasable","21":"product-type-simple"},"_links":{"self":[{"href":"https:\/\/gpl-love.com\/es\/wp-json\/wp\/v2\/product\/112324","targetHints":{"allow":["GET"]}}],"collection":[{"href":"https:\/\/gpl-love.com\/es\/wp-json\/wp\/v2\/product"}],"about":[{"href":"https:\/\/gpl-love.com\/es\/wp-json\/wp\/v2\/types\/product"}],"replies":[{"embeddable":true,"href":"https:\/\/gpl-love.com\/es\/wp-json\/wp\/v2\/comments?post=112324"}],"wp:featuredmedia":[{"embeddable":true,"href":"https:\/\/gpl-love.com\/es\/wp-json\/wp\/v2\/media\/165343"}],"wp:attachment":[{"href":"https:\/\/gpl-love.com\/es\/wp-json\/wp\/v2\/media?parent=112324"}],"wp:term":[{"taxonomy":"product_brand","embeddable":true,"href":"https:\/\/gpl-love.com\/es\/wp-json\/wp\/v2\/product_brand?post=112324"},{"taxonomy":"product_cat","embeddable":true,"href":"https:\/\/gpl-love.com\/es\/wp-json\/wp\/v2\/product_cat?post=112324"},{"taxonomy":"product_tag","embeddable":true,"href":"https:\/\/gpl-love.com\/es\/wp-json\/wp\/v2\/product_tag?post=112324"}],"curies":[{"name":"wp","href":"https:\/\/api.w.org\/{rel}","templated":true}]}}