{"id":112316,"date":"2025-08-30T00:00:00","date_gmt":"2025-08-30T05:00:00","guid":{"rendered":"http:\/\/gpl-love.com\/es\/producto\/yith-woocommerce-terms-y-conditions-popup-premium\/"},"modified":"2026-04-05T11:16:09","modified_gmt":"2026-04-05T16:16:09","slug":"yith-woocommerce-terms-y-conditions-popup-premium","status":"publish","type":"product","link":"https:\/\/gpl-love.com\/es\/producto\/yith-woocommerce-terms-y-conditions-popup-premium\/","title":{"rendered":"YITH Terms y Conditions Popup Premium 1.55.0"},"content":{"rendered":"<h3>YITH Terms y Conditions Popup Premium Caracteristicas<\/h3>\n<p>En t\u00e9rminos y condiciones, la ventana emergente aprovecha un poder inmenso, otorgando a los propietarios de la tienda de comercio electr\u00f3nico la capacidad de mostrar sus t\u00e9rminos y condiciones de una manera que exuda elegancia y profesionalismo. Este asombroso complemento faculta a los usuarios para modelar ventanas emergentes a medida, que se materializan cuando los posibles clientes adornan su sitio web con su presencia. Incuye un mecanismo simplista pero formidable que imparte conocimiento a los visitantes con respecto a las pol\u00edticas que rigen su estimado establecimiento, al tiempo que garantiza su cumplimiento inquebrantable con dichas pol\u00edticas antes de embarcarse en su viaje de compra. La plenitud de las opciones de personalizaci\u00f3n proporcion\u00f3 a los usuarios de imbues la capacidad de modificar perfectamente el dise\u00f1o, el contenido textual y los aspectos de comportamiento de la ventana emergente, lo que le permite alinearse armoniosamente con la marca \u00fanica y los elementos estil\u00edsticos de su tienda. Este complemento premium impresionante representa una gema no negociable para cualquier empresa de comercio electr\u00f3nico que anhela difundir efectivamente sus pol\u00edticas de una manera inequ\u00edvoca y sucinta, al tiempo que eleva simult\u00e1neamente la experiencia general del cliente.<\/p>\n<ul>\n<li>Un complemento para WordPress que muestra una ventana emergente personalizable con t\u00e9rminos y condiciones para los usuarios antes de que puedan acceder a su sitio web.<\/li>\n<li>Le permite crear y personalizar r\u00e1pidamente sus propios t\u00e9rminos y condiciones y p\u00e1ginas de pol\u00edticas de privacidad.<\/li>\n<li>Compatible con Gutenberg y el editor cl\u00e1sico, as\u00ed como con temas de WordPress y WooCommerce.<\/li>\n<li>Ofrece varias opciones de personalizaci\u00f3n, como cambiar el color, la fuente y el fondo de la ventana emergente.<\/li>\n<li>Se puede configurar para aparecer autom\u00e1ticamente o con un clic en un bot\u00f3n, y para mostrar solo a nuevos usuarios o en cada visita.<\/li>\n<li>Le ayuda a cumplir con el GDPR y otros requisitos legales mediante el consentimiento de los usuarios a sus pol\u00edticas.<\/li>\n<li>Proporciona informes y estad\u00edsticas sobre el uso y la aceptaci\u00f3n de sus t\u00e9rminos y condiciones, y le permite exportarlos.<\/li>\n<li>Ofrece atenci\u00f3n al cliente y asistencia para cualquier problema o pregunta que pueda tener.<\/li>\n<\/ul>\n","protected":false},"excerpt":{"rendered":"<p>Su PopUp Premium de t\u00e9rminos y condiciones es un complemento incre\u00edblemente robusto que le otorga la capacidad de exhibir sus t\u00e9rminos y condiciones dentro de una ventana emergente de superposici\u00f3n altamente personalizable en su estimado sitio web. Este complemento premium excepcional lo ayuda profundamente a cumplir con los requisitos legales imperativos y salvaguardar la integridad de su negocio en l\u00ednea al garantizar que todos los visitantes consientan sin reservas en sus t\u00e9rminos y condiciones integrales antes de utilizar sus servicios excepcionales o proceder con cualquier compra. A trav\u00e9s de la implementaci\u00f3n de los t\u00e9rminos y condiciones emergentes, obtiene acceso sin esfuerzo a una amplia gama de opciones de personalizaci\u00f3n, lo que le permite alinear armoniosamente la est\u00e9tica, el contenido y el comportamiento de su ventana emergente con el ambiente y la identidad general de su estimado sitio web. Verdaderamente un instrumento esencial para cualquier tienda de comercio electr\u00f3nico exigente o negocio en l\u00ednea que busque obedientemente garantizar un cumplimiento legal absoluto y fortalecer con \u00e9xito la seguridad general y la longevidad de sus estimados esfuerzos comerciales.<\/p>\n","protected":false},"featured_media":168680,"comment_status":"open","ping_status":"open","template":"","meta":[],"product_brand":[2391],"product_cat":[1207,1248,1206],"product_tag":[1462],"class_list":{"0":"post-112316","1":"product","2":"type-product","3":"status-publish","4":"has-post-thumbnail","6":"product_brand-yith","7":"product_cat-comercio-electronico-plugins","8":"product_cat-personalizacion-comercio-electronico-plugins","9":"product_cat-plugins","10":"product_tag-yith","11":"member-discount","12":"discount-restricted","14":"first","15":"instock","16":"sale","17":"downloadable","18":"virtual","19":"sold-individually","20":"purchasable","21":"product-type-simple"},"_links":{"self":[{"href":"https:\/\/gpl-love.com\/es\/wp-json\/wp\/v2\/product\/112316","targetHints":{"allow":["GET"]}}],"collection":[{"href":"https:\/\/gpl-love.com\/es\/wp-json\/wp\/v2\/product"}],"about":[{"href":"https:\/\/gpl-love.com\/es\/wp-json\/wp\/v2\/types\/product"}],"replies":[{"embeddable":true,"href":"https:\/\/gpl-love.com\/es\/wp-json\/wp\/v2\/comments?post=112316"}],"wp:featuredmedia":[{"embeddable":true,"href":"https:\/\/gpl-love.com\/es\/wp-json\/wp\/v2\/media\/168680"}],"wp:attachment":[{"href":"https:\/\/gpl-love.com\/es\/wp-json\/wp\/v2\/media?parent=112316"}],"wp:term":[{"taxonomy":"product_brand","embeddable":true,"href":"https:\/\/gpl-love.com\/es\/wp-json\/wp\/v2\/product_brand?post=112316"},{"taxonomy":"product_cat","embeddable":true,"href":"https:\/\/gpl-love.com\/es\/wp-json\/wp\/v2\/product_cat?post=112316"},{"taxonomy":"product_tag","embeddable":true,"href":"https:\/\/gpl-love.com\/es\/wp-json\/wp\/v2\/product_tag?post=112316"}],"curies":[{"name":"wp","href":"https:\/\/api.w.org\/{rel}","templated":true}]}}