{"id":112314,"date":"2024-02-27T00:00:00","date_gmt":"2024-02-27T05:00:00","guid":{"rendered":"http:\/\/gpl-love.com\/es\/producto\/yith-paypal-payouts-para-woocommerce\/"},"modified":"2026-03-13T17:34:40","modified_gmt":"2026-03-13T22:34:40","slug":"yith-paypal-payouts-para-woocommerce","status":"publish","type":"product","link":"https:\/\/gpl-love.com\/es\/producto\/yith-paypal-payouts-para-woocommerce\/","title":{"rendered":"YITH PayPal Payouts para WooCommerce 2.14.0"},"content":{"rendered":"<h3>YITH PayPal Payouts para WooCommerce Caracteristicas<\/h3>\n<p>Los pagos de PayPal para WooCommerce presenta una soluci\u00f3n notable y altamente pr\u00e1ctica para los usuarios que buscan administrar efectivamente sus operaciones de pago y pago a trav\u00e9s de PayPal. A trav\u00e9s de la utilizaci\u00f3n de esta herramienta invaluable, los propietarios de las tiendas en l\u00ednea est\u00e1n habilitados para emitir pagos directamente desde su tienda WooCommerce a proveedores, proveedores, afiliados o incluso empleados. Este notable complemento se integra perfectamente con la API de pagos masivos ofrecidos por PayPal, asegurando as\u00ed la m\u00e1xima seguridad y confiabilidad cuando se trata de transacciones. Adem\u00e1s, sus pagos de PayPal para WooCommerce est\u00e1n equipados con la capacidad de rastrear e informar las transacciones en tiempo real, lo que facilita un proceso de contabilidad simplificado y acelerado. La facilidad con la que se puede configurar y configurar este complemento, combinados con su compatibilidad con WooCommerce Versiones 3.0 y superiores, hace que los pagos de PayPal para WooCommerce sean un activo verdaderamente excepcional para racionalizar las operaciones de gesti\u00f3n financiera y simplificar el proceso de pago para las empresas.<\/p>\n<ul>\n<li>Permite a los usuarios procesar f\u00e1cilmente los pagos a proveedores o afiliados directamente desde su tienda WooCommerce utilizando PayPal<\/li>\n<li>Permite pagos r\u00e1pidos y seguros, reduciendo el riesgo de errores o fraude<\/li>\n<li>Se puede configurar para procesar autom\u00e1ticamente los pagos en un horario regular o iniciarse manualmente seg\u00fan sea necesario<\/li>\n<li>Proporciona informes detallados y seguimiento de las transacciones de pago para fines administrativos<\/li>\n<li>Admite m\u00faltiples monedas e idiomas, lo que permite a los usuarios administrar f\u00e1cilmente los pagos para una base global de clientes<\/li>\n<li>Se integra a la perfecci\u00f3n con otros complementos para una funcionalidad y conveniencia adicionales<\/li>\n<li>Ofrece una excelente atenci\u00f3n al cliente y documentaci\u00f3n para garantizar una configuraci\u00f3n sin problemas y una experiencia de uso continuo.<\/li>\n<\/ul>\n","protected":false},"excerpt":{"rendered":"<p>Los pagos de PayPal para el complemento WooCommerce sirven como una soluci\u00f3n incre\u00edblemente robusta y efectiva, meticulosamente elaborada para optimizar la intrincada tarea de compensar a los proveedores o afiliados. Al emplear este complemento ingenioso, ejecuta sin esfuerzo pagos a gran escala con solo pocos clics, sin esfuerzo y directamente de su tienda de WooCommerce. Adem\u00e1s, le otorga la notable capacidad de administrar y monitorear de manera eficiente todos sus pagos desde una ubicaci\u00f3n centralizada \u00fanica, por lo tanto, mitiga la necesidad de tareas manuales intensivas en mano de obra y que requieren mucho tiempo. Adem\u00e1s de esto, el complemento le proporciona la invaluable ventaja de automatizar su proceso de pago al permitirle establecer reglas personalizadas basadas en varios factores como el estado del pedido, el tipo de producto o la categor\u00eda, entre una mir\u00edada de otras posibilidades. En consecuencia, este complemento surge como una herramienta indispensable para cualquier propietario de una tienda en l\u00ednea que anhela optimizar su proceso de pago al tiempo que garantiza un mantenimiento de registros financieros meticulosos.<\/p>\n","protected":false},"featured_media":168643,"comment_status":"open","ping_status":"open","template":"","meta":[],"product_brand":[2391],"product_cat":[1208,1207,1206],"product_tag":[1462],"class_list":{"0":"post-112314","1":"product","2":"type-product","3":"status-publish","4":"has-post-thumbnail","6":"product_brand-yith","7":"product_cat-administracion","8":"product_cat-comercio-electronico-plugins","9":"product_cat-plugins","10":"product_tag-yith","11":"member-discount","12":"discount-restricted","14":"first","15":"instock","16":"sale","17":"downloadable","18":"virtual","19":"sold-individually","20":"purchasable","21":"product-type-simple"},"_links":{"self":[{"href":"https:\/\/gpl-love.com\/es\/wp-json\/wp\/v2\/product\/112314","targetHints":{"allow":["GET"]}}],"collection":[{"href":"https:\/\/gpl-love.com\/es\/wp-json\/wp\/v2\/product"}],"about":[{"href":"https:\/\/gpl-love.com\/es\/wp-json\/wp\/v2\/types\/product"}],"replies":[{"embeddable":true,"href":"https:\/\/gpl-love.com\/es\/wp-json\/wp\/v2\/comments?post=112314"}],"wp:featuredmedia":[{"embeddable":true,"href":"https:\/\/gpl-love.com\/es\/wp-json\/wp\/v2\/media\/168643"}],"wp:attachment":[{"href":"https:\/\/gpl-love.com\/es\/wp-json\/wp\/v2\/media?parent=112314"}],"wp:term":[{"taxonomy":"product_brand","embeddable":true,"href":"https:\/\/gpl-love.com\/es\/wp-json\/wp\/v2\/product_brand?post=112314"},{"taxonomy":"product_cat","embeddable":true,"href":"https:\/\/gpl-love.com\/es\/wp-json\/wp\/v2\/product_cat?post=112314"},{"taxonomy":"product_tag","embeddable":true,"href":"https:\/\/gpl-love.com\/es\/wp-json\/wp\/v2\/product_tag?post=112314"}],"curies":[{"name":"wp","href":"https:\/\/api.w.org\/{rel}","templated":true}]}}