{"id":112310,"date":"2022-02-26T00:00:00","date_gmt":"2022-02-26T05:00:00","guid":{"rendered":"http:\/\/gpl-love.com\/es\/producto\/modula-pro-best-wordpress-image-gallery\/"},"modified":"2026-04-10T11:25:35","modified_gmt":"2026-04-10T16:25:35","slug":"modula-pro-best-wordpress-image-gallery","status":"publish","type":"product","link":"https:\/\/gpl-love.com\/es\/producto\/modula-pro-best-wordpress-image-gallery\/","title":{"rendered":"Stachethemes WordPress Events Calendar Plugin 3.2.6"},"content":{"rendered":"<h3>Stachethemes WordPress Events Calendar Plugin Caracteristicas<\/h3>\n<p>El complemento de calendario de eventos de Stachethemes WordPress, dotado de sus inmensas capacidades, sirve como un instrumento influyente para administrar y presentar eventos de manera efectiva en su sitio web. Con su interfaz dise\u00f1ada para ser f\u00e1cil de usar y configuraciones que pueden adaptarse a sus preferencias, puede incorporar, modificar y exhibir eventos de manera que exude profesionalismo y encanto visual. Este complemento excepcional abarca una gran cantidad de caracter\u00edsticas, que abarca la capacidad de personalizar los colores del evento, los eventos recurrentes, la categorizaci\u00f3n de eventos, as\u00ed como la integraci\u00f3n perfecta con la venta de entradas. Adem\u00e1s, cuenta con un dise\u00f1o receptivo, lo que permite que su calendario se adapte perfectamente a cualquier tama\u00f1o de pantalla, asegurando as\u00ed una pantalla visualmente impresionante en escritorios, tabletas y dispositivos m\u00f3viles por igual. En esencia, el complemento de calendario de eventos de WordPress de Stachethemes es una herramienta indispensable para cada sitio web que tiene como objetivo presentar sus eventos de manera equilibrada y ordenada.<\/p>\n<ul>\n<li>Interfaz de usuario simple e intuitiva para una f\u00e1cil gesti\u00f3n de eventos<\/li>\n<li>Dise\u00f1o totalmente personalizable para que coincida con el tema de su sitio web<\/li>\n<li>Opci\u00f3n para crear eventos recurrentes ilimitados con varias frecuencias<\/li>\n<li>Admite m\u00faltiples idiomas y zonas horarias<\/li>\n<li>Funci\u00f3n de gesti\u00f3n del lugar para agregar informaci\u00f3n de ubicaci\u00f3n detallada para cada evento<\/li>\n<li>RSVP y sistema de boletos para un f\u00e1cil registro de eventos y procesamiento de pagos<\/li>\n<li>Integraci\u00f3n perfecta con servicios populares de terceros como Google Calendar y PayPal<\/li>\n<li>SEO amigable con metaetiquetas personalizables y marco de datos estructurados<\/li>\n<li>Dise\u00f1o de respuesta m\u00f3vil para una visualizaci\u00f3n \u00f3ptima en cualquier dispositivo<\/li>\n<li>Actualizaciones regulares y atenci\u00f3n al cliente confiable del equipo de Stachethemes.<\/li>\n<\/ul>\n","protected":false},"excerpt":{"rendered":"<p>El complemento de calendario de eventos de WordPress de Stachethemes, que est\u00e1 disponible por una tarifa, ha sido ingeniosamente elaborado para facilitar la gesti\u00f3n sin esfuerzo de sus eventos horarios. Cuenta con una interfaz inmaculada y f\u00e1cil de usar que se puede hacer a medida para armonizar perfectamente con la est\u00e9tica general de su sitio web. Armado con una impresionante variedad de funcionalidades como eventos recurrentes, varias opciones de visualizaci\u00f3n, campos de eventos personalizados e integraci\u00f3n perfecta con Google Maps, este notable complemento ofrece una soluci\u00f3n que abarca todas las exigencias de su organizaci\u00f3n de eventos. Independientemente de si usted es un propietario de negocios, un l\u00edder de una instituci\u00f3n o un blogger dedicado, este complemento indispensable es una necesidad absoluta para garantizar que nunca vuelva a pasar por alto ning\u00fan evento pr\u00f3ximo.<\/p>\n","protected":false},"featured_media":167557,"comment_status":"open","ping_status":"open","template":"","meta":[],"product_brand":[2339],"product_cat":[1214,1206,1211],"product_tag":[1256],"class_list":{"0":"post-112310","1":"product","2":"type-product","3":"status-publish","4":"has-post-thumbnail","6":"product_brand-codecanyon","7":"product_cat-personalizacion","8":"product_cat-plugins","9":"product_cat-wordpress-plugins","10":"product_tag-codecanyon","11":"member-discount","12":"discount-restricted","14":"first","15":"instock","16":"sale","17":"downloadable","18":"virtual","19":"sold-individually","20":"purchasable","21":"product-type-simple"},"_links":{"self":[{"href":"https:\/\/gpl-love.com\/es\/wp-json\/wp\/v2\/product\/112310","targetHints":{"allow":["GET"]}}],"collection":[{"href":"https:\/\/gpl-love.com\/es\/wp-json\/wp\/v2\/product"}],"about":[{"href":"https:\/\/gpl-love.com\/es\/wp-json\/wp\/v2\/types\/product"}],"replies":[{"embeddable":true,"href":"https:\/\/gpl-love.com\/es\/wp-json\/wp\/v2\/comments?post=112310"}],"wp:featuredmedia":[{"embeddable":true,"href":"https:\/\/gpl-love.com\/es\/wp-json\/wp\/v2\/media\/167557"}],"wp:attachment":[{"href":"https:\/\/gpl-love.com\/es\/wp-json\/wp\/v2\/media?parent=112310"}],"wp:term":[{"taxonomy":"product_brand","embeddable":true,"href":"https:\/\/gpl-love.com\/es\/wp-json\/wp\/v2\/product_brand?post=112310"},{"taxonomy":"product_cat","embeddable":true,"href":"https:\/\/gpl-love.com\/es\/wp-json\/wp\/v2\/product_cat?post=112310"},{"taxonomy":"product_tag","embeddable":true,"href":"https:\/\/gpl-love.com\/es\/wp-json\/wp\/v2\/product_tag?post=112310"}],"curies":[{"name":"wp","href":"https:\/\/api.w.org\/{rel}","templated":true}]}}