{"id":112308,"date":"2026-02-18T00:00:00","date_gmt":"2026-02-18T05:00:00","guid":{"rendered":"http:\/\/gpl-love.com\/es\/producto\/tasty-recipes-wordpress-recipe-plugin-para-food-blogs\/"},"modified":"2026-04-10T11:27:14","modified_gmt":"2026-04-10T16:27:14","slug":"tasty-recipes-wordpress-recipe-plugin-para-food-blogs","status":"publish","type":"product","link":"https:\/\/gpl-love.com\/es\/producto\/tasty-recipes-wordpress-recipe-plugin-para-food-blogs\/","title":{"rendered":"Tasty Recipes 4.0.2"},"content":{"rendered":"<h3>Tasty Recipes Caracteristicas<\/h3>\n<p>El complemento de recetas de WordPress de sabrosas recetas es una herramienta indispensable que cada blogger de alimentos debe tener en su arsenal. Este notable complemento optimiza todo el proceso de elaboraci\u00f3n de tarjetas de recetas visualmente cautivadoras y dise\u00f1adas profesionalmente. Ofrece una gran cantidad de caracter\u00edsticas impresionantes, incluida la optimizaci\u00f3n de SEO de recetas y la conversi\u00f3n autom\u00e1tica de mediciones, entre muchas otras. A trav\u00e9s de recetas sabrosas, tiene la capacidad de personalizar la apariencia y la est\u00e9tica de sus recetas, as\u00ed como incorporar notas de recetas, clasificaciones e informaci\u00f3n nutricional. Adem\u00e1s, este complemento se integra perfectamente con otros complementos de WordPress bien conocidos y responde totalmente en los dispositivos m\u00f3viles. D\u00e9jate despedir con la tarea tediosa y lenta de crear tarjetas de recetas desde cero, y permita que las sabrosas recetas de WordPress receta complementan revolucionar tu blog culinario a alturas sin precedentes.<\/p>\n<ul>\n<li>F\u00e1cil instalaci\u00f3n y configuraci\u00f3n en cualquier sitio web de WordPress<\/li>\n<li>Amplia gama de estilos de presentaci\u00f3n de recetas y dise\u00f1os para su blog<\/li>\n<li>Campos de recetas personalizables que le permiten agregar sus propios consejos y notas de cocina<\/li>\n<li>Sistema de calificaciones y revisiones de recetas incorporadas para interactuar con su audiencia<\/li>\n<li>Caracter\u00edsticas de optimizaci\u00f3n de motores de b\u00fasqueda (SEO) para mejorar la visibilidad de su receta en Google<\/li>\n<li>Dise\u00f1o receptivo m\u00f3vil asegurando que sus recetas se vean bien en cualquier dispositivo<\/li>\n<li>Compatible con los principales servicios de indexaci\u00f3n de recetas como el esquema de recetas y yummly<\/li>\n<li>Integraci\u00f3n con sitios de redes sociales populares para promover sus recetas y hacer crecer sus lectores<\/li>\n<li>B\u00fasqueda de recetas avanzadas que permite a los lectores encontrar y filtrar recetas a sus preferencias<\/li>\n<li>Acceso a atenci\u00f3n al cliente premium y actualizaciones regulares para garantizar un rendimiento \u00f3ptimo.<\/li>\n<\/ul>\n","protected":false},"excerpt":{"rendered":"<p>El plugin de receta de WordPress de sabrosas recetas sirve como una soluci\u00f3n impecable para los bloggers de alimentos que desean distribuir sin esfuerzo recetas deliciosas en su sitio web. Este complemento est\u00e1 lleno de una variedad de caracter\u00edsticas, incluida la informaci\u00f3n de nutrici\u00f3n, las plantillas de recetas personalizables y las herramientas de optimizaci\u00f3n de motores de b\u00fasqueda. Estas funcionalidades excepcionales facilitan la creaci\u00f3n de recetas visualmente cautivadoras que est\u00e1n destinadas a provocar reacciones deliciosas de sus lectores. Independientemente de si usted es un blogger experimentado de alimentos o un novato que se embarca en este viaje, las recetas sabrosas se presentan como la mejor plataforma para exhibir su experiencia culinaria y fomentar conexiones significativas con su audiencia.<\/p>\n","protected":false},"featured_media":167690,"comment_status":"open","ping_status":"open","template":"","meta":[],"product_brand":[2573],"product_cat":[1214,1206,1211],"product_tag":[1835],"class_list":{"0":"post-112308","1":"product","2":"type-product","3":"status-publish","4":"has-post-thumbnail","6":"product_brand-wp-tasty","7":"product_cat-personalizacion","8":"product_cat-plugins","9":"product_cat-wordpress-plugins","10":"product_tag-wp-tasty","11":"member-discount","12":"discount-restricted","14":"first","15":"instock","16":"sale","17":"downloadable","18":"virtual","19":"sold-individually","20":"purchasable","21":"product-type-simple"},"_links":{"self":[{"href":"https:\/\/gpl-love.com\/es\/wp-json\/wp\/v2\/product\/112308","targetHints":{"allow":["GET"]}}],"collection":[{"href":"https:\/\/gpl-love.com\/es\/wp-json\/wp\/v2\/product"}],"about":[{"href":"https:\/\/gpl-love.com\/es\/wp-json\/wp\/v2\/types\/product"}],"replies":[{"embeddable":true,"href":"https:\/\/gpl-love.com\/es\/wp-json\/wp\/v2\/comments?post=112308"}],"wp:featuredmedia":[{"embeddable":true,"href":"https:\/\/gpl-love.com\/es\/wp-json\/wp\/v2\/media\/167690"}],"wp:attachment":[{"href":"https:\/\/gpl-love.com\/es\/wp-json\/wp\/v2\/media?parent=112308"}],"wp:term":[{"taxonomy":"product_brand","embeddable":true,"href":"https:\/\/gpl-love.com\/es\/wp-json\/wp\/v2\/product_brand?post=112308"},{"taxonomy":"product_cat","embeddable":true,"href":"https:\/\/gpl-love.com\/es\/wp-json\/wp\/v2\/product_cat?post=112308"},{"taxonomy":"product_tag","embeddable":true,"href":"https:\/\/gpl-love.com\/es\/wp-json\/wp\/v2\/product_tag?post=112308"}],"curies":[{"name":"wp","href":"https:\/\/api.w.org\/{rel}","templated":true}]}}