{"id":112306,"date":"2021-05-12T00:00:00","date_gmt":"2021-05-12T05:00:00","guid":{"rendered":"http:\/\/gpl-love.com\/es\/producto\/ultimate-member-mycred\/"},"modified":"2026-04-10T11:23:30","modified_gmt":"2026-04-10T16:23:30","slug":"ultimate-member-mycred","status":"publish","type":"product","link":"https:\/\/gpl-love.com\/es\/producto\/ultimate-member-mycred\/","title":{"rendered":"Ridestyle Bike Sport Store WooCommerce Theme 1.2"},"content":{"rendered":"<h3>Ridestyle Bike Sport Store WooCommerce Theme Caracteristicas<\/h3>\n<p>El tema de WooCommerce de Ridestyle Bike Sport cuenta con una gran cantidad de atributos personalizables y receptivos, lo que lo convierte en una opci\u00f3n principal para las tiendas de bicicletas y las empresas relacionadas con los deportes que buscan elevar su presencia en l\u00ednea. Su integraci\u00f3n con la s\u00f3lida plataforma de WooCommerce garantiza una conexi\u00f3n perfecta a su escaparate virtual. Este tema ofrece una amplia gama de caracter\u00edsticas y opciones que le permiten crear un sitio web pulido y cautivador, mostrando efectivamente sus productos de manera \u00f3ptima. Con un dise\u00f1o elegante, dise\u00f1o adaptable y opciones de personalizaci\u00f3n de vanguardia, el tema de WooCommerce de Ridestyle Bike Sport demuestra ser la mejor selecci\u00f3n para las empresas con el objetivo de trascender su huella digital.<\/p>\n<ul>\n<li>Tema de WooCommerce f\u00e1cil de usar y f\u00e1cilmente personalizable adecuado para tiendas de bicicletas deportivas<\/li>\n<li>Dise\u00f1o receptivo que se adapta a varios tama\u00f1os y dispositivos de pantalla para una experiencia de navegaci\u00f3n de usuarios sin problemas<\/li>\n<li>M\u00faltiples dise\u00f1os de la p\u00e1gina de inicio con diferentes secciones para exhibir productos, promociones e informaci\u00f3n de almacenamiento<\/li>\n<li>Varios esquemas de color para elegir con la opci\u00f3n de personalizar y crear su propio esquema de color<\/li>\n<li>Compatible con constructores de p\u00e1ginas de WordPress populares como Elementor y Visual Composer para una f\u00e1cil personalizaci\u00f3n de dise\u00f1o<\/li>\n<li>P\u00e1ginas de productos personalizables con m\u00faltiples galer\u00edas de im\u00e1genes y secciones de productos relacionadas para ventas y ventas cruzadas<\/li>\n<li>Men\u00fa de mega incorporado para una navegaci\u00f3n m\u00e1s f\u00e1cil y exhibici\u00f3n de productos y categor\u00edas<\/li>\n<li>Integraci\u00f3n con complementos populares de WooCommerce como WooCommerce Currency Switcher, Filters de productos y listas de deseos<\/li>\n<li>Compatible con diferentes pasarelas de pago y opciones de env\u00edo para un proceso de pago de cliente sin problemas<\/li>\n<li>Actualizaciones regulares y atenci\u00f3n al cliente para problemas t\u00e9cnicos y asistencia<\/li>\n<\/ul>\n","protected":false},"excerpt":{"rendered":"<p>El tema de WooCommerce de Ridestyle Bike Sport surge como una selecci\u00f3n incre\u00edble para las personas apasionadas por las bicicletas que anhelan inaugurar su mercado digital. Poseiendo un dise\u00f1o pulido y contempor\u00e1neo junto con una integraci\u00f3n perfecta con WooCommerce, este tema otorga a un encuentro de usuario inigualable tanto a clientela como a proveedores. Adem\u00e1s, este tema est\u00e1 repleto de una abundancia de alternativas de personalizaci\u00f3n, facilitando as\u00ed la adaptaci\u00f3n sin esfuerzo del dise\u00f1o para adaptarse a su marca y acentuar acentuada su mercanc\u00eda. Adem\u00e1s, este tema est\u00e1 meticulosamente optimizado para los motores de b\u00fasqueda, asegurando efectivamente la elevaci\u00f3n de la posici\u00f3n de su tienda dentro de los resultados de b\u00fasqueda. Con el tema de WooCommerce de Ridestyle Bike Sport a su disposici\u00f3n, comience la venta de sus bicicletas, accesorios y equipos hoy.<\/p>\n","protected":false},"featured_media":167375,"comment_status":"open","ping_status":"open","template":"","meta":[],"product_brand":[2337],"product_cat":[1263,1264,1237],"product_tag":[1391],"class_list":{"0":"post-112306","1":"product","2":"type-product","3":"status-publish","4":"has-post-thumbnail","6":"product_brand-themeforest","7":"product_cat-comercio-electronico-temas","8":"product_cat-negocio","9":"product_cat-temas","10":"product_tag-themeforest","11":"member-discount","12":"discount-restricted","14":"first","15":"instock","16":"sale","17":"downloadable","18":"virtual","19":"sold-individually","20":"purchasable","21":"product-type-simple"},"_links":{"self":[{"href":"https:\/\/gpl-love.com\/es\/wp-json\/wp\/v2\/product\/112306","targetHints":{"allow":["GET"]}}],"collection":[{"href":"https:\/\/gpl-love.com\/es\/wp-json\/wp\/v2\/product"}],"about":[{"href":"https:\/\/gpl-love.com\/es\/wp-json\/wp\/v2\/types\/product"}],"replies":[{"embeddable":true,"href":"https:\/\/gpl-love.com\/es\/wp-json\/wp\/v2\/comments?post=112306"}],"wp:featuredmedia":[{"embeddable":true,"href":"https:\/\/gpl-love.com\/es\/wp-json\/wp\/v2\/media\/167375"}],"wp:attachment":[{"href":"https:\/\/gpl-love.com\/es\/wp-json\/wp\/v2\/media?parent=112306"}],"wp:term":[{"taxonomy":"product_brand","embeddable":true,"href":"https:\/\/gpl-love.com\/es\/wp-json\/wp\/v2\/product_brand?post=112306"},{"taxonomy":"product_cat","embeddable":true,"href":"https:\/\/gpl-love.com\/es\/wp-json\/wp\/v2\/product_cat?post=112306"},{"taxonomy":"product_tag","embeddable":true,"href":"https:\/\/gpl-love.com\/es\/wp-json\/wp\/v2\/product_tag?post=112306"}],"curies":[{"name":"wp","href":"https:\/\/api.w.org\/{rel}","templated":true}]}}