{"id":112304,"date":"2025-07-18T00:00:00","date_gmt":"2025-07-18T05:00:00","guid":{"rendered":"http:\/\/gpl-love.com\/es\/producto\/the-events-calendar-community-tickets\/"},"modified":"2026-04-10T11:27:23","modified_gmt":"2026-04-10T16:27:23","slug":"the-events-calendar-community-tickets","status":"publish","type":"product","link":"https:\/\/gpl-love.com\/es\/producto\/the-events-calendar-community-tickets\/","title":{"rendered":"The Events Calendar Community Tickets 4.9.6"},"content":{"rendered":"<h3>The Events Calendar Community Tickets Caracteristicas<\/h3>\n<p>El complemento de tickets de la comunidad del calendario de eventos sirve como una herramienta valiosa, espec\u00edficamente adaptada para aumentar la funcionalidad del calendario de eventos, al empoderar a los organizadores de eventos con la capacidad de generar ingresos sin esfuerzo vendiendo boletos directamente desde su propio sitio web. Sorprendentemente, este complemento brinda a los organizadores la capacidad de supervisar sin problemas las ventas de boletos, administrar reembolsos y monitorear meticulosamente la asistencia. En particular, una de las caracter\u00edsticas destacadas de este complemento es su formulario de registro altamente personalizable, que ofrece a los organizadores la oportunidad de recopilar informaci\u00f3n crucial de los asistentes. Adem\u00e1s, este complemento se integra sin problemas con las famosas pasarelas de pago como PayPal y Stripe, lo que brinda a los organizadores la tranquilidad de los pagos de procesamiento de forma segura. En esencia, los boletos de la comunidad de eventos calendario representan una soluci\u00f3n incomparable y eficiente para administrar efectivamente la venta de entradas para eventos.<\/p>\n<ul>\n<li>Permite a los usuarios crear y vender boletos para eventos en su sitio de WordPress<\/li>\n<li>Integraci\u00f3n perfecta con el complemento de calendario de eventos<\/li>\n<li>Proporciona acceso a la compra de entradas y la informaci\u00f3n del asistente a trav\u00e9s de WordPress Dashboard<\/li>\n<li>Ofrece tipos de entradas y opciones de precios personalizables<\/li>\n<li>Funci\u00f3n de escaneo de boletos f\u00e1ciles de usar para el check-in de eventos<\/li>\n<li>Admite m\u00faltiples pasarelas de pago para compras de boletos<\/li>\n<li>Notificaciones automatizadas por correo electr\u00f3nico a los asistentes y organizadores<\/li>\n<li>Registro y recopilaci\u00f3n de datos opcionales de los asistentes<\/li>\n<li>Incluye p\u00e1ginas de check-out personalizables y formularios de registro<\/li>\n<li>Proporciona soporte y documentaci\u00f3n incorporados para una f\u00e1cil implementaci\u00f3n.<\/li>\n<\/ul>\n","protected":false},"excerpt":{"rendered":"<p>Events Calendar Community Bickets es una aplicaci\u00f3n de software innovadora e intuitiva que ha sido meticulosamente dise\u00f1ada para optimizar el intrincado proceso de gesti\u00f3n de eventos y ventas de boletos para comunidades en l\u00ednea. Este producto extraordinario permite a los usuarios crear, promover y vender boletos de manera efectiva para sus eventos muy esperados, todo al tiempo que garantiza una integraci\u00f3n sin complicaciones con su sitio de WordPress preexistente. La interfaz notablemente f\u00e1cil de usar, complementada por su gama de caracter\u00edsticas notablemente robusta e integral, brinda a los usuarios la capacidad incomparable para personalizar sin problemas los detalles del evento y manejar h\u00e1bilmente todos los aspectos de la gesti\u00f3n de boletos, el procesamiento de pagos y el registro de los asistentes. Independientemente de si est\u00e1 organizando una reuni\u00f3n modesta o orquestando una conferencia grandiosa, los boletos de la comunidad de calendario de eventos se ofrecen gentilmente como la soluci\u00f3n definitiva para armonizar sus procesos de gesti\u00f3n de eventos y fomentar una conexi\u00f3n profunda con su floreciente comunidad en l\u00ednea.<\/p>\n","protected":false},"featured_media":167702,"comment_status":"open","ping_status":"open","template":"","meta":[],"product_brand":[2575],"product_cat":[1214,1206,1211],"product_tag":[1551],"class_list":{"0":"post-112304","1":"product","2":"type-product","3":"status-publish","4":"has-post-thumbnail","6":"product_brand-the-events-calendar","7":"product_cat-personalizacion","8":"product_cat-plugins","9":"product_cat-wordpress-plugins","10":"product_tag-the-events-calendar","11":"member-discount","12":"discount-restricted","14":"first","15":"instock","16":"sale","17":"downloadable","18":"virtual","19":"sold-individually","20":"purchasable","21":"product-type-simple"},"_links":{"self":[{"href":"https:\/\/gpl-love.com\/es\/wp-json\/wp\/v2\/product\/112304","targetHints":{"allow":["GET"]}}],"collection":[{"href":"https:\/\/gpl-love.com\/es\/wp-json\/wp\/v2\/product"}],"about":[{"href":"https:\/\/gpl-love.com\/es\/wp-json\/wp\/v2\/types\/product"}],"replies":[{"embeddable":true,"href":"https:\/\/gpl-love.com\/es\/wp-json\/wp\/v2\/comments?post=112304"}],"wp:featuredmedia":[{"embeddable":true,"href":"https:\/\/gpl-love.com\/es\/wp-json\/wp\/v2\/media\/167702"}],"wp:attachment":[{"href":"https:\/\/gpl-love.com\/es\/wp-json\/wp\/v2\/media?parent=112304"}],"wp:term":[{"taxonomy":"product_brand","embeddable":true,"href":"https:\/\/gpl-love.com\/es\/wp-json\/wp\/v2\/product_brand?post=112304"},{"taxonomy":"product_cat","embeddable":true,"href":"https:\/\/gpl-love.com\/es\/wp-json\/wp\/v2\/product_cat?post=112304"},{"taxonomy":"product_tag","embeddable":true,"href":"https:\/\/gpl-love.com\/es\/wp-json\/wp\/v2\/product_tag?post=112304"}],"curies":[{"name":"wp","href":"https:\/\/api.w.org\/{rel}","templated":true}]}}