{"id":112300,"date":"2021-04-08T00:00:00","date_gmt":"2021-04-08T05:00:00","guid":{"rendered":"http:\/\/gpl-love.com\/es\/producto\/eventalk-event-conference-wordpress-tema\/"},"modified":"2026-03-13T17:20:38","modified_gmt":"2026-03-13T22:20:38","slug":"eventalk-event-conference-wordpress-tema","status":"publish","type":"product","link":"https:\/\/gpl-love.com\/es\/producto\/eventalk-event-conference-wordpress-tema\/","title":{"rendered":"EvenTalk Event Conference WordPress Theme 1.6.5"},"content":{"rendered":"<h3>EvenTalk Event Conference WordPress Theme Caracteristicas<\/h3>\n<p>Eventalk, un tema de WordPress de la conferencia de eventos de vanguardia, ha sido meticulosamente elaborado para mejorar la gesti\u00f3n de su conferencia o evento. Su dise\u00f1o elegante y sofisticado, junto con su interfaz intuitivamente f\u00e1cil de usar, facilita la navegaci\u00f3n sin esfuerzo y la creaci\u00f3n de una experiencia inmersiva y cautivadora para todos los asistentes. Adem\u00e1s, Eventalk cuenta con una gran cantidad de caracter\u00edsticas personalizables que incluyen la gesti\u00f3n del horario, los boletos y los perfiles de los altavoces, lo que lo hace indispensable para administrar y orquestar de manera efectiva un evento exitoso. La m\u00e1xima capacidad de respuesta del tema garantiza una perfecci\u00f3n visual incomparable en todos los dispositivos, asegurando una experiencia de visualizaci\u00f3n \u00f3ptima y perfecta. Adem\u00e1s, Eventalk se integra perfectamente con complementos ampliamente aclamados como WooCommerce y MailChimp, simplificando enormemente las arduas tareas de registro y promoci\u00f3n de eventos. En resumen, Eventalk representa una elecci\u00f3n excepcional para aquellas personas que buscan establecer una plataforma de eventos pulida y atractiva que exude la profesionalidad.<\/p>\n<ul>\n<li>Dise\u00f1o moderno y profesional para que su evento se destaque<\/li>\n<li>Totalmente personalizable para que coincida con su estilo de marca y evento<\/li>\n<li>Sistema de registro de eventos incorporado para una f\u00e1cil gesti\u00f3n de asistentes<\/li>\n<li>Dise\u00f1o de respuesta m\u00f3vil para una experiencia de asistente sin problemas<\/li>\n<li>Opciones de dise\u00f1o flexibles para el horario de eventos y la informaci\u00f3n del altavoz<\/li>\n<li>Integraci\u00f3n con complementos populares como WooCommerce y MailChimp<\/li>\n<li>Soporte de idiomas m\u00faltiples para eventos internacionales<\/li>\n<li>Navegaci\u00f3n suave e interfaz f\u00e1cil de usar<\/li>\n<li>Rendimiento confiable y r\u00e1pido para eventos de alto tr\u00e1fico<\/li>\n<li>Documentaci\u00f3n integral y atenci\u00f3n al cliente 24\/7.<\/li>\n<\/ul>\n","protected":false},"excerpt":{"rendered":"<p>Eventalk, un tema excepcional de WordPress, ha sido meticulosamente elaborado \u00fanicamente con el prop\u00f3sito de sitios web de eventos y conferencias. Su dise\u00f1o inmaculado y contempor\u00e1neo proporciona una plataforma f\u00e1cil de usar que simplifica la creaci\u00f3n y administraci\u00f3n del sitio web de su evento. Este tema posee un alto nivel de personalizaci\u00f3n, una interfaz intuitiva y un dise\u00f1o receptivo, que garantiza una visibilidad y accesibilidad \u00f3ptimas en una amplia gama de dispositivos. Adem\u00e1s, Eventalk est\u00e1 equipado con una gran cantidad de caracter\u00edsticas potentes, que incluyen gesti\u00f3n de programas, herramientas de registro f\u00e1ciles de usar, un sistema de boletos eficiente, gesti\u00f3n integral de altavoces, integraci\u00f3n perfecta con varias plataformas de redes sociales y una variedad de otras funcionalidades notables. En consecuencia, es la opci\u00f3n ideal para elaborar un sitio web de eventos asombrosos y triunfantes.<\/p>\n","protected":false},"featured_media":166028,"comment_status":"open","ping_status":"open","template":"","meta":[],"product_brand":[2337],"product_cat":[1267,1237,1238],"product_tag":[1391],"class_list":{"0":"post-112300","1":"product","2":"type-product","3":"status-publish","4":"has-post-thumbnail","6":"product_brand-themeforest","7":"product_cat-creativo","8":"product_cat-temas","9":"product_cat-wordpress-temas","10":"product_tag-themeforest","11":"member-discount","12":"discount-restricted","14":"first","15":"instock","16":"sale","17":"downloadable","18":"virtual","19":"sold-individually","20":"purchasable","21":"product-type-simple"},"_links":{"self":[{"href":"https:\/\/gpl-love.com\/es\/wp-json\/wp\/v2\/product\/112300","targetHints":{"allow":["GET"]}}],"collection":[{"href":"https:\/\/gpl-love.com\/es\/wp-json\/wp\/v2\/product"}],"about":[{"href":"https:\/\/gpl-love.com\/es\/wp-json\/wp\/v2\/types\/product"}],"replies":[{"embeddable":true,"href":"https:\/\/gpl-love.com\/es\/wp-json\/wp\/v2\/comments?post=112300"}],"wp:featuredmedia":[{"embeddable":true,"href":"https:\/\/gpl-love.com\/es\/wp-json\/wp\/v2\/media\/166028"}],"wp:attachment":[{"href":"https:\/\/gpl-love.com\/es\/wp-json\/wp\/v2\/media?parent=112300"}],"wp:term":[{"taxonomy":"product_brand","embeddable":true,"href":"https:\/\/gpl-love.com\/es\/wp-json\/wp\/v2\/product_brand?post=112300"},{"taxonomy":"product_cat","embeddable":true,"href":"https:\/\/gpl-love.com\/es\/wp-json\/wp\/v2\/product_cat?post=112300"},{"taxonomy":"product_tag","embeddable":true,"href":"https:\/\/gpl-love.com\/es\/wp-json\/wp\/v2\/product_tag?post=112300"}],"curies":[{"name":"wp","href":"https:\/\/api.w.org\/{rel}","templated":true}]}}