{"id":112298,"date":"2022-02-15T00:00:00","date_gmt":"2022-02-15T05:00:00","guid":{"rendered":"http:\/\/gpl-love.com\/es\/producto\/sticky-mini-cart-for-woocommerce\/"},"modified":"2026-04-10T11:25:41","modified_gmt":"2026-04-10T16:25:41","slug":"sticky-mini-cart-for-woocommerce","status":"publish","type":"product","link":"https:\/\/gpl-love.com\/es\/producto\/sticky-mini-cart-for-woocommerce\/","title":{"rendered":"Sticky Mini Cart For WooCommerce 1.1.1"},"content":{"rendered":"<h3>Sticky Mini Cart For WooCommerce Caracteristicas<\/h3>\n<p>El Sticky Mini Cart para WooCommerce es un complemento esencial que debe incorporarse a cualquier tienda de comercio electr\u00f3nico que funcione con WooCommerce. Este notable complemento presenta una experiencia de compra perfecta y f\u00e1cil de usar para sus valiosos clientes, cortes\u00eda de la inclusi\u00f3n de un mini carrito pegajoso en su sitio web. Al implementar esta caracter\u00edstica, permite a los clientes examinar sin esfuerzo su carrito de compras sin la necesidad de navegar de un lado a otro entre varias p\u00e1ginas. El mini carro muestra efectivamente los nombres de productos pertinentes, cantidades y precios generales, al tiempo que otorga a los clientes la conveniencia de poder modificar convenientemente su carrito directamente desde el mini carro en s\u00ed. Adem\u00e1s, el complemento cuenta con un nivel ejemplar de configurabilidad, que le brinda la capacidad de adaptar la posici\u00f3n, el esquema de color y el contenido textual del mini carrito para armonizar perfectamente con la est\u00e9tica general de dise\u00f1o de su sitio web. A trav\u00e9s de la integraci\u00f3n del Mini Cart de WooCommerce, seguramente podr\u00e1 aumentar significativamente la experiencia de compra de sus clientes, lo que lleva a un aumento notable en sus cifras de ventas.<\/p>\n<ul>\n<li>Mini carrito compacto y eficiente para sitios web propulsados \u200b\u200bpor WooCommerce<\/li>\n<li>Se puede instalar e integrarse f\u00e1cilmente con el dise\u00f1o existente de su sitio<\/li>\n<li>Utiliza funcionalidad adhesiva para mantenerse visible y accesible para los usuarios a medida que navegan<\/li>\n<li>Muestra a los usuarios una descripci\u00f3n general r\u00e1pida de su contenido de carrito de compras con im\u00e1genes, nombres de productos e informaci\u00f3n de precios<\/li>\n<li>Permite a los usuarios ver su carrito, actualizar cantidades y eliminar elementos sin tener que navegar lejos de su p\u00e1gina actual<\/li>\n<li>Ayuda a reducir el abandono del carrito y aumentar las conversiones manteniendo el carrito frente a la atenci\u00f3n de los usuarios en todo momento<\/li>\n<li>Opciones de dise\u00f1o y colocaci\u00f3n personalizables para que coincidan con la marca y la est\u00e9tica visual de su sitio<\/li>\n<li>Compatible con temas y complementos populares de WordPress para una integraci\u00f3n perfecta con su sitio<\/li>\n<li>Proporciona una experiencia de compra conveniente y f\u00e1cil de usar para los clientes, ayudando a impulsar las ventas y aumentar la satisfacci\u00f3n del cliente.<\/li>\n<\/ul>\n","protected":false},"excerpt":{"rendered":"<p>El Sticky Mini Cart para WooCommerce es un complemento extremadamente conveniente y funcional que ofrece a los usuarios la capacidad sin esfuerzo para monitorear y acceder constantemente a su carrito de compras. Gracias a su dise\u00f1o exquisitamente elegante y compacto, el mini carro se integra perfectamente en cualquier sitio web habilitado para WooCommerce y mantiene su posici\u00f3n en la p\u00e1gina a medida que los usuarios navegan. Esta caracter\u00edstica notable permite a los clientes leer y modificar sin esfuerzo sus art\u00edculos de carrito, continuar de compra sin problemas o proceder a pagar, todo sin la necesidad de navegar lejos de su p\u00e1gina actual. Sin lugar a dudas, el Sticky Mini Cart es un activo indispensable para cualquier tienda en l\u00ednea que se esfuerce por elevar la experiencia de compra de sus clientes y al mismo tiempo reforzar sus cifras de ventas.<\/p>\n","protected":false},"featured_media":167565,"comment_status":"open","ping_status":"open","template":"","meta":[],"product_brand":[2339],"product_cat":[1207,1248,1206],"product_tag":[1256],"class_list":{"0":"post-112298","1":"product","2":"type-product","3":"status-publish","4":"has-post-thumbnail","6":"product_brand-codecanyon","7":"product_cat-comercio-electronico-plugins","8":"product_cat-personalizacion-comercio-electronico-plugins","9":"product_cat-plugins","10":"product_tag-codecanyon","11":"member-discount","12":"discount-restricted","14":"first","15":"instock","16":"sale","17":"downloadable","18":"virtual","19":"sold-individually","20":"purchasable","21":"product-type-simple"},"_links":{"self":[{"href":"https:\/\/gpl-love.com\/es\/wp-json\/wp\/v2\/product\/112298","targetHints":{"allow":["GET"]}}],"collection":[{"href":"https:\/\/gpl-love.com\/es\/wp-json\/wp\/v2\/product"}],"about":[{"href":"https:\/\/gpl-love.com\/es\/wp-json\/wp\/v2\/types\/product"}],"replies":[{"embeddable":true,"href":"https:\/\/gpl-love.com\/es\/wp-json\/wp\/v2\/comments?post=112298"}],"wp:featuredmedia":[{"embeddable":true,"href":"https:\/\/gpl-love.com\/es\/wp-json\/wp\/v2\/media\/167565"}],"wp:attachment":[{"href":"https:\/\/gpl-love.com\/es\/wp-json\/wp\/v2\/media?parent=112298"}],"wp:term":[{"taxonomy":"product_brand","embeddable":true,"href":"https:\/\/gpl-love.com\/es\/wp-json\/wp\/v2\/product_brand?post=112298"},{"taxonomy":"product_cat","embeddable":true,"href":"https:\/\/gpl-love.com\/es\/wp-json\/wp\/v2\/product_cat?post=112298"},{"taxonomy":"product_tag","embeddable":true,"href":"https:\/\/gpl-love.com\/es\/wp-json\/wp\/v2\/product_tag?post=112298"}],"curies":[{"name":"wp","href":"https:\/\/api.w.org\/{rel}","templated":true}]}}