{"id":112296,"date":"2021-07-19T00:00:00","date_gmt":"2021-07-19T05:00:00","guid":{"rendered":"http:\/\/gpl-love.com\/es\/producto\/stack-multipurpose-wordpress-tema\/"},"modified":"2026-04-10T11:25:36","modified_gmt":"2026-04-10T16:25:36","slug":"stack-multipurpose-wordpress-tema","status":"publish","type":"product","link":"https:\/\/gpl-love.com\/es\/producto\/stack-multipurpose-wordpress-tema\/","title":{"rendered":"Stack MultiPurpose WordPress Theme 10.6.3"},"content":{"rendered":"<h3>Stack MultiPurpose WordPress Theme Caracteristicas<\/h3>\n<p>El tema de WordPress multiprop\u00f3sito de la pila es un tema extremadamente vers\u00e1til y altamente personalizable que atiende a una variedad diversa de tipos de sitios web. Con un dise\u00f1o limpio y contempor\u00e1neo, este tema es realmente ideal para una gran cantidad de prop\u00f3sitos, incluidos, entre otros, empresas, carteras, blogs y m\u00e1s. Lo que distingue a este tema del resto es su extensa selecci\u00f3n de dise\u00f1os predise\u00f1ados que se pueden adaptar sin esfuerzo para cumplir con sus requisitos espec\u00edficos. Adem\u00e1s, ofrece un constructor de p\u00e1ginas de arrastrar y soltar incre\u00edblemente robusto, eliminando la necesidad de cualquier conocimiento de codificaci\u00f3n para modelar p\u00e1ginas a medida. Adem\u00e1s de su interfaz f\u00e1cil de usar, el tema de WordPress de m\u00faltiples usos de pila tambi\u00e9n se destaca en su dise\u00f1o receptivo, integraci\u00f3n de WooCommerce perfecta, optimizaci\u00f3n de SEO impecable y una mir\u00edada de opciones de personalizaci\u00f3n, lo que lo convierte en la opci\u00f3n definitiva para las personas que buscan elaborar una creaci\u00f3n de una pulida y altamente pulida y Sitio web funcional.<\/p>\n<ul>\n<li>Dise\u00f1o receptivo, perfecto para ver en cualquier dispositivo o tama\u00f1o de pantalla<\/li>\n<li>M\u00faltiples dise\u00f1os de p\u00e1gina de inicio previamente construida y p\u00e1gina interior para elegir<\/li>\n<li>Personalizable con un creador de p\u00e1ginas de arrastre y suelto f\u00e1cil de usar<\/li>\n<li>SEO optimizado para maximizar la visibilidad y la clasificaci\u00f3n en los motores de b\u00fasqueda<\/li>\n<li>WooCommerce listo para una f\u00e1cil integraci\u00f3n con una tienda en l\u00ednea<\/li>\n<li>Iconos y gr\u00e1ficos de alta resoluci\u00f3n para una apariencia profesional<\/li>\n<li>Integraci\u00f3n de Google Fonts para opciones de tipograf\u00eda sin fin<\/li>\n<li>Actualizaciones regulares y apoyo del equipo para una mejora y compatibilidad continuas<\/li>\n<li>Lista de traducci\u00f3n para su uso en varios idiomas diferentes<\/li>\n<li>Documentaci\u00f3n extensa y atenci\u00f3n al cliente para una experiencia de construcci\u00f3n de sitios web sin interrupciones<\/li>\n<\/ul>\n","protected":false},"excerpt":{"rendered":"<p>Bienvenido a la introducci\u00f3n de la entrada, un tema de WordPress multiprop\u00f3sito verdaderamente excepcional y altamente adaptable meticulosamente elaborado para cumplir con todos sus requisitos de desarrollo web. Con el aporte inmaculado y de vanguardia, es un sue\u00f1o absoluto para cualquier sitio web imaginable, ya sea para empresas, corporaciones o incluso fines personales y art\u00edsticos. El gran poder del Stack Builder le capacita con posibilidades ilimitadas para la personalizaci\u00f3n y el dise\u00f1o, lo que le permite hacer que su sitio web sea realmente una obra maestra \u00fanica. Adem\u00e1s, tenga la seguridad de que su sitio web se adaptar\u00e1 sin esfuerzo y se ver\u00e1 impresionante en todos los dispositivos, gracias a la capacidad de respuesta completa de la entrada. Adem\u00e1s, la entrada incluye generosamente una gran cantidad de plantillas y caracter\u00edsticas preconstruidas que lo dejar\u00e1n asombrado, lo que le permite integrar perfectamente la funcionalidad de comercio electr\u00f3nico, optimizar su sitio web para los motores de b\u00fasqueda e incorporar sin esfuerzo las redes sociales en su presencia en l\u00ednea. Abrace el futuro del desarrollo web hoy y eleva su sitio web a alturas sin precedentes con el brillante brillo de la entrada.<\/p>\n","protected":false},"featured_media":167558,"comment_status":"open","ping_status":"open","template":"","meta":[],"product_brand":[2337],"product_cat":[1239,1237,1238],"product_tag":[1391],"class_list":{"0":"post-112296","1":"product","2":"type-product","3":"status-publish","4":"has-post-thumbnail","6":"product_brand-themeforest","7":"product_cat-de-multiples-fines","8":"product_cat-temas","9":"product_cat-wordpress-temas","10":"product_tag-themeforest","11":"member-discount","12":"discount-restricted","14":"first","15":"instock","16":"sale","17":"downloadable","18":"virtual","19":"sold-individually","20":"purchasable","21":"product-type-simple"},"_links":{"self":[{"href":"https:\/\/gpl-love.com\/es\/wp-json\/wp\/v2\/product\/112296","targetHints":{"allow":["GET"]}}],"collection":[{"href":"https:\/\/gpl-love.com\/es\/wp-json\/wp\/v2\/product"}],"about":[{"href":"https:\/\/gpl-love.com\/es\/wp-json\/wp\/v2\/types\/product"}],"replies":[{"embeddable":true,"href":"https:\/\/gpl-love.com\/es\/wp-json\/wp\/v2\/comments?post=112296"}],"wp:featuredmedia":[{"embeddable":true,"href":"https:\/\/gpl-love.com\/es\/wp-json\/wp\/v2\/media\/167558"}],"wp:attachment":[{"href":"https:\/\/gpl-love.com\/es\/wp-json\/wp\/v2\/media?parent=112296"}],"wp:term":[{"taxonomy":"product_brand","embeddable":true,"href":"https:\/\/gpl-love.com\/es\/wp-json\/wp\/v2\/product_brand?post=112296"},{"taxonomy":"product_cat","embeddable":true,"href":"https:\/\/gpl-love.com\/es\/wp-json\/wp\/v2\/product_cat?post=112296"},{"taxonomy":"product_tag","embeddable":true,"href":"https:\/\/gpl-love.com\/es\/wp-json\/wp\/v2\/product_tag?post=112296"}],"curies":[{"name":"wp","href":"https:\/\/api.w.org\/{rel}","templated":true}]}}