{"id":112294,"date":"2026-03-02T00:00:00","date_gmt":"2026-03-02T05:00:00","guid":{"rendered":"http:\/\/gpl-love.com\/es\/producto\/wp-courseware-online-course-builder-para-wordpress\/"},"modified":"2026-03-09T08:28:07","modified_gmt":"2026-03-09T13:28:07","slug":"wp-courseware-online-course-builder-para-wordpress","status":"publish","type":"product","link":"https:\/\/gpl-love.com\/es\/producto\/wp-courseware-online-course-builder-para-wordpress\/","title":{"rendered":"WP Courseware Online Course Builder para WordPress 4.18.1"},"content":{"rendered":"<h3>WP Courseware Online Course Builder para WordPress Caracteristicas<\/h3>\n<p>El WP Courseware Online Course Builder para WordPress, que es una herramienta incre\u00edblemente poderosa, sirve como un excelente recurso para las personas que buscan establecer y administrar cursos en l\u00ednea en sus sitios web de WordPress. A trav\u00e9s de la utilizaci\u00f3n de este complemento, los usuarios pueden generar y personalizar sin esfuerzo el contenido del curso, organizar cuestionarios y tareas, supervisar el progreso de los estudiantes y otorgar certificaciones al completar con \u00e9xito el curso. La interfaz proporcionada demuestra ser extraordinariamente f\u00e1cil de usar e intuitiva, lo que permite la manipulaci\u00f3n sin esfuerzo de varios elementos a trav\u00e9s del simple acto de arrastrar y soltar, que finalmente culmina en la creaci\u00f3n de un curso que cuenta con una apariencia altamente profesional. Dadas estas caracter\u00edsticas notables, se hace evidente que WP Courseware sirve como una opci\u00f3n verdaderamente excepcional para cualquier persona que tenga como objetivo capitalizar su propia experiencia al proporcionar cursos en l\u00ednea. Ya sea que uno se clasifique como blogger, entrenador o entrenador, la implementaci\u00f3n de este complemento en particular seguramente facilitar\u00e1 la creaci\u00f3n perfecta de cursos en l\u00ednea cautivadores y financieramente gratificantes.<\/p>\n<ul>\n<li>Cree y venda cursos en l\u00ednea de manera f\u00e1cil y r\u00e1pida en su propio sitio web de WordPress<\/li>\n<li>Dise\u00f1os y dise\u00f1os de cursos totalmente personalizables<\/li>\n<li>Capacidad para crear e incrustar multimedia, cuestionarios y tareas<\/li>\n<li>Herramientas de gesti\u00f3n de estudiantes potentes, que incluyen el seguimiento y la calificaci\u00f3n del progreso<\/li>\n<li>Se integra a la perfecci\u00f3n con procesadores de pago populares y plataformas de marketing por correo electr\u00f3nico<\/li>\n<li>Caracter\u00edsticas de informes avanzados para rastrear el rendimiento y los ingresos<\/li>\n<li>Atenci\u00f3n al cliente receptiva y recursos de documentaci\u00f3n \u00fatiles<\/li>\n<\/ul>\n","protected":false},"excerpt":{"rendered":"<p>WP Courseware es una herramienta muy robusta y potente para construir cursos en l\u00ednea. Proporciona asistencia valiosa en la creaci\u00f3n y venta de cursos cautivadores de aprendizaje electr\u00f3nico en su sitio web de WordPress. La plataforma est\u00e1 equipada con una interfaz intuitiva de arrastrar y soltar que simplifica el proceso de desarrollo de m\u00f3dulos, lecciones y cuestionarios. Adem\u00e1s, le permite personalizar el dise\u00f1o del curso e incorporar sin problemas el contenido multimedia en sus cursos. WP Courseware va m\u00e1s all\u00e1 al facilitar el establecimiento de pasarelas de pago, gesti\u00f3n eficiente de cuentas de usuarios, seguimiento meticuloso del progreso del estudiante y la emisi\u00f3n de certificados al finalizar el curso. Esta herramienta excepcional atiende a las necesidades de los empresarios de aprendizaje electr\u00f3nico y los due\u00f1os de negocios que aspiran a capacitar a sus empleados o clientes. \u00a1Experimente las maravillas de WP Courseware hoy y desbloquee el potencial de crear cursos en l\u00ednea que fomenten la educaci\u00f3n, el compromiso y la inspiraci\u00f3n!<\/p>\n","protected":false},"featured_media":168381,"comment_status":"open","ping_status":"open","template":"","meta":[],"product_brand":[2618],"product_cat":[1214,1206,1211],"product_tag":[1834],"class_list":{"0":"post-112294","1":"product","2":"type-product","3":"status-publish","4":"has-post-thumbnail","6":"product_brand-lighthouse-media","7":"product_cat-personalizacion","8":"product_cat-plugins","9":"product_cat-wordpress-plugins","10":"product_tag-lighthouse-media","11":"member-discount","12":"discount-restricted","14":"first","15":"instock","16":"sale","17":"downloadable","18":"virtual","19":"sold-individually","20":"purchasable","21":"product-type-simple"},"_links":{"self":[{"href":"https:\/\/gpl-love.com\/es\/wp-json\/wp\/v2\/product\/112294","targetHints":{"allow":["GET"]}}],"collection":[{"href":"https:\/\/gpl-love.com\/es\/wp-json\/wp\/v2\/product"}],"about":[{"href":"https:\/\/gpl-love.com\/es\/wp-json\/wp\/v2\/types\/product"}],"replies":[{"embeddable":true,"href":"https:\/\/gpl-love.com\/es\/wp-json\/wp\/v2\/comments?post=112294"}],"wp:featuredmedia":[{"embeddable":true,"href":"https:\/\/gpl-love.com\/es\/wp-json\/wp\/v2\/media\/168381"}],"wp:attachment":[{"href":"https:\/\/gpl-love.com\/es\/wp-json\/wp\/v2\/media?parent=112294"}],"wp:term":[{"taxonomy":"product_brand","embeddable":true,"href":"https:\/\/gpl-love.com\/es\/wp-json\/wp\/v2\/product_brand?post=112294"},{"taxonomy":"product_cat","embeddable":true,"href":"https:\/\/gpl-love.com\/es\/wp-json\/wp\/v2\/product_cat?post=112294"},{"taxonomy":"product_tag","embeddable":true,"href":"https:\/\/gpl-love.com\/es\/wp-json\/wp\/v2\/product_tag?post=112294"}],"curies":[{"name":"wp","href":"https:\/\/api.w.org\/{rel}","templated":true}]}}