{"id":112292,"date":"2025-10-14T00:00:00","date_gmt":"2025-10-14T05:00:00","guid":{"rendered":"http:\/\/gpl-love.com\/es\/producto\/wpbakery-page-builder-clipboard\/"},"modified":"2026-03-09T08:30:19","modified_gmt":"2026-03-09T13:30:19","slug":"wpbakery-page-builder-clipboard","status":"publish","type":"product","link":"https:\/\/gpl-love.com\/es\/producto\/wpbakery-page-builder-clipboard\/","title":{"rendered":"WPBakery Page Builder Clipboard 5.0.8"},"content":{"rendered":"<h3>WPBakery Page Builder Clipboard Caracteristicas<\/h3>\n<p>El portapapeles WPBakery Page Builder, que es un complemento de inmensa potencia y facilidad de uso, ofrece la invaluable capacidad de permitir a los usuarios copiar, pegar y pegar sin esfuerzo varios elementos y contenido de la p\u00e1gina dentro de la plataforma de construcci\u00f3n de p\u00e1ginas WPBakery. Por medio de este portapapeles de vanguardia, las personas se otorgan la notable capacidad de replicar r\u00e1pidamente y reutilizar estructuras de p\u00e1gina intrincadas o componentes individuales, incluidos, entre otras, filas, columnas y widgets, sin la ardua necesidad de comenzar desde cero cada vez . Adem\u00e1s, esta herramienta notable tambi\u00e9n sirve como un medio muy conveniente para organizar y almacenar contenido con frecuencia empleado, dise\u00f1os y activos de dise\u00f1o, facilitando significativamente el proceso de racionalizar el flujo de trabajo de uno y acelerar el desarrollo general de sitios web. Regardless of whether one identifies as a web designer, developer, or content creator, it is indubitably imperative to possess the WPBakery Page Builder Clipboard as an indispensable resource, as it possesses the unparalleled potential to save substantial amounts of time and alleviate unnecessary hassles, all El tiempo garantiza la creaci\u00f3n de p\u00e1ginas web visualmente impresionantes y supremamente funcionales.<\/p>\n<ul>\n<li>El portapapeles WPBakery Page Builder es una herramienta que ahorra tiempo que agiliza el proceso de construcci\u00f3n de su p\u00e1gina.<\/li>\n<li>Con comandos simples de copiar y pegar, puede duplicar o reorganizar elementos sin esfuerzo en su sitio.<\/li>\n<li>Diga adi\u00f3s a tediosos ajustes manuales y conc\u00e9ntrese en lo que realmente importa: crear dise\u00f1os impresionantes y funcionales.<\/li>\n<li>Este portapapeles est\u00e1 completamente integrado con la interfaz WPBakery Page Builder, por lo que puede acceder a \u00e9l directamente desde su tablero de edici\u00f3n.<\/li>\n<li>Tambi\u00e9n puede usarlo en varias p\u00e1ginas, ahorr\u00e1ndole a\u00fan m\u00e1s tiempo y esfuerzo.<\/li>\n<li>El portapapia WPBakery Page Builder es compatible con todos los navegadores populares, asegurando un rendimiento suave y confiable.<\/li>\n<li>Este producto viene con una interfaz f\u00e1cil de usar que es f\u00e1cil de navegar, lo que lo hace conveniente tanto para principiantes como para usuarios avanzados.<\/li>\n<li>\u00a1Obtenga el portapapeles WPBakery Page Builder hoy y comience a disfrutar de un edificio de p\u00e1ginas m\u00e1s aerodin\u00e1mico y eficiente!<\/li>\n<\/ul>\n","protected":false},"excerpt":{"rendered":"<p>WPBakery Page Builder Portapples, una herramienta altamente eficiente, ha sido ingeniosamente desarrollado para ayudar en la optimizaci\u00f3n de su proceso de creaci\u00f3n de contenido. Al usar este complemento excepcional, podr\u00e1 duplicar y transferir sin esfuerzo los elementos y plantillas de su contenido a numerosas p\u00e1ginas y publicaciones, eliminando la tediosa tarea de comenzar desde cero cada vez. Independientemente de si se dedica a un esfuerzo de dise\u00f1o de sitios web multifac\u00e9tico o en una mera publicaci\u00f3n de blog, WPBakery Page Builder Portapples garantiza una mejora sin precedentes en la velocidad y la eficiencia de su flujo de trabajo. \u00a1No pierda el tiempo y se embarque en esta experiencia transformadora hoy, elevando su destreza de creaci\u00f3n de contenido a alturas incomparables!<\/p>\n","protected":false},"featured_media":168470,"comment_status":"open","ping_status":"open","template":"","meta":[],"product_brand":[2339],"product_cat":[1214,1206,1211],"product_tag":[1256],"class_list":{"0":"post-112292","1":"product","2":"type-product","3":"status-publish","4":"has-post-thumbnail","6":"product_brand-codecanyon","7":"product_cat-personalizacion","8":"product_cat-plugins","9":"product_cat-wordpress-plugins","10":"product_tag-codecanyon","11":"member-discount","12":"discount-restricted","14":"first","15":"instock","16":"sale","17":"downloadable","18":"virtual","19":"sold-individually","20":"purchasable","21":"product-type-simple"},"_links":{"self":[{"href":"https:\/\/gpl-love.com\/es\/wp-json\/wp\/v2\/product\/112292","targetHints":{"allow":["GET"]}}],"collection":[{"href":"https:\/\/gpl-love.com\/es\/wp-json\/wp\/v2\/product"}],"about":[{"href":"https:\/\/gpl-love.com\/es\/wp-json\/wp\/v2\/types\/product"}],"replies":[{"embeddable":true,"href":"https:\/\/gpl-love.com\/es\/wp-json\/wp\/v2\/comments?post=112292"}],"wp:featuredmedia":[{"embeddable":true,"href":"https:\/\/gpl-love.com\/es\/wp-json\/wp\/v2\/media\/168470"}],"wp:attachment":[{"href":"https:\/\/gpl-love.com\/es\/wp-json\/wp\/v2\/media?parent=112292"}],"wp:term":[{"taxonomy":"product_brand","embeddable":true,"href":"https:\/\/gpl-love.com\/es\/wp-json\/wp\/v2\/product_brand?post=112292"},{"taxonomy":"product_cat","embeddable":true,"href":"https:\/\/gpl-love.com\/es\/wp-json\/wp\/v2\/product_cat?post=112292"},{"taxonomy":"product_tag","embeddable":true,"href":"https:\/\/gpl-love.com\/es\/wp-json\/wp\/v2\/product_tag?post=112292"}],"curies":[{"name":"wp","href":"https:\/\/api.w.org\/{rel}","templated":true}]}}