{"id":112286,"date":"2026-03-16T00:00:00","date_gmt":"2026-03-16T05:00:00","guid":{"rendered":"http:\/\/gpl-love.com\/es\/producto\/woocommerce-quick-view-pro\/"},"modified":"2026-04-10T11:33:33","modified_gmt":"2026-04-10T16:33:33","slug":"woocommerce-quick-view-pro","status":"publish","type":"product","link":"https:\/\/gpl-love.com\/es\/producto\/woocommerce-quick-view-pro\/","title":{"rendered":"WooCommerce Quick View Pro 1.7.16"},"content":{"rendered":"<h3>WooCommerce Quick View Pro Caracteristicas<\/h3>\n<p>WooCommerce Quick View Pro, un complemento notablemente robusto, sirve para enriquecer la experiencia del usuario en los sitios web de WooCommerce a trav\u00e9s de la provisi\u00f3n de una funcionalidad de vista r\u00e1pida para los productos. Esta notable caracter\u00edstica otorga a los clientes la capacidad de contemplar los detalles intrincados del producto sin la necesidad de aventurarse lejos de su p\u00e1gina actual, un atributo que invariablemente genere ahorros de tiempo y aumenta la probabilidad de conversiones. Adem\u00e1s, este complemento excepcional ofrece una gran cantidad de opciones de personalizaci\u00f3n, lo que brinda a los usuarios la libertad de seleccionar la informaci\u00f3n espec\u00edfica del producto que se exhibir\u00e1 dentro de la ventana emergente de vista r\u00e1pida. Con una interfaz altamente intuitiva y una integraci\u00f3n perfecta con la plataforma WooCommerce, Rapid View Pro indudablemente surge como una herramienta indispensable para cualquier establecimiento en l\u00ednea exigente que anhele mejorar la experiencia de su cliente.<\/p>\n<ul>\n<li>Proporciona una manera r\u00e1pida y f\u00e1cil para que los clientes vean los detalles del producto sin dejar la p\u00e1gina actual.<\/li>\n<li>El dise\u00f1o receptivo garantiza la compatibilidad con todos los dispositivos<\/li>\n<li>Se puede personalizar con una variedad de opciones para que coincida con el aspecto de su sitio web<\/li>\n<li>Incluye opciones para agregar variaciones de productos, productos relacionados e incluso un bot\u00f3n de llamada a la acci\u00f3n<\/li>\n<li>Se puede usar con cualquier tema que admita WooCommerce<\/li>\n<li>Instalaci\u00f3n y configuraci\u00f3n f\u00e1ciles, no se requiere codificaci\u00f3n<\/li>\n<li>Ahorra tiempo y mejora la experiencia del usuario, lo que lleva a un aumento de las ventas<\/li>\n<li>Elija entre una variedad de opciones de dise\u00f1o y dise\u00f1o, incluida la ventana emergente o en l\u00ednea<\/li>\n<li>Admite m\u00faltiples idiomas y monedas para clientes internacionales<\/li>\n<li>Sincronizaci\u00f3n autom\u00e1tica con WooCommerce, asegurando la informaci\u00f3n actualizada del producto.<\/li>\n<\/ul>\n","protected":false},"excerpt":{"rendered":"<p>El WooCommerce Quick View Pro, una extensi\u00f3n extraordinariamente robusta, ha sido ingeniosamente dise\u00f1ada para aumentar significativamente la experiencia de compra de los clientes en su estimada tienda de WooCommerce. Con solo un solo clic sin esfuerzo, los clientes est\u00e1n facultados de manera experta para examinar y evaluar diligentemente los detalles del producto en profundidad, tomando as\u00ed r\u00e1pidamente decisiones de compra astutas, todo mientras permanece firmemente instalado dentro de los l\u00edmites de la p\u00e1gina principal de la tienda. Esta herramienta expedita y notablemente f\u00e1cil de usar sirve para economizar eficazmente el tiempo invaluable de los compradores, impulsando simult\u00e1neamente las tasas de conversi\u00f3n de su tienda a alturas sin precedentes. Adem\u00e1s, el WooCommerce Quick View Pro cuenta con orgullo su naturaleza totalmente personalizable y su soporte inquebrantable para los intrincados matices asociados con las variaciones de WooCommerce, lo que lo convierte en la panacea por excelencia y sin igual para cualquier propietario de la tienda en l\u00ednea exigente.<\/p>\n","protected":false},"featured_media":168240,"comment_status":"open","ping_status":"open","template":"","meta":[],"product_brand":[2422],"product_cat":[1207,1248,1206],"product_tag":[1660],"class_list":{"0":"post-112286","1":"product","2":"type-product","3":"status-publish","4":"has-post-thumbnail","6":"product_brand-barn2","7":"product_cat-comercio-electronico-plugins","8":"product_cat-personalizacion-comercio-electronico-plugins","9":"product_cat-plugins","10":"product_tag-barn2","11":"member-discount","12":"discount-restricted","14":"first","15":"instock","16":"sale","17":"downloadable","18":"virtual","19":"sold-individually","20":"purchasable","21":"product-type-simple"},"_links":{"self":[{"href":"https:\/\/gpl-love.com\/es\/wp-json\/wp\/v2\/product\/112286","targetHints":{"allow":["GET"]}}],"collection":[{"href":"https:\/\/gpl-love.com\/es\/wp-json\/wp\/v2\/product"}],"about":[{"href":"https:\/\/gpl-love.com\/es\/wp-json\/wp\/v2\/types\/product"}],"replies":[{"embeddable":true,"href":"https:\/\/gpl-love.com\/es\/wp-json\/wp\/v2\/comments?post=112286"}],"wp:featuredmedia":[{"embeddable":true,"href":"https:\/\/gpl-love.com\/es\/wp-json\/wp\/v2\/media\/168240"}],"wp:attachment":[{"href":"https:\/\/gpl-love.com\/es\/wp-json\/wp\/v2\/media?parent=112286"}],"wp:term":[{"taxonomy":"product_brand","embeddable":true,"href":"https:\/\/gpl-love.com\/es\/wp-json\/wp\/v2\/product_brand?post=112286"},{"taxonomy":"product_cat","embeddable":true,"href":"https:\/\/gpl-love.com\/es\/wp-json\/wp\/v2\/product_cat?post=112286"},{"taxonomy":"product_tag","embeddable":true,"href":"https:\/\/gpl-love.com\/es\/wp-json\/wp\/v2\/product_tag?post=112286"}],"curies":[{"name":"wp","href":"https:\/\/api.w.org\/{rel}","templated":true}]}}