{"id":112282,"date":"2026-04-16T00:00:00","date_gmt":"2026-04-16T05:00:00","guid":{"rendered":"http:\/\/gpl-love.com\/es\/producto\/workreap-freelance-marketplace-y-directory-wordpress-tema\/"},"modified":"2026-04-16T17:16:59","modified_gmt":"2026-04-16T22:16:59","slug":"workreap-freelance-marketplace-y-directory-wordpress-tema","status":"publish","type":"product","link":"https:\/\/gpl-love.com\/es\/producto\/workreap-freelance-marketplace-y-directory-wordpress-tema\/","title":{"rendered":"Workreap Freelance Marketplace y Directory WordPress Theme 3.4.5"},"content":{"rendered":"<h3>Workreap Freelance Marketplace y Directory WordPress Theme Caracteristicas<\/h3>\n<p>El tema de WordReap Freelance Marketplace y el directorio de WordPress se presenta como una soluci\u00f3n extremadamente integral y multifac\u00e9tica, que sirve como una plataforma con todo incluido que atiende a las necesidades de los trabajadores independientes y de los clientes. Este notable tema cuenta con una impresionante variedad de caracter\u00edsticas, que incluye, entre otros, la licitaci\u00f3n del proyecto, un sistema de pago de custodia altamente seguro, un sistema de mensajer\u00eda eficiente y sin problemas, perfiles de usuario intrincadamente detallados y una gran cantidad de otras funciones que contribuye a la versatilidad del tema. Adem\u00e1s, la naturaleza f\u00e1cil de usar del tema y la personalizaci\u00f3n completa que lo convierten en una opci\u00f3n impecable para las personas, independientemente de su nivel de habilidad, ya sean novatos o usuarios de expertos. Con WorkReap a su disposici\u00f3n, uno puede establecer y cultivar sin esfuerzo un mercado profesional independiente profesional, intuitivo e inmensamente f\u00e1cil de usar, forjando conexiones entre clientes exigentes y autenticadores talentosos. Por lo tanto, para aquellos que aspiran a iniciar su propia empresa comercial independiente o aumentar una existente, el mercado de WordPress de WorkReAP Freelance y el directorio de WordPress se destacan como la elecci\u00f3n definitiva, llena de potencial incalculable y posibilidades ilimitadas.<\/p>\n<ul>\n<li>Un poderoso tema de WordPress dise\u00f1ado espec\u00edficamente para mercados y directorios independientes<\/li>\n<li>Incluye una variedad de plantillas y dise\u00f1os preconstruidos para una f\u00e1cil personalizaci\u00f3n<\/li>\n<li>Admite proyectos de precio fijo y por hora para trabajadores independientes y empleadores<\/li>\n<li>Cuenta con un tablero f\u00e1cil de usar para administrar proyectos, ofertas y pagos<\/li>\n<li>Proporciona una p\u00e1gina de perfil detallada para que cada profesional independiente muestre sus habilidades y experiencia.<\/li>\n<li>Ofrece opciones avanzadas de b\u00fasqueda y filtro para encontrar el profesional independiente o proyecto perfecto<\/li>\n<li>Integrado con las pasarelas de pago populares como PayPal y Stripe para transacciones seguras<\/li>\n<li>Admite m\u00faltiples idiomas y tiene compatibilidad RTL para los mercados internacionales<\/li>\n<li>Ofrece un dise\u00f1o receptivo optimizado para todos los dispositivos, incluidos los dispositivos m\u00f3viles y la tableta.<\/li>\n<li>Incluye actualizaciones gratuitas y soporte dedicado del equipo de desarrolladores<\/li>\n<\/ul>\n","protected":false},"excerpt":{"rendered":"<p>WorkReap, un tema de WordPress que es potente y lleno de funciones, ha sido dise\u00f1ado espec\u00edficamente para mercados y directorios independientes. Cuenta con un dise\u00f1o elegante y profesional, que permite la creaci\u00f3n de una plataforma donde los trabajadores independientes y los clientes pueden conectarse, mostrar sus habilidades y experiencia, y participar activamente en oportunidades de trabajo. Adem\u00e1s de su apariencia visualmente atractiva, WorkReAP ofrece una amplia gama de herramientas y caracter\u00edsticas, como gesti\u00f3n de perfil de usuario, listados de trabajo, un sistema de licitaci\u00f3n y dep\u00f3sito en garant\u00eda, capacidades de gesti\u00f3n de proyectos, notificaciones y muchas otras funcionalidades. Al proporcionar una experiencia intuitiva y perfecta tanto para los trabajadores independientes como para los clientes, WorkREAP emerge como la soluci\u00f3n ideal para las personas que buscan establecer un mercado pr\u00f3spero de mercado independiente o sitio web de directorio.<\/p>\n","protected":false},"featured_media":168361,"comment_status":"open","ping_status":"open","template":"","meta":[],"product_brand":[2337],"product_cat":[1307,1237,1238],"product_tag":[1391],"class_list":{"0":"post-112282","1":"product","2":"type-product","3":"status-publish","4":"has-post-thumbnail","6":"product_brand-themeforest","7":"product_cat-negocio-wordpress-temas","8":"product_cat-temas","9":"product_cat-wordpress-temas","10":"product_tag-themeforest","11":"member-discount","12":"discount-restricted","14":"first","15":"instock","16":"sale","17":"downloadable","18":"virtual","19":"sold-individually","20":"purchasable","21":"product-type-simple"},"_links":{"self":[{"href":"https:\/\/gpl-love.com\/es\/wp-json\/wp\/v2\/product\/112282","targetHints":{"allow":["GET"]}}],"collection":[{"href":"https:\/\/gpl-love.com\/es\/wp-json\/wp\/v2\/product"}],"about":[{"href":"https:\/\/gpl-love.com\/es\/wp-json\/wp\/v2\/types\/product"}],"replies":[{"embeddable":true,"href":"https:\/\/gpl-love.com\/es\/wp-json\/wp\/v2\/comments?post=112282"}],"wp:featuredmedia":[{"embeddable":true,"href":"https:\/\/gpl-love.com\/es\/wp-json\/wp\/v2\/media\/168361"}],"wp:attachment":[{"href":"https:\/\/gpl-love.com\/es\/wp-json\/wp\/v2\/media?parent=112282"}],"wp:term":[{"taxonomy":"product_brand","embeddable":true,"href":"https:\/\/gpl-love.com\/es\/wp-json\/wp\/v2\/product_brand?post=112282"},{"taxonomy":"product_cat","embeddable":true,"href":"https:\/\/gpl-love.com\/es\/wp-json\/wp\/v2\/product_cat?post=112282"},{"taxonomy":"product_tag","embeddable":true,"href":"https:\/\/gpl-love.com\/es\/wp-json\/wp\/v2\/product_tag?post=112282"}],"curies":[{"name":"wp","href":"https:\/\/api.w.org\/{rel}","templated":true}]}}