{"id":112278,"date":"2021-04-07T00:00:00","date_gmt":"2021-04-07T05:00:00","guid":{"rendered":"http:\/\/gpl-love.com\/es\/producto\/ouioui-multi-vendor-marketplace-elementor-woocommerce-tema\/"},"modified":"2026-04-10T11:20:31","modified_gmt":"2026-04-10T16:20:31","slug":"ouioui-multi-vendor-marketplace-elementor-woocommerce-tema","status":"publish","type":"product","link":"https:\/\/gpl-love.com\/es\/producto\/ouioui-multi-vendor-marketplace-elementor-woocommerce-tema\/","title":{"rendered":"OuiOui Multi Vendor MarketPlace Elementor WooCommerce Theme 1.3.3"},"content":{"rendered":"<h3>OuiOui Multi Vendor MarketPlace Elementor WooCommerce Theme Caracteristicas<\/h3>\n<p>El tema de WooCommerce de Multi Vendor del Ouioui Marketplace se presenta como una soluci\u00f3n de comercio electr\u00f3nico extremadamente potente que est\u00e1 hecha a medida para las empresas que aspiran a establecer un mercado en l\u00ednea resistente y din\u00e1mico. Lo que distingue a este tema es su notable compatibilidad con WooCommerce, lo que permite a los usuarios fusionar sin esfuerzo las capacidades impresionantes del constructor de p\u00e1ginas Elementer, as\u00ed que los capacita para personalizar sin problemas sus tiendas virtuales. Una caracter\u00edstica distintiva de este tema es su capacidad para facilitar la funcionalidad de m\u00faltiples proveedores, lo que permite a las empresas incorporar convenientemente m\u00faltiples vendedores a su mercado, lo que genera una gama sustancialmente diversa de productos de los cuales los clientes pueden hacer sus selecciones. Adem\u00e1s, este tema abarca una multitud de opciones de pago y env\u00edo, no limitada a PayPal y Stripe, lo que brinda a las empresas la libertad de elegir el mecanismo que mejor se adapte a sus necesidades. Con un dise\u00f1o elegante y contempor\u00e1neo, junto con su funcionalidad avanzada, es inequ\u00edvocamente evidente que el tema del mercado de m\u00faltiples proveedores Ouioui Elementor WooCommerce es la opci\u00f3n por excelencia para las empresas ansiosas por elevar su mercado en l\u00ednea a alturas sin precedentes.<\/p>\n<ul>\n<li>Un tema de mercado multi-vendedores totalmente receptivo y personalizable para WooCommerce.<\/li>\n<li>Integrado con potente constructor de p\u00e1ginas de arrastre y suelto.<\/li>\n<li>Viene con 4 demostraciones prebuiladas con un dise\u00f1o \u00fanico para exhibir el mercado.<\/li>\n<li>La p\u00e1gina de detalles, el proveedor \u00fanico, la tienda de proveedores y la p\u00e1gina de inicio son personalizables.<\/li>\n<li>Apoya a WooCommerce -x.x y compatible con Dokan, WC Marketplace, WCFM Marketplace y Yith WooCommerce Multi Vendor.<\/li>\n<li>Filtrado din\u00e1mico de AJAX, carro y lista de deseos, y comparaci\u00f3n de productos.<\/li>\n<li>Opciones de pago m\u00faltiples como PayPal, Transferencia bancaria, COD y Stripe.<\/li>\n<li>El dise\u00f1o moderno y atractivo con todas las caracter\u00edsticas esenciales que requiere un mercado de m\u00faltiples proveedores.<\/li>\n<li>Sistema de revisi\u00f3n y calificaci\u00f3n incorporada para proveedores y productos.<\/li>\n<li>Dise\u00f1o de respuesta m\u00f3vil con optimizaci\u00f3n completa de SEO.<\/li>\n<\/ul>\n","protected":false},"excerpt":{"rendered":"<p>El tema Ouioui Multi Vendor Marketplace Elementor WooCommerce es una soluci\u00f3n excepcional e inigualable que ofrece la plataforma perfecta para establecer un mercado en l\u00ednea formidable y personalizado. Con un dise\u00f1o sofisticado y contempor\u00e1neo, as\u00ed como una interfaz de usuario instintiva, este tema posee la notable capacidad de atraer a un grupo m\u00e1s grande de compradores y vendedores potenciales, al tiempo que racionaliza y optimiza la optimizaci\u00f3n y optimiza sus operaciones comerciales. Este tema extraordinario est\u00e1 equipado con una multitud de caracter\u00edsticas avanzadas, como las funcionalidades de registro y gesti\u00f3n de proveedores, revisiones integrales de productos y capacidades de calificaci\u00f3n, pasarelas de pago altamente seguras y una amplia gama de opciones de personalizaci\u00f3n. Como resultado, el tema de Ouioui Multi Vendor Marketplace WooCommerce realmente revoluciona el proceso de construir un mercado en l\u00ednea pr\u00f3spero y pr\u00f3spero para personas que buscan lograr un \u00e9xito incomparable en este campo.<\/p>\n","protected":false},"featured_media":167117,"comment_status":"open","ping_status":"open","template":"","meta":[],"product_brand":[2517],"product_cat":[1263,1264,1237],"product_tag":[1833],"class_list":{"0":"post-112278","1":"product","2":"type-product","3":"status-publish","4":"has-post-thumbnail","6":"product_brand-wp-theme-go","7":"product_cat-comercio-electronico-temas","8":"product_cat-negocio","9":"product_cat-temas","10":"product_tag-wp-theme-go","11":"member-discount","12":"discount-restricted","14":"first","15":"instock","16":"sale","17":"downloadable","18":"virtual","19":"sold-individually","20":"purchasable","21":"product-type-simple"},"_links":{"self":[{"href":"https:\/\/gpl-love.com\/es\/wp-json\/wp\/v2\/product\/112278","targetHints":{"allow":["GET"]}}],"collection":[{"href":"https:\/\/gpl-love.com\/es\/wp-json\/wp\/v2\/product"}],"about":[{"href":"https:\/\/gpl-love.com\/es\/wp-json\/wp\/v2\/types\/product"}],"replies":[{"embeddable":true,"href":"https:\/\/gpl-love.com\/es\/wp-json\/wp\/v2\/comments?post=112278"}],"wp:featuredmedia":[{"embeddable":true,"href":"https:\/\/gpl-love.com\/es\/wp-json\/wp\/v2\/media\/167117"}],"wp:attachment":[{"href":"https:\/\/gpl-love.com\/es\/wp-json\/wp\/v2\/media?parent=112278"}],"wp:term":[{"taxonomy":"product_brand","embeddable":true,"href":"https:\/\/gpl-love.com\/es\/wp-json\/wp\/v2\/product_brand?post=112278"},{"taxonomy":"product_cat","embeddable":true,"href":"https:\/\/gpl-love.com\/es\/wp-json\/wp\/v2\/product_cat?post=112278"},{"taxonomy":"product_tag","embeddable":true,"href":"https:\/\/gpl-love.com\/es\/wp-json\/wp\/v2\/product_tag?post=112278"}],"curies":[{"name":"wp","href":"https:\/\/api.w.org\/{rel}","templated":true}]}}