{"id":112276,"date":"2022-01-19T00:00:00","date_gmt":"2022-01-19T05:00:00","guid":{"rendered":"http:\/\/gpl-love.com\/es\/producto\/metro-minimal-woocommerce-wordpress-tema\/"},"modified":"2026-04-10T11:16:34","modified_gmt":"2026-04-10T16:16:34","slug":"metro-minimal-woocommerce-wordpress-tema","status":"publish","type":"product","link":"https:\/\/gpl-love.com\/es\/producto\/metro-minimal-woocommerce-wordpress-tema\/","title":{"rendered":"Metro Minimal WooCommerce WordPress Theme 2.0.0"},"content":{"rendered":"<h3>Metro Minimal WooCommerce WordPress Theme Caracteristicas<\/h3>\n<p>El tema de WordPress de WooCommerce Metro Minimal es un tema exquisitamente dise\u00f1ado y meticulosamente dise\u00f1ado que atiende a los gustos exigentes de las personas que buscan una est\u00e9tica contempor\u00e1nea y minimalista para su estimado sitio web. Este tema resplandeciente se ha adaptado con la m\u00e1xima precisi\u00f3n e ingenio para integrarse perfectamente con el aclamado complemento de WooCommerce, facilitando as\u00ed un proceso sin problemas y simplificado para establecer un emporio en l\u00ednea con el prop\u00f3sito de otorgar una variedad de productos diversos. Con un dise\u00f1o inmaculado y desenfrenado, este tema exuda un aura de sofisticaci\u00f3n y profesionalismo, con grandes cantidades de espacio en blanco que adornan su paisaje virtual. Adem\u00e1s, el tema se enorgullece de su capacidad de respuesta incomparable, lo que lo hace igualmente deslumbrante a trav\u00e9s de una amplia gama de dispositivos. Para aumentar a\u00fan m\u00e1s su encanto, esta obra maestra ofrece una extensa gama de opciones de personalizaci\u00f3n, que incluye un espectro inagotable de opciones de color y una variedad de dise\u00f1os de la p\u00e1gina de inicio cautivadoras. Se deduce inequ\u00edvocamente que el tema de WordPress de WooCommerce m\u00ednimo de Metro surge como una opci\u00f3n inequ\u00edvocamente superlativa para aquellos que anhelan un sitio web que combina tanto estilo como funcionalidad, todo el tiempo que es manejable e infinitamente personalizable sin esfuerzo.<\/p>\n<ul>\n<li>Dise\u00f1o elegante y moderno con una est\u00e9tica limpia y minimalista<\/li>\n<li>Construido espec\u00edficamente para WooCommerce y WordPress, proporcionando una experiencia de compra intuitiva y f\u00e1cil de usar<\/li>\n<li>El dise\u00f1o totalmente receptivo y amigable con los dispositivos m\u00f3viles asegura que su tienda se vea muy bien en cualquier dispositivo<\/li>\n<li>M\u00faltiples opciones de dise\u00f1o de la p\u00e1gina de inicio para ajustar diferentes necesidades y preferencias<\/li>\n<li>Opciones de personalizaci\u00f3n flexible, incluidos esquemas de color, tipograf\u00eda y m\u00e1s<\/li>\n<li>Opciones avanzadas de b\u00fasqueda y filtrado para ayudar a los clientes a encontrar lo que est\u00e1n buscando de manera r\u00e1pida y f\u00e1cil<\/li>\n<li>Opciones de dise\u00f1o de productos m\u00faltiples, incluidas las vistas de la red y la lista.<\/li>\n<li>Integraci\u00f3n con pasarelas de pago populares para transacciones seguras y perfectas<\/li>\n<li>Equipo de soporte dedicado disponible para responder cualquier pregunta o brindar asistencia seg\u00fan sea necesario<\/li>\n<li>Actualizaciones regulares y correcciones de errores para garantizar un rendimiento y estabilidad continuos.<\/li>\n<\/ul>\n","protected":false},"excerpt":{"rendered":"<p>El tema Metro de WordPress de WooCommerce Metro muestra una est\u00e9tica elegantemente dise\u00f1ada, moderna y minimalista que es ideal para cualquier tienda en l\u00ednea. Este tema se enorgullece de su interfaz f\u00e1cil de usar, que permite la personalizaci\u00f3n sin esfuerzo y la adici\u00f3n de listados de productos. Espec\u00edficamente adaptado para la plataforma WooCommerce, el tema m\u00ednimo de Metro incluye una variedad de caracter\u00edsticas esenciales necesarias para ventas en l\u00ednea exitosas, como un dise\u00f1o receptivo, p\u00e1gina de inicio personalizable y filtros de productos. Adem\u00e1s, su rendimiento impresionante y su velocidad de carga r\u00e1pida aseguran que sus clientes puedan disfrutar de una experiencia de compra perfecta desde el momento en que ingresan a su tienda hasta que se compre el producto. Ya sea que su inventario consiste en artesan\u00edas hechas a mano o electr\u00f3nica de primera l\u00ednea, el tema m\u00ednimo de Metro presenta sin esfuerzo sus productos de manera sofisticada y profesional.<\/p>\n","protected":false},"featured_media":166777,"comment_status":"open","ping_status":"open","template":"","meta":[],"product_brand":[2337],"product_cat":[1263,1469,1237],"product_tag":[1391],"class_list":{"0":"post-112276","1":"product","2":"type-product","3":"status-publish","4":"has-post-thumbnail","6":"product_brand-themeforest","7":"product_cat-comercio-electronico-temas","8":"product_cat-creativo-comercio-electronico-temas","9":"product_cat-temas","10":"product_tag-themeforest","11":"member-discount","12":"discount-restricted","14":"first","15":"instock","16":"sale","17":"downloadable","18":"virtual","19":"sold-individually","20":"purchasable","21":"product-type-simple"},"_links":{"self":[{"href":"https:\/\/gpl-love.com\/es\/wp-json\/wp\/v2\/product\/112276","targetHints":{"allow":["GET"]}}],"collection":[{"href":"https:\/\/gpl-love.com\/es\/wp-json\/wp\/v2\/product"}],"about":[{"href":"https:\/\/gpl-love.com\/es\/wp-json\/wp\/v2\/types\/product"}],"replies":[{"embeddable":true,"href":"https:\/\/gpl-love.com\/es\/wp-json\/wp\/v2\/comments?post=112276"}],"wp:featuredmedia":[{"embeddable":true,"href":"https:\/\/gpl-love.com\/es\/wp-json\/wp\/v2\/media\/166777"}],"wp:attachment":[{"href":"https:\/\/gpl-love.com\/es\/wp-json\/wp\/v2\/media?parent=112276"}],"wp:term":[{"taxonomy":"product_brand","embeddable":true,"href":"https:\/\/gpl-love.com\/es\/wp-json\/wp\/v2\/product_brand?post=112276"},{"taxonomy":"product_cat","embeddable":true,"href":"https:\/\/gpl-love.com\/es\/wp-json\/wp\/v2\/product_cat?post=112276"},{"taxonomy":"product_tag","embeddable":true,"href":"https:\/\/gpl-love.com\/es\/wp-json\/wp\/v2\/product_tag?post=112276"}],"curies":[{"name":"wp","href":"https:\/\/api.w.org\/{rel}","templated":true}]}}