{"id":112272,"date":"2025-06-02T00:00:00","date_gmt":"2025-06-02T05:00:00","guid":{"rendered":"http:\/\/gpl-love.com\/es\/producto\/cassio-ajax-portfolio-wordpress-tema\/"},"modified":"2026-03-13T17:17:34","modified_gmt":"2026-03-13T22:17:34","slug":"cassio-ajax-portfolio-wordpress-tema","status":"publish","type":"product","link":"https:\/\/gpl-love.com\/es\/producto\/cassio-ajax-portfolio-wordpress-tema\/","title":{"rendered":"Cassio AJAX Portfolio WordPress Theme 3.6.0"},"content":{"rendered":"<h3>Cassio AJAX Portfolio WordPress Theme Caracteristicas<\/h3>\n<p>El tema de WordPress de Cassio Ajax Portfolio se destaca como una elecci\u00f3n excepcional cuando se trata de presentar su trabajo con la m\u00e1xima elegancia. Este tema en particular atiende perfectamente a las necesidades de artistas, fot\u00f3grafos y dise\u00f1adores que aspiran a exhibir sus creaciones de una manera elegante y contempor\u00e1nea. Su cartera, impulsada por Ajax Technology, ofrece una ventaja distintiva al permitir que los visitantes naveguen sin problemas a trav\u00e9s de su trabajo sin la molestia de las recargas de la p\u00e1gina, asegurando as\u00ed una experiencia de usuario fluida e interactiva. Adem\u00e1s, el tema ofrece una funci\u00f3n de personalizaci\u00f3n f\u00e1cil de usar y una amplia gama de plantillas predeterminadas, lo que le permite adaptar su sitio web de acuerdo con su estilo y preferencias individuales. Adem\u00e1s, el tema de WordPress de la cartera de Cassio Ajax es totalmente receptivo y optimizado para dispositivos m\u00f3viles, lo que garantiza que su cartera se vea visualmente cautivadora e impecablemente estructurada en todos los tama\u00f1os de pantalla. En conclusi\u00f3n, este tema sirve como una soluci\u00f3n notable para aquellos que buscan resaltar su trabajo y crear un sitio web de cartera verdaderamente fascinante.<\/p>\n<ul>\n<li>Tema de WordPress de cartera profesional y moderna<\/li>\n<li>Dise\u00f1o receptivo que se adapta a todos los tama\u00f1os y dispositivos de pantalla<\/li>\n<li>M\u00faltiples dise\u00f1os y estilos de cartera para mostrar su trabajo<\/li>\n<li>Plantillas preconstruidas para p\u00e1ginas importantes como Acerca, contacto y servicios<\/li>\n<li>Soporte para la carga de Ajax para mejorar la velocidad del sitio web y la experiencia del usuario<\/li>\n<li>Animaciones y transiciones CSS3 personalizables para mayor inter\u00e9s visual<\/li>\n<li>Integraci\u00f3n con complementos populares como el formulario de contacto 7 y yoast SEO<\/li>\n<li>C\u00f3digo limpio y bien organizado para una f\u00e1cil personalizaci\u00f3n y mantenimiento<\/li>\n<li>Atenci\u00f3n al cliente dedicada para ayudar con cualquier problema o pregunta<\/li>\n<li>Actualizaciones y mejoras peri\u00f3dicas para garantizar la compatibilidad con las \u00faltimas versiones y tecnolog\u00edas web de WordPress.<\/li>\n<\/ul>\n","protected":false},"excerpt":{"rendered":"<p>\u00a1Experimenta el dise\u00f1o elegante y moderno del tema de WordPress de Cassio Ajax Portfolio! Nuestro tema ofrece caracter\u00edsticas revolucionarias de AJAX, lo que permite que su sitio web funcione sin problemas y eficientemente, y mejorando la experiencia general del usuario. Construido espec\u00edficamente para sitios web de cartera, Cassio admite una variedad de trabajos creativos de artistas, fot\u00f3grafos y otros profesionales. Este tema de WordPress cuenta con un dise\u00f1o limpio y minimalista, asegurando que su cartera se destaque sin distracciones. Adem\u00e1s, responde, adapt\u00e1ndose a cualquier tama\u00f1o de pantalla para una visualizaci\u00f3n \u00f3ptima en todos los dispositivos. \u00a1Cree una impresionante cartera digital con el tema de WordPress de Cassio Ajax Portfolio!<\/p>\n","protected":false},"featured_media":165605,"comment_status":"open","ping_status":"open","template":"","meta":[],"product_brand":[2337],"product_cat":[1267,1237,1238],"product_tag":[1391],"class_list":{"0":"post-112272","1":"product","2":"type-product","3":"status-publish","4":"has-post-thumbnail","6":"product_brand-themeforest","7":"product_cat-creativo","8":"product_cat-temas","9":"product_cat-wordpress-temas","10":"product_tag-themeforest","11":"member-discount","12":"discount-restricted","14":"first","15":"instock","16":"sale","17":"downloadable","18":"virtual","19":"sold-individually","20":"purchasable","21":"product-type-simple"},"_links":{"self":[{"href":"https:\/\/gpl-love.com\/es\/wp-json\/wp\/v2\/product\/112272","targetHints":{"allow":["GET"]}}],"collection":[{"href":"https:\/\/gpl-love.com\/es\/wp-json\/wp\/v2\/product"}],"about":[{"href":"https:\/\/gpl-love.com\/es\/wp-json\/wp\/v2\/types\/product"}],"replies":[{"embeddable":true,"href":"https:\/\/gpl-love.com\/es\/wp-json\/wp\/v2\/comments?post=112272"}],"wp:featuredmedia":[{"embeddable":true,"href":"https:\/\/gpl-love.com\/es\/wp-json\/wp\/v2\/media\/165605"}],"wp:attachment":[{"href":"https:\/\/gpl-love.com\/es\/wp-json\/wp\/v2\/media?parent=112272"}],"wp:term":[{"taxonomy":"product_brand","embeddable":true,"href":"https:\/\/gpl-love.com\/es\/wp-json\/wp\/v2\/product_brand?post=112272"},{"taxonomy":"product_cat","embeddable":true,"href":"https:\/\/gpl-love.com\/es\/wp-json\/wp\/v2\/product_cat?post=112272"},{"taxonomy":"product_tag","embeddable":true,"href":"https:\/\/gpl-love.com\/es\/wp-json\/wp\/v2\/product_tag?post=112272"}],"curies":[{"name":"wp","href":"https:\/\/api.w.org\/{rel}","templated":true}]}}