{"id":112270,"date":"2025-10-30T00:00:00","date_gmt":"2025-10-30T05:00:00","guid":{"rendered":"http:\/\/gpl-love.com\/es\/producto\/blogar-blog-magazine-wordpress-tema\/"},"modified":"2026-03-13T17:16:45","modified_gmt":"2026-03-13T22:16:45","slug":"blogar-blog-magazine-wordpress-tema","status":"publish","type":"product","link":"https:\/\/gpl-love.com\/es\/producto\/blogar-blog-magazine-wordpress-tema\/","title":{"rendered":"Blogar Blog Magazine WordPress Theme 1.3.3"},"content":{"rendered":"<h3>Blogar Blog Magazine WordPress Theme Caracteristicas<\/h3>\n<p>El tema de la revista Blogar Blog WordPress es un tema de WordPress incre\u00edblemente vers\u00e1til y de vanguardia que atiende perfectamente a las necesidades de blogueros, escritores, periodistas y revistas en l\u00ednea. Cuenta con una interfaz totalmente receptiva y muestra un dise\u00f1o notablemente limpio y elegante, lo que hace que sea personalizable sin esfuerzo alinearse con la identidad de su marca. En particular, este tema ofrece una variedad de opciones de dise\u00f1o, asegurando la m\u00e1xima flexibilidad para su sitio web. Adem\u00e1s, est\u00e1 meticulosamente optimizado para fines de optimizaci\u00f3n de motores de b\u00fasqueda (SEO), as\u00ed como velocidades de carga r\u00e1pidas, garantizando una experiencia de usuario excepcional. Adem\u00e1s, este tema est\u00e1 equipado con una ingeniosa funci\u00f3n de intercambio social incorporada, lo que permite a sus lectores compartir sin esfuerzo su contenido cautivador en varias plataformas de redes sociales. Adem\u00e1s, el tema se integra perfectamente con WooCommerce, otorg\u00e1ndole la conveniencia de establecer r\u00e1pidamente una tienda en l\u00ednea. Para mejorar a\u00fan m\u00e1s sus capacidades de personalizaci\u00f3n, el tema de WordPress de Blogar Blog abarca un panel potente de opciones de temas, que le permite adaptar su sitio a sus preferencias y especificaciones precisas. En \u00faltima instancia, ya sea que aspires a comenzar un blog o una revista en l\u00ednea, el tema de WordPress de Blogar Blog surge indiscutiblemente como una elecci\u00f3n excepcional que sin duda exceder\u00e1 tus expectativas.<\/p>\n<ul>\n<li>Dise\u00f1o elegante y moderno con un dise\u00f1o limpio<\/li>\n<li>Totalmente personalizable con m\u00faltiples paletas de colores y opciones de fuentes<\/li>\n<li>Dise\u00f1o receptivo que se adapta a cualquier tama\u00f1o de pantalla o dispositivo<\/li>\n<li>Viene con 7 dise\u00f1os de demostraci\u00f3n \u00fanicos para una f\u00e1cil configuraci\u00f3n del sitio web<\/li>\n<li>Integrado con los botones de intercambio de redes sociales para un f\u00e1cil intercambio de contenido<\/li>\n<li>Formulario de contacto incorporado y formulario de suscripci\u00f3n al bolet\u00edn para mantener a los lectores comprometidos<\/li>\n<li>Motor de b\u00fasqueda optimizado para una mejor visibilidad y clasificaci\u00f3n del motor de b\u00fasqueda<\/li>\n<li>Admite varios formatos de publicaci\u00f3n que incluyen video, galer\u00eda y audio<\/li>\n<li>Compatible con varios complementos de WordPress para una funcionalidad adicional<\/li>\n<li>Documentaci\u00f3n integral y atenci\u00f3n al cliente amigable para una f\u00e1cil configuraci\u00f3n y soluci\u00f3n de problemas<\/li>\n<\/ul>\n","protected":false},"excerpt":{"rendered":"<p>Muestre su contenido creativo con la revista Blogar Blog WordPress Tema. Este tema din\u00e1mico de WordPress ha sido dise\u00f1ado espec\u00edficamente para blogueros, escritores y creadores de contenido que buscan una plataforma est\u00e9ticamente agradable y funcional para compartir su trabajo. Est\u00e1 repleto de caracter\u00edsticas valiosas, que incluye un dise\u00f1o altamente personalizable, un dise\u00f1o receptivo y herramientas amigables con SEO. El tema Blogar ofrece una experiencia inmersiva con sus impresionantes visuales e interfaz intuitiva. Los usuarios pueden navegar sin esfuerzo a trav\u00e9s de su contenido, mejorando su compromiso e interacci\u00f3n. Su dise\u00f1o robusto tambi\u00e9n garantiza un rendimiento \u00f3ptimo en todos los dispositivos, proporcionando una experiencia de navegaci\u00f3n perfecta para su audiencia. Aumente su presencia en l\u00ednea y capture la atenci\u00f3n de su audiencia con la revista Blogar Blog WordPress.<\/p>\n","protected":false},"featured_media":165491,"comment_status":"open","ping_status":"open","template":"","meta":[],"product_brand":[2337],"product_cat":[1245,1237,1238],"product_tag":[1391],"class_list":{"0":"post-112270","1":"product","2":"type-product","3":"status-publish","4":"has-post-thumbnail","6":"product_brand-themeforest","7":"product_cat-blog-revista","8":"product_cat-temas","9":"product_cat-wordpress-temas","10":"product_tag-themeforest","11":"member-discount","12":"discount-restricted","14":"first","15":"instock","16":"sale","17":"downloadable","18":"virtual","19":"sold-individually","20":"purchasable","21":"product-type-simple"},"_links":{"self":[{"href":"https:\/\/gpl-love.com\/es\/wp-json\/wp\/v2\/product\/112270","targetHints":{"allow":["GET"]}}],"collection":[{"href":"https:\/\/gpl-love.com\/es\/wp-json\/wp\/v2\/product"}],"about":[{"href":"https:\/\/gpl-love.com\/es\/wp-json\/wp\/v2\/types\/product"}],"replies":[{"embeddable":true,"href":"https:\/\/gpl-love.com\/es\/wp-json\/wp\/v2\/comments?post=112270"}],"wp:featuredmedia":[{"embeddable":true,"href":"https:\/\/gpl-love.com\/es\/wp-json\/wp\/v2\/media\/165491"}],"wp:attachment":[{"href":"https:\/\/gpl-love.com\/es\/wp-json\/wp\/v2\/media?parent=112270"}],"wp:term":[{"taxonomy":"product_brand","embeddable":true,"href":"https:\/\/gpl-love.com\/es\/wp-json\/wp\/v2\/product_brand?post=112270"},{"taxonomy":"product_cat","embeddable":true,"href":"https:\/\/gpl-love.com\/es\/wp-json\/wp\/v2\/product_cat?post=112270"},{"taxonomy":"product_tag","embeddable":true,"href":"https:\/\/gpl-love.com\/es\/wp-json\/wp\/v2\/product_tag?post=112270"}],"curies":[{"name":"wp","href":"https:\/\/api.w.org\/{rel}","templated":true}]}}