{"id":112268,"date":"2023-03-31T00:00:00","date_gmt":"2023-03-31T05:00:00","guid":{"rendered":"http:\/\/gpl-love.com\/es\/producto\/wp-coupons-coupon-plugin-para-wordpress\/"},"modified":"2026-03-09T08:28:05","modified_gmt":"2026-03-09T13:28:05","slug":"wp-coupons-coupon-plugin-para-wordpress","status":"publish","type":"product","link":"https:\/\/gpl-love.com\/es\/producto\/wp-coupons-coupon-plugin-para-wordpress\/","title":{"rendered":"WP Coupons Coupon Plugin para WordPress 1.8.3"},"content":{"rendered":"<h3>WP Coupons Coupon Plugin para WordPress Caracteristicas<\/h3>\n<p>El complemento de cupones de cupones WP para WordPress, una herramienta profundamente robusta, ofrece la capacidad de generar y supervisar cupones en su sitio web de WordPress. Este complemento le permite crear y adaptar los cupones sin esfuerzo, incorporarlos sin problemas en su sitio web y monitorear diligentemente su eficacia. Su interfaz f\u00e1cil de usar facilita la facilidad de uso, incluso para aquellos que carecen de competencia en codificaci\u00f3n. Adem\u00e1s, el complemento est\u00e1 equipado con una gran cantidad de caracter\u00edsticas, que incluye soporte de c\u00f3digo corto, plantillas de cup\u00f3n, fechas de vencimiento de cupones y una variedad de otras funcionalidades valiosas. Sin lugar a dudas, el complemento de cupones de cupones WP para WordPress se erige como un activo indispensable para cualquier propietario del sitio web que aspira a amplificar las ventas y aflarar una base de clientes m\u00e1s grande.<\/p>\n<ul>\n<li>Instalaci\u00f3n f\u00e1cil y proceso de configuraci\u00f3n<\/li>\n<li>Plantillas de cup\u00f3n personalizables para que coincidan con el dise\u00f1o de su sitio web<\/li>\n<li>Interfaz f\u00e1cil de usar para crear y administrar cupones<\/li>\n<li>Opci\u00f3n para establecer fechas de vencimiento y l\u00edmites de uso para cupones<\/li>\n<li>Capacidad para insertar cupones en cualquier lugar de su sitio web con c\u00f3digos cortos<\/li>\n<li>Integraci\u00f3n con servicios populares de marketing por correo electr\u00f3nico para distribuci\u00f3n de cupones<\/li>\n<li>Seguimiento detallado e informes del uso de cupones y efectividad<\/li>\n<li>Compatibilidad con complementos populares de comercio electr\u00f3nico, como WooCommerce<\/li>\n<\/ul>\n","protected":false},"excerpt":{"rendered":"<p>El complemento de cupones de cupones WP para WordPress es una herramienta altamente formidable y eficiente que le proporciona la capacidad conveniente de generar y administrar cupones sin esfuerzo para su sitio web. Al utilizar este complemento innovador, est\u00e1 facultado para extender descuentos exclusivos a sus estimados clientes, lo que finalmente resulta en un aumento sustancial de las cifras de ventas y una notable escalada en el tr\u00e1fico del sitio web. El complemento en s\u00ed posee un proceso de instalaci\u00f3n f\u00e1cilmente f\u00e1cil de usar y se acompa\u00f1a de una extensa gama de caracter\u00edsticas excepcionales, que incluye, entre otras, la provisi\u00f3n de plantillas de cup\u00f3n personalizables, la incorporaci\u00f3n de fechas de vencimiento de cup\u00f3n y la facilitaci\u00f3n de las capacidades de seguimiento que le permiten Para monitorear y evaluar meticulosamente los resultados triunfantes de sus campa\u00f1as meticulosamente dise\u00f1adas. Adem\u00e1s, el complemento est\u00e1 dise\u00f1ado de manera inteligente para coexistir armoniosamente con un extenso repertorio de temas de WordPress y se integra perfectamente con plataformas de comercio electr\u00f3nico muy populares como el ampliamente aclamado WooCommerce. Emb\u00e1rcate en el viaje de ofrecer cupones atractivos con facilidad y conveniencia incomparables al adquirir y adoptar el notable complemento de cupones de WP para WordPress.<\/p>\n","protected":false},"featured_media":168380,"comment_status":"open","ping_status":"open","template":"","meta":[],"product_brand":[2617],"product_cat":[1232,1206,1211],"product_tag":[1832],"class_list":{"0":"post-112268","1":"product","2":"type-product","3":"status-publish","4":"has-post-thumbnail","6":"product_brand-wp-coupons","7":"product_cat-marketing-wordpress-plugins","8":"product_cat-plugins","9":"product_cat-wordpress-plugins","10":"product_tag-wp-coupons","11":"member-discount","12":"discount-restricted","14":"first","15":"instock","16":"sale","17":"downloadable","18":"virtual","19":"sold-individually","20":"purchasable","21":"product-type-simple"},"_links":{"self":[{"href":"https:\/\/gpl-love.com\/es\/wp-json\/wp\/v2\/product\/112268","targetHints":{"allow":["GET"]}}],"collection":[{"href":"https:\/\/gpl-love.com\/es\/wp-json\/wp\/v2\/product"}],"about":[{"href":"https:\/\/gpl-love.com\/es\/wp-json\/wp\/v2\/types\/product"}],"replies":[{"embeddable":true,"href":"https:\/\/gpl-love.com\/es\/wp-json\/wp\/v2\/comments?post=112268"}],"wp:featuredmedia":[{"embeddable":true,"href":"https:\/\/gpl-love.com\/es\/wp-json\/wp\/v2\/media\/168380"}],"wp:attachment":[{"href":"https:\/\/gpl-love.com\/es\/wp-json\/wp\/v2\/media?parent=112268"}],"wp:term":[{"taxonomy":"product_brand","embeddable":true,"href":"https:\/\/gpl-love.com\/es\/wp-json\/wp\/v2\/product_brand?post=112268"},{"taxonomy":"product_cat","embeddable":true,"href":"https:\/\/gpl-love.com\/es\/wp-json\/wp\/v2\/product_cat?post=112268"},{"taxonomy":"product_tag","embeddable":true,"href":"https:\/\/gpl-love.com\/es\/wp-json\/wp\/v2\/product_tag?post=112268"}],"curies":[{"name":"wp","href":"https:\/\/api.w.org\/{rel}","templated":true}]}}