{"id":112266,"date":"2021-04-07T00:00:00","date_gmt":"2021-04-07T05:00:00","guid":{"rendered":"http:\/\/gpl-love.com\/es\/producto\/boldman-hyyman-renovation-services-wordpress-tema\/"},"modified":"2026-03-13T17:16:54","modified_gmt":"2026-03-13T22:16:54","slug":"boldman-hyyman-renovation-services-wordpress-tema","status":"publish","type":"product","link":"https:\/\/gpl-love.com\/es\/producto\/boldman-hyyman-renovation-services-wordpress-tema\/","title":{"rendered":"Boldman Handyman Renovation Services WordPress Theme 4.1"},"content":{"rendered":"<h3>Boldman Handyman Renovation Services WordPress Theme Caracteristicas<\/h3>\n<p>Boldman Handyman Renovation Services WordPress El tema es una soluci\u00f3n digital altamente encomiable que ha sido especialmente dise\u00f1ada para satisfacer las necesidades de las compa\u00f1\u00edas de renovaci\u00f3n y los servicios de manitas. Este tema se caracteriza por su incre\u00edble facilidad de uso y su respuesta completa, lo que lo convierte en una elecci\u00f3n verdaderamente excepcional. Ofrece una mir\u00edada de opciones de personalizaci\u00f3n que lo capacitan para crear sin esfuerzo un sitio web que exuda profesionalismo. Adem\u00e1s, cuenta con una variedad diversa de plantillas de p\u00e1gina preconstruidas, incluidos servicios, proyectos, sobre nosotros y contacto, todos los cuales tienen el prop\u00f3sito de mostrar de manera efectiva sus servicios y trabajo. Adem\u00e1s de estas caracter\u00edsticas notables, el tema de WordPress de WordPress de Boldman Handyman Renovation tambi\u00e9n ofrece funcionalidades avanzadas, como el compositor visual y la revoluci\u00f3n del control deslizante, lo que le permite dise\u00f1ar dise\u00f1os y animaciones impresionantes sin esfuerzo. Adem\u00e1s, este tema es totalmente compatible con varios complementos, incluido el Formulario 7 de contacto inmensamente popular, WooCommerce y WPML, mejorando as\u00ed la funcionalidad general de su sitio web. Al optar por el tema de WordPress de WordPress de Boldman Handyman, se est\u00e1 equipando con las herramientas necesarias para crear un sitio web contempor\u00e1neo, visualmente atractivo y altamente funcional que mostrar\u00e1 efectivamente su negocio a una audiencia global.<\/p>\n<ul>\n<li>Dise\u00f1o f\u00e1cil de usar con un constructor de arrastre y ca\u00edda para crear dise\u00f1os de p\u00e1gina \u00fanicos<\/li>\n<li>Encabezado y pie de p\u00e1gina personalizable con m\u00faltiples estilos para elegir<\/li>\n<li>Calendario de citas incorporada para programar servicios y consultas de renovaci\u00f3n<\/li>\n<li>Tablas de precios integradas para exhibir paquetes y servicios ofrecidos<\/li>\n<li>Opciones de cartera para exhibir proyectos de renovaci\u00f3n completados<\/li>\n<li>Funci\u00f3n de blog para compartir consejos de renovaci\u00f3n y noticias de la industria<\/li>\n<li>M\u00faltiples plantillas de p\u00e1gina para una f\u00e1cil personalizaci\u00f3n<\/li>\n<li>Widgets personalizados para agregar funcionalidad y mejorar la experiencia del usuario<\/li>\n<li>Dise\u00f1o totalmente receptivo para una visualizaci\u00f3n \u00f3ptima en todos los dispositivos<\/li>\n<li>SEO optimizado y de carga r\u00e1pida para una mejor clasificaci\u00f3n de motores de b\u00fasqueda y experiencia del usuario.<\/li>\n<\/ul>\n","protected":false},"excerpt":{"rendered":"<p>Boldman Handyman Renovation Services WordPress El tema es un tema premium de WordPress, dise\u00f1ado espec\u00edficamente para empresas de servicios de mantenimiento, renovaci\u00f3n y mantenimiento. Este tema vers\u00e1til presenta un dise\u00f1o elegante que responde y es f\u00e1cil de navegar, asegurando que todos los clientes potenciales tengan una experiencia de navegaci\u00f3n suave y agradable. El tema de Boldman es amigable con SEO, prometiendo una mayor visibilidad para su negocio en l\u00ednea.<\/p>\n<p>Con Boldman, puede mostrar su experiencia y servicios de manera profesional y visualmente atractiva. El tema viene con una gran cantidad de opciones de personalizaci\u00f3n, lo que le permite adaptar el dise\u00f1o para que coincida con su imagen de marca. Las p\u00e1ginas y secciones predise\u00f1adas son perfectas para resaltar la variedad de servicios que ofrece, desde reparaciones simples hasta renovaciones complejas.<\/p>\n<p>El tema tambi\u00e9n incorpora un formulario de reserva altamente funcional, lo que facilita a los clientes solicitar sus servicios directamente desde el sitio web. Adem\u00e1s, es compatible con WooCommerce, lo que significa que puede vender sus herramientas o productos en l\u00ednea con poca molestia.<\/p>\n<p>Boldman Handyman Renovaci\u00f3n Servicios de WordPress El tema es una soluci\u00f3n confiable y f\u00e1cil de usar para<\/p>\n","protected":false},"featured_media":165500,"comment_status":"open","ping_status":"open","template":"","meta":[],"product_brand":[2337],"product_cat":[1307,1237,1238],"product_tag":[1391],"class_list":{"0":"post-112266","1":"product","2":"type-product","3":"status-publish","4":"has-post-thumbnail","6":"product_brand-themeforest","7":"product_cat-negocio-wordpress-temas","8":"product_cat-temas","9":"product_cat-wordpress-temas","10":"product_tag-themeforest","11":"member-discount","12":"discount-restricted","14":"first","15":"instock","16":"sale","17":"downloadable","18":"virtual","19":"sold-individually","20":"purchasable","21":"product-type-simple"},"_links":{"self":[{"href":"https:\/\/gpl-love.com\/es\/wp-json\/wp\/v2\/product\/112266","targetHints":{"allow":["GET"]}}],"collection":[{"href":"https:\/\/gpl-love.com\/es\/wp-json\/wp\/v2\/product"}],"about":[{"href":"https:\/\/gpl-love.com\/es\/wp-json\/wp\/v2\/types\/product"}],"replies":[{"embeddable":true,"href":"https:\/\/gpl-love.com\/es\/wp-json\/wp\/v2\/comments?post=112266"}],"wp:featuredmedia":[{"embeddable":true,"href":"https:\/\/gpl-love.com\/es\/wp-json\/wp\/v2\/media\/165500"}],"wp:attachment":[{"href":"https:\/\/gpl-love.com\/es\/wp-json\/wp\/v2\/media?parent=112266"}],"wp:term":[{"taxonomy":"product_brand","embeddable":true,"href":"https:\/\/gpl-love.com\/es\/wp-json\/wp\/v2\/product_brand?post=112266"},{"taxonomy":"product_cat","embeddable":true,"href":"https:\/\/gpl-love.com\/es\/wp-json\/wp\/v2\/product_cat?post=112266"},{"taxonomy":"product_tag","embeddable":true,"href":"https:\/\/gpl-love.com\/es\/wp-json\/wp\/v2\/product_tag?post=112266"}],"curies":[{"name":"wp","href":"https:\/\/api.w.org\/{rel}","templated":true}]}}