{"id":112264,"date":"2021-08-28T00:00:00","date_gmt":"2021-08-28T05:00:00","guid":{"rendered":"http:\/\/gpl-love.com\/es\/producto\/deva-30-lying-pages-wordpress-tema\/"},"modified":"2026-03-13T17:19:09","modified_gmt":"2026-03-13T22:19:09","slug":"deva-30-lying-pages-wordpress-tema","status":"publish","type":"product","link":"https:\/\/gpl-love.com\/es\/producto\/deva-30-lying-pages-wordpress-tema\/","title":{"rendered":"Deva Landing Pages WordPress Theme 1.1.1"},"content":{"rendered":"<h3>Deva Landing Pages WordPress Theme Caracteristicas<\/h3>\n<p>Las p\u00e1ginas de destino de Deva WordPress, el tema de WordPress, con sus extensas capacidades y adaptabilidad, sirve como un instrumento robusto y vers\u00e1til para la creaci\u00f3n de p\u00e1ginas de destino visualmente cautivadoras, p\u00e1ginas de ventas y p\u00e1ginas de generaci\u00f3n de leads que exhiben un nivel de conversi\u00f3n sin precedentes. A trav\u00e9s de su interfaz convenientemente navegable, modelos personalizables predise\u00f1ados y el constructor de p\u00e1ginas operable sin esfuerzo, las p\u00e1ginas de destino de Deva proporcionan una v\u00eda perfecta para el desarrollo de p\u00e1ginas de destino que poseen la capacidad de impulsar tr\u00e1fico sustancial, capturar clientes potenciales e inevitablemente amplificando las figuras de ventas. Independientemente de si uno es un ne\u00f3fito dentro del \u00e1mbito de WordPress o un experto experimentado, las p\u00e1ginas de destino deva ofrecen una variedad de funcionalidades y opciones avanzadas que aceleran el proceso de generaci\u00f3n de p\u00e1ginas que emanan profesionalismo y est\u00e1n meticulosamente optimizados para el pin\u00e1culo del rendimiento. Este tema abarca una variedad de caracter\u00edsticas indispensables, que van desde el dise\u00f1o de respuesta m\u00f3vil hasta la integraci\u00f3n perfecta con destacadas plataformas de marketing por correo electr\u00f3nico, personificando as\u00ed una soluci\u00f3n integral que proporciona todos los componentes necesarios necesarios para el establecimiento de p\u00e1ginas de destino que producen resultados tangibles. Por lo tanto, la pregunta que surge es: \u00bfpor qu\u00e9 demorarse? \u00a1Abrace hoy las capacidades extraordinarias de las p\u00e1ginas de destino deva WordPress, y comience la construcci\u00f3n de p\u00e1ginas de destino que est\u00e1n imbuidas del potencial para catapultar su negocio hacia el crecimiento exponencial!<\/p>\n<ul>\n<li>Un tema de WordPress profesional y moderno dise\u00f1ado espec\u00edficamente para p\u00e1ginas de destino<\/li>\n<li>Incluye m\u00e1s de 10 dise\u00f1os prebuilados diferentes para elegir<\/li>\n<li>Adecuado para una amplia gama de industrias y nichos, que incluyen tecnolog\u00eda, comercio electr\u00f3nico, finanzas y m\u00e1s<\/li>\n<li>Totalmente personalizable, lo que le permite adaptar el tema a sus necesidades y marca espec\u00edficas<\/li>\n<li>Construido en la \u00faltima versi\u00f3n de WordPress y optimizado para velocidades de carga r\u00e1pidas<\/li>\n<li>El dise\u00f1o receptivo garantiza que sus p\u00e1ginas de destino se vean muy bien en cualquier dispositivo, desde escritorios hasta tel\u00e9fonos m\u00f3viles<\/li>\n<li>Incluye una serie de funciones de generaci\u00f3n de leads, como formularios de contacto integrados y botones de llamada a la acci\u00f3n<\/li>\n<li>F\u00e1cil de usar e instalar, incluso para aquellos con experiencia t\u00e9cnica limitada.<\/li>\n<li>Viene con documentaci\u00f3n exhaustiva y actualizaciones y soporte regulares del desarrollador<\/li>\n<li>Compatible con complementos populares de WordPress como Yoast SEO, Forms de gravedad y WooCommerce.<\/li>\n<\/ul>\n","protected":false},"excerpt":{"rendered":"<p>Explore el mundo de los impresionantes dise\u00f1os con nuestras p\u00e1ginas de destino deva WordPress Tema. Este tema \u00fanico y rico en caracter\u00edsticas es perfecto para cualquiera que quiera crear p\u00e1ginas de destino atractivas y de alta conversi\u00f3n. Con su integraci\u00f3n perfecta con WordPress, el tema Deva ofrece una experiencia f\u00e1cil y f\u00e1cil de usar, incluso para principiantes.<\/p>\n<p>Las caracter\u00edsticas clave incluyen plantillas personalizables, constructores de p\u00e1ginas de arrastre y solta intuitivos, y un dise\u00f1o receptivo que garantiza que su p\u00e1gina de destino se vea impresionante en cualquier dispositivo. Aumente la visibilidad de su sitio con c\u00f3digo amigable para SEO y tiempos de carga r\u00e1pidos, ofreciendo una experiencia de usuario \u00f3ptima.<\/p>\n<p>Adem\u00e1s, el tema Deva es compatible con WooCommerce, lo que le permite transformar su p\u00e1gina de destino en una tienda en l\u00ednea completa si es necesario. Con actualizaciones constantes y atenci\u00f3n al cliente dedicada, el tema de WordPress de la deva de destino ofrece una opci\u00f3n confiable para las necesidades de su sitio web.<\/p>\n<p>Experimente los beneficios de una p\u00e1gina de destino profesional y llamativa que comunica efectivamente su mensaje, impulsa las conversiones y aumenta su presencia en l\u00ednea. Sumergirse en el tema deva, donde la funcionalidad se encuentra<\/p>\n","protected":false},"featured_media":165762,"comment_status":"open","ping_status":"open","template":"","meta":[],"product_brand":[2337],"product_cat":[1267,1237,1238],"product_tag":[1391],"class_list":{"0":"post-112264","1":"product","2":"type-product","3":"status-publish","4":"has-post-thumbnail","6":"product_brand-themeforest","7":"product_cat-creativo","8":"product_cat-temas","9":"product_cat-wordpress-temas","10":"product_tag-themeforest","11":"member-discount","12":"discount-restricted","14":"first","15":"instock","16":"sale","17":"downloadable","18":"virtual","19":"sold-individually","20":"purchasable","21":"product-type-simple"},"_links":{"self":[{"href":"https:\/\/gpl-love.com\/es\/wp-json\/wp\/v2\/product\/112264","targetHints":{"allow":["GET"]}}],"collection":[{"href":"https:\/\/gpl-love.com\/es\/wp-json\/wp\/v2\/product"}],"about":[{"href":"https:\/\/gpl-love.com\/es\/wp-json\/wp\/v2\/types\/product"}],"replies":[{"embeddable":true,"href":"https:\/\/gpl-love.com\/es\/wp-json\/wp\/v2\/comments?post=112264"}],"wp:featuredmedia":[{"embeddable":true,"href":"https:\/\/gpl-love.com\/es\/wp-json\/wp\/v2\/media\/165762"}],"wp:attachment":[{"href":"https:\/\/gpl-love.com\/es\/wp-json\/wp\/v2\/media?parent=112264"}],"wp:term":[{"taxonomy":"product_brand","embeddable":true,"href":"https:\/\/gpl-love.com\/es\/wp-json\/wp\/v2\/product_brand?post=112264"},{"taxonomy":"product_cat","embeddable":true,"href":"https:\/\/gpl-love.com\/es\/wp-json\/wp\/v2\/product_cat?post=112264"},{"taxonomy":"product_tag","embeddable":true,"href":"https:\/\/gpl-love.com\/es\/wp-json\/wp\/v2\/product_tag?post=112264"}],"curies":[{"name":"wp","href":"https:\/\/api.w.org\/{rel}","templated":true}]}}