{"id":112262,"date":"2021-04-07T00:00:00","date_gmt":"2021-04-07T05:00:00","guid":{"rendered":"http:\/\/gpl-love.com\/es\/producto\/solonick-personal-portfolio-wordpress-tema\/"},"modified":"2026-04-10T11:25:24","modified_gmt":"2026-04-10T16:25:24","slug":"solonick-personal-portfolio-wordpress-tema","status":"publish","type":"product","link":"https:\/\/gpl-love.com\/es\/producto\/solonick-personal-portfolio-wordpress-tema\/","title":{"rendered":"Solonick 4.2"},"content":{"rendered":"<h3>Solonick Caracteristicas<\/h3>\n<p>El tema de WordPress de la cartera personal de Solonick, con un dise\u00f1o elegante y refinado, ofrece una soluci\u00f3n \u00f3ptima para las personas que buscan mostrar su trabajo y experiencia en un sitio web visualmente cautivador y sofisticado. Este tema, caracterizado por su est\u00e9tica inmaculada y contempor\u00e1nea, otorga a los usuarios la capacidad de personalizar ampliamente su sitio, lo que lo convierte en una opci\u00f3n ideal tanto para novatos como para profesionales experimentados. Abarca una variedad diversa de p\u00e1ginas y elementos predise\u00f1ados, que abarca un blog, cartera y p\u00e1gina de contacto, facilitando la creaci\u00f3n de una presencia en l\u00ednea distintiva y hecha a medida. Adem\u00e1s, el tema abarca una gran cantidad de opciones de personalizaci\u00f3n, que incluyen m\u00faltiples esquemas de color, selecciones de fuentes y estilos de dise\u00f1o, asegurando la creaci\u00f3n de un sitio web que se alinea sin problemas con la identidad \u00fanica de su marca. Confiando en su elegante dise\u00f1o, capacidad de respuesta m\u00f3vil y capacidades de personalizaci\u00f3n f\u00e1cil de usar, el tema de WordPress de cartera personal de Solonick surge como una opci\u00f3n excepcional para las personas que buscan exhibir su trabajo y habilidades de manera pulida y de moda.<\/p>\n<ul>\n<li>Dise\u00f1o moderno y de alta calidad optimizado para exhibir sus proyectos personales y su trabajo<\/li>\n<li>Dise\u00f1o receptivo y amigable para m\u00f3viles que se adapta a diferentes tama\u00f1os y dispositivos de pantalla<\/li>\n<li>Panel de opciones de temas personalizables y f\u00e1ciles de usar para modificar y ajustar varias configuraciones y elementos<\/li>\n<li>M\u00faltiples secciones y p\u00e1ginas de contenido preconstruidas, que incluyen una p\u00e1gina de inicio, una p\u00e1gina de contacto, p\u00e1gina de contacto y m\u00e1s<\/li>\n<li>Funcionalidad de blog integrada para publicar art\u00edculos y actualizaciones relacionadas con su trabajo<\/li>\n<li>Integraci\u00f3n de redes sociales incorporadas para conectarse con su audiencia y promocionar sus proyectos en todas las plataformas<\/li>\n<li>Compatibilidad con complementos y herramientas populares de WordPress para extender y mejorar la funcionalidad del tema<\/li>\n<li>Optimizado para tiempos de carga de p\u00e1gina r\u00e1pidos y amigables con SEO para una mejor visibilidad y clasificaciones del motor de b\u00fasqueda<\/li>\n<li>Atenci\u00f3n al cliente y documentaci\u00f3n robusta para la resoluci\u00f3n de problemas y aprovechar al m\u00e1ximo el tema<\/li>\n<li>Actualizaciones regulares y correcciones de errores para garantizar que el tema se mantenga actualizado con las \u00faltimas tendencias de WordPress y Web.<\/li>\n<\/ul>\n","protected":false},"excerpt":{"rendered":"<p>El tema de WordPress de la cartera personal de Solonick, reconocido por su naturaleza impresionante y vers\u00e1til, ha sido dise\u00f1ado espec\u00edficamente para satisfacer las necesidades de creativos, freelancers y profesionales que buscan exhibir su trabajo de manera cautivadora. Con un dise\u00f1o pr\u00edstino y contempor\u00e1neo, una interfaz f\u00e1cil de usar que es intuitiva y perfecta, as\u00ed como una variedad de funcionalidades robustas, Solonick permite sin esfuerzo la creaci\u00f3n de una cartera que se distingue sin esfuerzo de la competencia. Independientemente de si se identifica como dise\u00f1ador, fot\u00f3grafo, escritor o cualquier otra profesi\u00f3n dentro del vasto reino de la experiencia creativa, Solonick ofrece un juego de herramientas que lo abarca todo que no solo mostrar\u00e1 efectivamente sus talentos, sino que tambi\u00e9n dejar\u00e1 una impresi\u00f3n duradera en los clientes potenciales . Adem\u00e1s, la capacidad de respuesta del tema y la capacidad de personalizar su dise\u00f1o lo convierten en la opci\u00f3n ideal para las personas que buscan establecer una presencia en l\u00ednea pulida y profesional.<\/p>\n","protected":false},"featured_media":167543,"comment_status":"open","ping_status":"open","template":"","meta":[],"product_brand":[2337],"product_cat":[1267,1237,1238],"product_tag":[1391],"class_list":{"0":"post-112262","1":"product","2":"type-product","3":"status-publish","4":"has-post-thumbnail","6":"product_brand-themeforest","7":"product_cat-creativo","8":"product_cat-temas","9":"product_cat-wordpress-temas","10":"product_tag-themeforest","11":"member-discount","12":"discount-restricted","14":"first","15":"instock","16":"sale","17":"downloadable","18":"virtual","19":"sold-individually","20":"purchasable","21":"product-type-simple"},"_links":{"self":[{"href":"https:\/\/gpl-love.com\/es\/wp-json\/wp\/v2\/product\/112262","targetHints":{"allow":["GET"]}}],"collection":[{"href":"https:\/\/gpl-love.com\/es\/wp-json\/wp\/v2\/product"}],"about":[{"href":"https:\/\/gpl-love.com\/es\/wp-json\/wp\/v2\/types\/product"}],"replies":[{"embeddable":true,"href":"https:\/\/gpl-love.com\/es\/wp-json\/wp\/v2\/comments?post=112262"}],"wp:featuredmedia":[{"embeddable":true,"href":"https:\/\/gpl-love.com\/es\/wp-json\/wp\/v2\/media\/167543"}],"wp:attachment":[{"href":"https:\/\/gpl-love.com\/es\/wp-json\/wp\/v2\/media?parent=112262"}],"wp:term":[{"taxonomy":"product_brand","embeddable":true,"href":"https:\/\/gpl-love.com\/es\/wp-json\/wp\/v2\/product_brand?post=112262"},{"taxonomy":"product_cat","embeddable":true,"href":"https:\/\/gpl-love.com\/es\/wp-json\/wp\/v2\/product_cat?post=112262"},{"taxonomy":"product_tag","embeddable":true,"href":"https:\/\/gpl-love.com\/es\/wp-json\/wp\/v2\/product_tag?post=112262"}],"curies":[{"name":"wp","href":"https:\/\/api.w.org\/{rel}","templated":true}]}}