{"id":112260,"date":"2021-07-11T00:00:00","date_gmt":"2021-07-11T05:00:00","guid":{"rendered":"http:\/\/gpl-love.com\/es\/producto\/subscribe-to-download-subscription-plugin-para-wordpress\/"},"modified":"2026-04-10T11:26:34","modified_gmt":"2026-04-10T16:26:34","slug":"subscribe-to-download-subscription-plugin-para-wordpress","status":"publish","type":"product","link":"https:\/\/gpl-love.com\/es\/producto\/subscribe-to-download-subscription-plugin-para-wordpress\/","title":{"rendered":"Subscribe to Download Subscription Plugin para WordPress 1.2.9"},"content":{"rendered":"<h3>Subscribe to Download Subscription Plugin para WordPress Caracteristicas<\/h3>\n<p>La suscripci\u00f3n para descargar el complemento de suscripci\u00f3n para WordPress se presenta como una herramienta excepcional para mejorar el n\u00famero de sus suscriptores de correo electr\u00f3nico, todo mientras ofrece contenido valioso a sus estimados visitantes. Al utilizar este complemento impresionante, tiene la capacidad de extender una variedad de opciones de contenido descargables, que van desde libros electr\u00f3nicos, informes, documentos blancos, aunque solo despu\u00e9s de que sus visitantes se han suscrito con \u00e9xito a su estimada lista de correo electr\u00f3nico. La integraci\u00f3n perfecta de este complemento con todos los servicios de marketing por correo electr\u00f3nico prevalecientes le permite monitorear sin esfuerzo el rendimiento de sus imanes principales. Por lo tanto, se despide del problema angustiante de las bajas tasas de conversi\u00f3n y adopta el advenimiento de una lista de correo electr\u00f3nico en expansi\u00f3n con el complemento de suscripci\u00f3n de suscripci\u00f3n para descargar el complemento de suscripci\u00f3n para WordPress.<\/p>\n<ul>\n<li>Proporciona funci\u00f3n de suscripci\u00f3n para permitir que los visitantes se suscriban f\u00e1cilmente a las descargas en su sitio de WordPress<\/li>\n<li>Instalaci\u00f3n f\u00e1cil y proceso de configuraci\u00f3n sin codificaci\u00f3n requerida<\/li>\n<li>Ofrece m\u00faltiples planes de suscripci\u00f3n para generar ingresos a partir de su contenido digital<\/li>\n<li>Admite varias pasarelas de pago, incluidas PayPal, Stripe y Authorize.net<\/li>\n<li>Le permite administrar suscriptores y sus planes desde el tablero de WordPress<\/li>\n<li>Le permite personalizar los formularios de suscripci\u00f3n y los correos electr\u00f3nicos para que coincidan con la marca de su sitio<\/li>\n<li>Proporciona informes detallados y an\u00e1lisis para rastrear el rendimiento de la suscripci\u00f3n<\/li>\n<li>Ofrece integraciones compatibles con complementos populares de membres\u00eda de WordPress<\/li>\n<li>Aumenta la participaci\u00f3n del usuario y construye una audiencia leal para los activos digitales de su sitio<\/li>\n<li>Proporciona atenci\u00f3n al cliente profesional y actualizaciones peri\u00f3dicas para una funcionalidad \u00f3ptima.<\/li>\n<\/ul>\n","protected":false},"excerpt":{"rendered":"<p>La suscripci\u00f3n para descargar el complemento de suscripci\u00f3n para WordPress es una soluci\u00f3n ideal para los propietarios de sitios web que buscan aumentar sus campa\u00f1as de marketing por correo electr\u00f3nico, brind\u00e1ndoles una excelente oportunidad para enriquecer su base de suscriptores de correo electr\u00f3nico. Al aprovechar este complemento, est\u00e1 facultado para otorgar contenido exclusivo para descargar exclusivamente a aquellas personas que optan por suscribirse a su lista de correo electr\u00f3nico. Este enfoque sin esfuerzo facilita enormemente la expansi\u00f3n de su base de suscriptores de correo electr\u00f3nico. Adem\u00e1s, este notable complemento ofrece la conveniencia de formularios y plantillas personalizables, lo que le permite adaptar sus ofertas de suscripci\u00f3n de acuerdo con su imagen de marca y p\u00fablico objetivo. Adem\u00e1s, se integra perfectamente con las famosas plataformas de marketing por correo electr\u00f3nico como MailChimp, Constant Contact y Campaign Monitor. Amplifique la efectividad de su estrategia de marketing por correo electr\u00f3nico aprovechando las tremendas capacidades de suscribirse para descargar el complemento de suscripci\u00f3n para WordPress.<\/p>\n","protected":false},"featured_media":167634,"comment_status":"open","ping_status":"open","template":"","meta":[],"product_brand":[2339],"product_cat":[1232,1206,1211],"product_tag":[1256],"class_list":{"0":"post-112260","1":"product","2":"type-product","3":"status-publish","4":"has-post-thumbnail","6":"product_brand-codecanyon","7":"product_cat-marketing-wordpress-plugins","8":"product_cat-plugins","9":"product_cat-wordpress-plugins","10":"product_tag-codecanyon","11":"member-discount","12":"discount-restricted","14":"first","15":"instock","16":"sale","17":"downloadable","18":"virtual","19":"sold-individually","20":"purchasable","21":"product-type-simple"},"_links":{"self":[{"href":"https:\/\/gpl-love.com\/es\/wp-json\/wp\/v2\/product\/112260","targetHints":{"allow":["GET"]}}],"collection":[{"href":"https:\/\/gpl-love.com\/es\/wp-json\/wp\/v2\/product"}],"about":[{"href":"https:\/\/gpl-love.com\/es\/wp-json\/wp\/v2\/types\/product"}],"replies":[{"embeddable":true,"href":"https:\/\/gpl-love.com\/es\/wp-json\/wp\/v2\/comments?post=112260"}],"wp:featuredmedia":[{"embeddable":true,"href":"https:\/\/gpl-love.com\/es\/wp-json\/wp\/v2\/media\/167634"}],"wp:attachment":[{"href":"https:\/\/gpl-love.com\/es\/wp-json\/wp\/v2\/media?parent=112260"}],"wp:term":[{"taxonomy":"product_brand","embeddable":true,"href":"https:\/\/gpl-love.com\/es\/wp-json\/wp\/v2\/product_brand?post=112260"},{"taxonomy":"product_cat","embeddable":true,"href":"https:\/\/gpl-love.com\/es\/wp-json\/wp\/v2\/product_cat?post=112260"},{"taxonomy":"product_tag","embeddable":true,"href":"https:\/\/gpl-love.com\/es\/wp-json\/wp\/v2\/product_tag?post=112260"}],"curies":[{"name":"wp","href":"https:\/\/api.w.org\/{rel}","templated":true}]}}